{"id":1466,"date":"2022-12-07T12:26:00","date_gmt":"2022-12-07T12:26:00","guid":{"rendered":"https:\/\/aetc.com.au\/migration-decision-appeals\/"},"modified":"2022-12-22T03:41:28","modified_gmt":"2022-12-22T03:41:28","slug":"migration-decision-appeals","status":"publish","type":"page","link":"https:\/\/aetc.com.au\/vi\/migration-decision-appeals\/","title":{"rendered":"Kh\u00e1ng C\u00e1o Quy\u1ebft \u0110\u1ecbnh Visa (AAT)"},"content":{"rendered":"\t\t<div data-elementor-type=\"wp-page\" data-elementor-id=\"1466\" class=\"elementor elementor-1466 elementor-642\">\n\t\t\t\t\t\t\t\t\t<section class=\"elementor-section elementor-top-section elementor-element elementor-element-7c94104 elementor-section-full_width elementor-section-height-default elementor-section-height-default\" data-id=\"7c94104\" data-element_type=\"section\">\n\t\t\t\t\t\t<div class=\"elementor-container elementor-column-gap-no\">\n\t\t\t\t\t<div class=\"elementor-column elementor-col-100 elementor-top-column elementor-element elementor-element-054ce47\" data-id=\"054ce47\" data-element_type=\"column\">\n\t\t\t<div class=\"elementor-widget-wrap elementor-element-populated\">\n\t\t\t\t\t\t\t\t<div class=\"elementor-element elementor-element-f61de71 elementor-widget elementor-widget-page-breadcrumbs\" data-id=\"f61de71\" data-element_type=\"widget\" data-widget_type=\"page-breadcrumbs.default\">\n\t\t\t\t<div class=\"elementor-widget-container\">\n\t\t\t\t\t\r\n\t\t<div class=\"sitepath clearfix\" style=\"background-image: url(https:\/\/aetc.com.au\/wp-content\/uploads\/2022\/12\/banner-Migration-Decision-Appeals.jpg)\" >\r\n\t  \t\t<div class=\"container clearfix\" style=\"max-width: 1350px;\">\r\n\t        <div class=\"wrapper-breacome\">\r\n\t          <div class=\"inner-bre\">\r\n\t      \t\t\t<div class=\"sitepath-l\">\r\n\t      \t\t\t\t<h1>\r\n\t      \t\t\t\t\t<span>\r\n\t      \t\t\t\t\t\t\r\n\t      \t\t\t\t\t\t\t\t\t\t      \t\t\t\tKh\u00e1ng C\u00e1o Quy\u1ebft \u0110\u1ecbnh Visa (AAT)\t\t\t\t      \t\t\t\t\r\n      \t\t\t\t\t\t<\/span>\r\n\t      \t\t\t\t<\/h1>\r\n\t      \t\t\t<\/div>\r\n\t      \t\t\t<div class=\"sitepath-r\">\r\n\t      \t\t\t\t\t      \t\t\t\t\t\t\t      \t\t\t\t<ul class=\"breadcrumbs\">\r\n\t\t      \t\t\t\t\t<li><a href=\"https:\/\/aetc.com.au\">Home<\/a><\/li>\r\n\t\t      \t\t\t\t\t<li class=\"current\">D\u1ecbch V\u1ee5<\/li>\r\n\t\t      \t\t\t\t\t<li class=\"current\">Kh\u00e1ng C\u00e1o Quy\u1ebft \u0110\u1ecbnh Visa (AAT)<\/li>\r\n\t\t      \t\t\t\t<\/ul>\r\n\t\t      \t\t\t\t\t\t      \t\t\t\t      \t\t\t<\/div>\r\n\t          <\/div>\r\n\t        <\/div>\r\n\t  \t\t<\/div>\r\n\t\t<\/div>\r\n\t\t\t\t<\/div>\n\t\t\t\t<\/div>\n\t\t\t\t\t<\/div>\n\t\t<\/div>\n\t\t\t\t\t\t\t<\/div>\n\t\t<\/section>\n\t\t\t\t<section class=\"elementor-section elementor-top-section elementor-element elementor-element-4c50ec0 elementor-section-content-middle elementor-section-boxed elementor-section-height-default elementor-section-height-default\" data-id=\"4c50ec0\" data-element_type=\"section\">\n\t\t\t\t\t\t<div class=\"elementor-container elementor-column-gap-extended\">\n\t\t\t\t\t<div class=\"elementor-column elementor-col-50 elementor-top-column elementor-element elementor-element-1a7687e\" data-id=\"1a7687e\" data-element_type=\"column\">\n\t\t\t<div class=\"elementor-widget-wrap elementor-element-populated\">\n\t\t\t\t\t\t\t\t<div class=\"elementor-element elementor-element-c28f1cb elementor-widget elementor-widget-image\" data-id=\"c28f1cb\" data-element_type=\"widget\" data-widget_type=\"image.default\">\n\t\t\t\t<div class=\"elementor-widget-container\">\n\t\t\t\t\t\t\t\t\t\t\t\t\t\t\t<img decoding=\"async\" width=\"1304\" height=\"1074\" src=\"https:\/\/aetc.com.au\/wp-content\/uploads\/2022\/12\/Migration-Decision-Appeals-2.jpg\" class=\"attachment-full size-full wp-image-1285\" alt=\"\" srcset=\"https:\/\/aetc.com.au\/wp-content\/uploads\/2022\/12\/Migration-Decision-Appeals-2.jpg 1304w, https:\/\/aetc.com.au\/wp-content\/uploads\/2022\/12\/Migration-Decision-Appeals-2-300x247.jpg 300w, https:\/\/aetc.com.au\/wp-content\/uploads\/2022\/12\/Migration-Decision-Appeals-2-1024x843.jpg 1024w, https:\/\/aetc.com.au\/wp-content\/uploads\/2022\/12\/Migration-Decision-Appeals-2-768x633.jpg 768w\" sizes=\"(max-width: 1304px) 100vw, 1304px\" \/>\t\t\t\t\t\t\t\t\t\t\t\t\t\t\t<\/div>\n\t\t\t\t<\/div>\n\t\t\t\t\t<\/div>\n\t\t<\/div>\n\t\t\t\t<div class=\"elementor-column elementor-col-50 elementor-top-column elementor-element elementor-element-4ac325a\" data-id=\"4ac325a\" data-element_type=\"column\">\n\t\t\t<div class=\"elementor-widget-wrap elementor-element-populated\">\n\t\t\t\t\t\t\t\t<div class=\"elementor-element elementor-element-2a42eee elementor-widget elementor-widget-heading\" data-id=\"2a42eee\" data-element_type=\"widget\" data-widget_type=\"heading.default\">\n\t\t\t\t<div class=\"elementor-widget-container\">\n\t\t\t<h2 class=\"elementor-heading-title elementor-size-default\">Kh\u00e1ng C\u00e1o Quy\u1ebft \u0110\u1ecbnh Visa (AAT)<\/h2>\t\t<\/div>\n\t\t\t\t<\/div>\n\t\t\t\t<div class=\"elementor-element elementor-element-b2a4858 mb0 text-link elementor-widget elementor-widget-text-editor\" data-id=\"b2a4858\" data-element_type=\"widget\" data-widget_type=\"text-editor.default\">\n\t\t\t\t<div class=\"elementor-widget-container\">\n\t\t\t\t\t\t\t<p>Khi \u0111\u01b0\u01a1ng \u0111\u01a1n b\u1ecb t\u1eeb ch\u1ed1i ho\u1eb7c h\u1ee7y visa, h\u1ea7u h\u1ebft th\u1eddi gian, h\u1ecd c\u00f3 quy\u1ec1n kh\u00e1ng c\u00e1o quy\u1ebft \u0111\u1ecbnh c\u1ee7a B\u1ed9 Di Tr\u00fa (DHA). T\u00f2a ph\u00fac th\u1ea9m h\u00e0nh ch\u00ednh (AAT) s\u1ebd x\u00e9t l\u1ea1i c\u00e1c s\u1ef1 ki\u1ec7n, lu\u1eadt ph\u00e1p v\u00e0 ch\u00ednh s\u00e1ch c\u00f3 li\u00ean quan \u0111\u1ec3 \u0111i \u0111\u1ebfn quy\u1ebft \u0111\u1ecbnh c\u1ee7a ri\u00eang h\u1ecd.<\/p><p>V\u1edbi AETC, ch\u00fang t\u00f4i c\u00f3 th\u1ec3 gi\u00fap \u0111\u00e1nh gi\u00e1 kh\u1ea3 n\u0103ng kh\u00e1ng c\u00e1o v\u00e0 h\u01b0\u1edbng d\u1eabn trong su\u1ed1t qu\u00e1 tr\u00ecnh v\u00e0 \u0111\u1ea1i di\u1ec7n cho b\u1ea1n t\u1ea1i T\u00f2a ph\u00fac th\u1ea9m h\u00e0nh ch\u00ednh AAT.<\/p><p>Vui l\u00f2ng <a href=\"https:\/\/aetc.com.au\/vi\/contact-us\/\"><strong>li\u00ean h\u1ec7 v\u1edbi ch\u00fang t\u00f4i<\/strong><\/a> \u0111\u1ec3 \u0111\u01b0\u1ee3c t\u01b0 v\u1ea5n.<\/p>\t\t\t\t\t\t<\/div>\n\t\t\t\t<\/div>\n\t\t\t\t\t<\/div>\n\t\t<\/div>\n\t\t\t\t\t\t\t<\/div>\n\t\t<\/section>\n\t\t\t\t<section class=\"elementor-section elementor-top-section elementor-element elementor-element-690b28c elementor-section-full_width elementor-section-height-default elementor-section-height-default\" data-id=\"690b28c\" data-element_type=\"section\">\n\t\t\t\t\t\t<div class=\"elementor-container elementor-column-gap-no\">\n\t\t\t\t\t<div class=\"elementor-column elementor-col-100 elementor-top-column elementor-element elementor-element-a0aebc1\" data-id=\"a0aebc1\" data-element_type=\"column\">\n\t\t\t<div class=\"elementor-widget-wrap elementor-element-populated\">\n\t\t\t\t\t\t\t\t<div class=\"elementor-element elementor-element-80ae494 elementor-widget elementor-widget-template\" data-id=\"80ae494\" data-element_type=\"widget\" data-widget_type=\"template.default\">\n\t\t\t\t<div class=\"elementor-widget-container\">\n\t\t\t\t\t<div class=\"elementor-template\">\n\t\t\t\t\t<div data-elementor-type=\"section\" data-elementor-id=\"1798\" class=\"elementor elementor-1798 elementor-662\">\n\t\t\t\t\t\t\t\t<section class=\"elementor-section elementor-top-section elementor-element elementor-element-1bdb8947 elementor-section-full_width elementor-section-height-default elementor-section-height-default\" data-id=\"1bdb8947\" data-element_type=\"section\" data-settings=\"{&quot;background_background&quot;:&quot;classic&quot;}\">\n\t\t\t\t\t\t<div class=\"elementor-container elementor-column-gap-no\">\n\t\t\t\t\t<div class=\"elementor-column elementor-col-50 elementor-top-column elementor-element elementor-element-5765b293\" data-id=\"5765b293\" data-element_type=\"column\">\n\t\t\t<div class=\"elementor-widget-wrap elementor-element-populated\">\n\t\t\t\t\t\t\t\t<section class=\"elementor-section elementor-inner-section elementor-element elementor-element-26e38998 inner-right elementor-section-boxed elementor-section-height-default elementor-section-height-default\" data-id=\"26e38998\" data-element_type=\"section\">\n\t\t\t\t\t\t<div class=\"elementor-container elementor-column-gap-extended\">\n\t\t\t\t\t<div class=\"elementor-column elementor-col-100 elementor-inner-column elementor-element elementor-element-765b8dd1\" data-id=\"765b8dd1\" data-element_type=\"column\">\n\t\t\t<div class=\"elementor-widget-wrap elementor-element-populated\">\n\t\t\t\t\t\t\t\t<div class=\"elementor-element elementor-element-7a3ed55 elementor-widget elementor-widget-heading\" data-id=\"7a3ed55\" data-element_type=\"widget\" data-widget_type=\"heading.default\">\n\t\t\t\t<div class=\"elementor-widget-container\">\n\t\t\t<h2 class=\"elementor-heading-title elementor-size-default\">get in touch with us<\/h2>\t\t<\/div>\n\t\t\t\t<\/div>\n\t\t\t\t<div class=\"elementor-element elementor-element-6ade06bb white-contact-form elementor-widget elementor-widget-text-editor\" data-id=\"6ade06bb\" data-element_type=\"widget\" data-widget_type=\"text-editor.default\">\n\t\t\t\t<div class=\"elementor-widget-container\">\n\t\t\t\t\t\t\t\n<div class=\"wpcf7 no-js\" id=\"wpcf7-f655-o1\" lang=\"en-US\" dir=\"ltr\">\n<div class=\"screen-reader-response\"><p role=\"status\" aria-live=\"polite\" aria-atomic=\"true\"><\/p> <ul><\/ul><\/div>\n<form action=\"\/vi\/wp-json\/wp\/v2\/pages\/1466#wpcf7-f655-o1\" method=\"post\" class=\"wpcf7-form init\" aria-label=\"Contact form\" novalidate=\"novalidate\" data-status=\"init\">\n<div style=\"display: none;\">\n<input type=\"hidden\" name=\"_wpcf7\" value=\"655\" \/>\n<input type=\"hidden\" name=\"_wpcf7_version\" value=\"5.7.5.1\" \/>\n<input type=\"hidden\" name=\"_wpcf7_locale\" value=\"en_US\" \/>\n<input type=\"hidden\" name=\"_wpcf7_unit_tag\" value=\"wpcf7-f655-o1\" \/>\n<input type=\"hidden\" name=\"_wpcf7_container_post\" value=\"0\" \/>\n<input type=\"hidden\" name=\"_wpcf7_posted_data_hash\" value=\"\" \/>\n<input type=\"hidden\" name=\"_wpcf7_recaptcha_response\" value=\"\" \/>\n<\/div>\n<div class=\"container-10\">\n\t<div class=\"row row-contact row-small row-contact-page\">\n\t\t<div class=\"col medium-6 large-6 small-12\">\n\t\t\t<p><label>Email\n\t\t\t\t\t<font style=\"color:#BF0102\">*\n\t\t\t\t\t<\/font><\/label><span class=\"wpcf7-form-control-wrap\" data-name=\"your-email\"><input size=\"40\" class=\"wpcf7-form-control wpcf7-text wpcf7-email wpcf7-validates-as-required wpcf7-validates-as-email\" aria-required=\"true\" aria-invalid=\"false\" placeholder=\"\" value=\"\" type=\"email\" name=\"your-email\" \/><\/span>\n\t\t\t<\/p>\n\t\t<\/div>\n\t\t<div class=\"col medium-6 large-6 small-12\">\n\t\t\t<p><label>Phone\n\t\t\t\t\t<font style=\"color:#BF0102\">*\n\t\t\t\t\t<\/font><\/label><span class=\"wpcf7-form-control-wrap\" data-name=\"your-phone\"><input size=\"40\" class=\"wpcf7-form-control wpcf7-text wpcf7-tel wpcf7-validates-as-required wpcf7-validates-as-tel\" aria-required=\"true\" aria-invalid=\"false\" placeholder=\"\" value=\"\" type=\"tel\" name=\"your-phone\" \/><\/span>\n\t\t\t<\/p>\n\t\t<\/div>\n\t\t<div class=\"col medium-12 large-12 small-12\">\n\t\t\t<p><label>Subject<\/label><span class=\"wpcf7-form-control-wrap\" data-name=\"your-subject\"><input size=\"40\" class=\"wpcf7-form-control wpcf7-text\" aria-invalid=\"false\" placeholder=\"\" value=\"\" type=\"text\" name=\"your-subject\" \/><\/span>\n\t\t\t<\/p>\n\t\t<\/div>\n\t\t<div class=\"col medium-12 large-12 small-12\">\n\t\t\t<p><label>How can we help you? Feel free to get in touch!<\/label><span class=\"wpcf7-form-control-wrap\" data-name=\"your-message\"><textarea cols=\"40\" rows=\"10\" class=\"wpcf7-form-control wpcf7-textarea\" aria-invalid=\"false\" placeholder=\"\" name=\"your-message\"><\/textarea><\/span>\n\t\t\t<\/p>\n\t\t<\/div>\n\t\t<div class=\"col medium-12 large-12 small-12\" style=\" margin-bottom: 15px; \">\n\t\t<span class=\"wpcf7-form-control-wrap recaptcha\" data-name=\"recaptcha\"><span data-sitekey=\"6LcmIi4jAAAAALRyBiTZKuQmujk-4UAed5ONvJpA\" class=\"wpcf7-form-control g-recaptcha wpcf7-recaptcha\"><\/span>\r\n<noscript>\r\n\t<div class=\"grecaptcha-noscript\">\r\n\t\t<iframe src=\"https:\/\/www.google.com\/recaptcha\/api\/fallback?k=6LcmIi4jAAAAALRyBiTZKuQmujk-4UAed5ONvJpA\" frameborder=\"0\" scrolling=\"no\" width=\"310\" height=\"430\">\r\n\t\t<\/iframe>\r\n\t\t<textarea name=\"g-recaptcha-response\" rows=\"3\" cols=\"40\" placeholder=\"reCaptcha Response Here\">\r\n\t\t<\/textarea>\r\n\t<\/div>\r\n<\/noscript>\r\n<\/span>\n\t\t<\/div>\n\t\t<div class=\"col medium-12 large-12 small-12 form-button style-white\">\n\t\t\t<p><span class=\"wrapper-btn-submit\"><input class=\"wpcf7-form-control has-spinner wpcf7-submit button\" type=\"submit\" value=\"Send Us\" \/><\/span>\n\t\t\t<\/p>\n\t\t<\/div>\n\t<\/div>\n<\/div><div class=\"wpcf7-response-output\" aria-hidden=\"true\"><\/div>\n<\/form>\n<\/div>\n\t\t\t\t\t\t<\/div>\n\t\t\t\t<\/div>\n\t\t\t\t\t<\/div>\n\t\t<\/div>\n\t\t\t\t\t\t\t<\/div>\n\t\t<\/section>\n\t\t\t\t\t<\/div>\n\t\t<\/div>\n\t\t\t\t<div class=\"elementor-column elementor-col-50 elementor-top-column elementor-element elementor-element-28f0e9a4\" data-id=\"28f0e9a4\" data-element_type=\"column\" data-settings=\"{&quot;background_background&quot;:&quot;classic&quot;}\">\n\t\t\t<div class=\"elementor-widget-wrap elementor-element-populated\">\n\t\t\t\t\t\t\t\t<div class=\"elementor-element elementor-element-4f386d0a elementor-hidden-desktop elementor-hidden-tablet elementor-widget elementor-widget-image\" data-id=\"4f386d0a\" data-element_type=\"widget\" data-widget_type=\"image.default\">\n\t\t\t\t<div class=\"elementor-widget-container\">\n\t\t\t\t\t\t\t\t\t\t\t\t\t\t\t<img decoding=\"async\" width=\"1000\" height=\"633\" src=\"https:\/\/aetc.com.au\/wp-content\/uploads\/2022\/12\/contact-service-image.jpg\" class=\"attachment-full size-full wp-image-1286\" alt=\"\" srcset=\"https:\/\/aetc.com.au\/wp-content\/uploads\/2022\/12\/contact-service-image.jpg 1000w, https:\/\/aetc.com.au\/wp-content\/uploads\/2022\/12\/contact-service-image-300x190.jpg 300w, https:\/\/aetc.com.au\/wp-content\/uploads\/2022\/12\/contact-service-image-768x486.jpg 768w\" sizes=\"(max-width: 1000px) 100vw, 1000px\" \/>\t\t\t\t\t\t\t\t\t\t\t\t\t\t\t<\/div>\n\t\t\t\t<\/div>\n\t\t\t\t\t<\/div>\n\t\t<\/div>\n\t\t\t\t\t\t\t<\/div>\n\t\t<\/section>\n\t\t\t\t\t\t<\/div>\n\t\t\t\t<\/div>\n\t\t\t\t<\/div>\n\t\t\t\t<\/div>\n\t\t\t\t\t<\/div>\n\t\t<\/div>\n\t\t\t\t\t\t\t<\/div>\n\t\t<\/section>\n\t\t\t\t\t\t\t<\/div>\n\t\t","protected":false},"excerpt":{"rendered":"<p>Kh\u00e1ng C\u00e1o Quy\u1ebft \u0110\u1ecbnh Visa (AAT) Home D\u1ecbch V\u1ee5 Kh\u00e1ng C\u00e1o Quy\u1ebft \u0110\u1ecbnh Visa (AAT) Kh\u00e1ng C\u00e1o Quy\u1ebft \u0110\u1ecbnh Visa (AAT) Khi \u0111\u01b0\u01a1ng \u0111\u01a1n b\u1ecb t\u1eeb ch\u1ed1i ho\u1eb7c h\u1ee7y visa, h\u1ea7u h\u1ebft th\u1eddi gian, h\u1ecd c\u00f3 quy\u1ec1n kh\u00e1ng c\u00e1o quy\u1ebft \u0111\u1ecbnh c\u1ee7a B\u1ed9 Di Tr\u00fa (DHA). T\u00f2a ph\u00fac th\u1ea9m h\u00e0nh ch\u00ednh (AAT) s\u1ebd x\u00e9t l\u1ea1i [&hellip;]<\/p>\n","protected":false},"author":1,"featured_media":0,"parent":0,"menu_order":22,"comment_status":"closed","ping_status":"closed","template":"elementor_header_footer","meta":{"footnotes":""},"class_list":["post-1466","page","type-page","status-publish","hentry"],"acf":[],"_links":{"self":[{"href":"https:\/\/aetc.com.au\/vi\/wp-json\/wp\/v2\/pages\/1466","targetHints":{"allow":["GET"]}}],"collection":[{"href":"https:\/\/aetc.com.au\/vi\/wp-json\/wp\/v2\/pages"}],"about":[{"href":"https:\/\/aetc.com.au\/vi\/wp-json\/wp\/v2\/types\/page"}],"author":[{"embeddable":true,"href":"https:\/\/aetc.com.au\/vi\/wp-json\/wp\/v2\/users\/1"}],"replies":[{"embeddable":true,"href":"https:\/\/aetc.com.au\/vi\/wp-json\/wp\/v2\/comments?post=1466"}],"version-history":[{"count":17,"href":"https:\/\/aetc.com.au\/vi\/wp-json\/wp\/v2\/pages\/1466\/revisions"}],"predecessor-version":[{"id":1715,"href":"https:\/\/aetc.com.au\/vi\/wp-json\/wp\/v2\/pages\/1466\/revisions\/1715"}],"wp:attachment":[{"href":"https:\/\/aetc.com.au\/vi\/wp-json\/wp\/v2\/media?parent=1466"}],"curies":[{"name":"wp","href":"https:\/\/api.w.org\/{rel}","templated":true}]}}