{"id":1462,"date":"2022-12-08T04:21:06","date_gmt":"2022-12-08T04:21:06","guid":{"rendered":"https:\/\/aetc.com.au\/migration\/visitor-visas\/"},"modified":"2023-01-31T12:11:34","modified_gmt":"2023-01-31T12:11:34","slug":"visitor-visas","status":"publish","type":"page","link":"https:\/\/aetc.com.au\/vi\/migration\/visitor-visas\/","title":{"rendered":"Visa du l\u1ecbch"},"content":{"rendered":"\t\t<div data-elementor-type=\"wp-page\" data-elementor-id=\"1462\" class=\"elementor elementor-1462 elementor-992\">\n\t\t\t\t\t\t\t\t\t<section class=\"elementor-section elementor-top-section elementor-element elementor-element-5c8913c elementor-section-full_width elementor-section-height-default elementor-section-height-default\" data-id=\"5c8913c\" data-element_type=\"section\">\n\t\t\t\t\t\t<div class=\"elementor-container elementor-column-gap-no\">\n\t\t\t\t\t<div class=\"elementor-column elementor-col-100 elementor-top-column elementor-element elementor-element-768ae5e\" data-id=\"768ae5e\" data-element_type=\"column\">\n\t\t\t<div class=\"elementor-widget-wrap elementor-element-populated\">\n\t\t\t\t\t\t\t\t<div class=\"elementor-element elementor-element-e16d779 elementor-widget elementor-widget-page-breadcrumbs\" data-id=\"e16d779\" data-element_type=\"widget\" data-widget_type=\"page-breadcrumbs.default\">\n\t\t\t\t<div class=\"elementor-widget-container\">\n\t\t\t\t\t\r\n\t\t<div class=\"sitepath clearfix\" style=\"background-image: url(https:\/\/aetc.com.au\/wp-content\/uploads\/2022\/12\/banner-Visitor-Visas.jpg)\" >\r\n\t  \t\t<div class=\"container clearfix\" style=\"max-width: 1350px;\">\r\n\t        <div class=\"wrapper-breacome\">\r\n\t          <div class=\"inner-bre\">\r\n\t      \t\t\t<div class=\"sitepath-l\">\r\n\t      \t\t\t\t<h1>\r\n\t      \t\t\t\t\t<span>\r\n\t      \t\t\t\t\t\t\r\n\t      \t\t\t\t\t\t\t\t\t\t      \t\t\t\tVisa du l\u1ecbch\t\t\t\t      \t\t\t\t\r\n      \t\t\t\t\t\t<\/span>\r\n\t      \t\t\t\t<\/h1>\r\n\t      \t\t\t<\/div>\r\n\t      \t\t\t<div class=\"sitepath-r\">\r\n\t      \t\t\t\t\t\t      \t\t\t\t<ul class=\"breadcrumbs\"><li><a href=\"https:\/\/aetc.com.au\/vi\/\">Home<\/a><\/li><li class=\"current\">Page<\/li><\/ul>\t\t      \t\t\t\t\r\n\t\t      \t\t\t\t      \t\t\t<\/div>\r\n\t          <\/div>\r\n\t        <\/div>\r\n\t  \t\t<\/div>\r\n\t\t<\/div>\r\n\t\t\t\t<\/div>\n\t\t\t\t<\/div>\n\t\t\t\t\t<\/div>\n\t\t<\/div>\n\t\t\t\t\t\t\t<\/div>\n\t\t<\/section>\n\t\t\t\t<section class=\"elementor-section elementor-top-section elementor-element elementor-element-470942c elementor-section-content-top elementor-section-boxed elementor-section-height-default elementor-section-height-default\" data-id=\"470942c\" data-element_type=\"section\">\n\t\t\t\t\t\t<div class=\"elementor-container elementor-column-gap-extended\">\n\t\t\t\t\t<div class=\"elementor-column elementor-col-50 elementor-top-column elementor-element elementor-element-86a7d00 col-partner-visas\" data-id=\"86a7d00\" data-element_type=\"column\">\n\t\t\t<div class=\"elementor-widget-wrap elementor-element-populated\">\n\t\t\t\t\t\t\t\t<div class=\"elementor-element elementor-element-aee980b page-dev mb0 elementor-widget elementor-widget-text-editor\" data-id=\"aee980b\" data-element_type=\"widget\" data-widget_type=\"text-editor.default\">\n\t\t\t\t<div class=\"elementor-widget-container\">\n\t\t\t\t\t\t\t<h3>Visa du l\u1ecbch<\/h3><p>Visa n\u00e0y cho ph\u00e9p b\u1ea1n du l\u1ecbch \u0111\u1ebfn \u00dac, th\u0103m gia \u0111\u00ecnh v\u00e0 b\u1ea1n b\u00e8, ho\u1eb7c cho c\u00e1c ho\u1ea1t \u0111\u1ed9ng kinh doanh ng\u1eafn h\u1ea1n.<\/p><h4>Visa du l\u1ecbch (visa 600)<\/h4><ul><li>B\u1ea1n c\u00f3 th\u1ec3 \u0111\u1ebfn \u00dac trong th\u1eddi gian \u0111\u1ebfn 12 th\u00e1ng.<\/li><li>B\u1ea1n ph\u1ea3i c\u00f3 m\u1ed9t \u00fd \u0111\u1ecbnh th\u1ef1c s\u1ef1 \u0111\u1ec3 \u0111\u1ebfn th\u0103m \u00dac nh\u01b0 m\u1ed9t kh\u00e1ch du l\u1ecbch ho\u1eb7c th\u0103m c\u00e1c th\u00e0nh vi\u00ean gia \u0111\u00ecnh.<\/li><li>B\u1ea1n ph\u1ea3i \u0111\u00e1p \u1ee9ng c\u00e1c y\u00eau c\u1ea7u v\u1ec1 s\u1ee9c kh\u1ecfe v\u00e0 \u0111\u01b0\u1ee3c y\u00eau c\u1ea7u ch\u1ee9ng minh \u0111\u1ee7 ti\u1ec1n trong su\u1ed1t chuy\u1ebfn th\u0103m \u00dac.<\/li><\/ul>\t\t\t\t\t\t<\/div>\n\t\t\t\t<\/div>\n\t\t\t\t<div class=\"elementor-element elementor-element-92ab33e page-dev mb0 elementor-widget elementor-widget-text-editor\" data-id=\"92ab33e\" data-element_type=\"widget\" data-widget_type=\"text-editor.default\">\n\t\t\t\t<div class=\"elementor-widget-container\">\n\t\t\t\t\t\t\t<h4>Visa l\u00e0m vi\u1ec7c v\u00e0 du l\u1ecbch (visa 462)<\/h4><p>Visa t\u1ea1m tr\u00fa n\u00e0y khuy\u1ebfn kh\u00edch s\u1ef1 trao \u0111\u1ed5i v\u0103n h\u00f3a v\u00e0 m\u1ed1i quan h\u1ec7 ch\u1eb7t ch\u1ebd h\u01a1n gi\u1eefa \u00dac v\u00e0 c\u00e1c n\u01b0\u1edbc \u0111\u1ed1i t\u00e1c \u0111\u1ee7 \u0111i\u1ec1u ki\u1ec7n.<\/p><ul><li>\u00a0D\u00e0nh cho nh\u1eefng ng\u01b0\u1eddi t\u1eeb 18 \u0111\u1ebfn 30 tu\u1ed5i, nh\u1eefng ng\u01b0\u1eddi mu\u1ed1n du l\u1ecbch v\u00e0 l\u00e0m vi\u1ec7c t\u1ea1i \u00dac trong t\u1ed1i \u0111a m\u1ed9t n\u0103m.<\/li><li>B\u1ea1n c\u00f3 th\u1ec3 h\u1ecdc t\u1ed1i \u0111a 4 th\u00e1ng.<\/li><li>B\u1ea1n ch\u1ec9 c\u00f3 th\u1ec3 l\u00e0m vi\u1ec7c trong s\u00e1u th\u00e1ng v\u1edbi m\u1ed9t ch\u1ee7 doanh nghi\u1ec7p.<\/li><li>N\u1ebfu b\u1ea1n l\u00e0m ba th\u00e1ng l\u00e0m vi\u1ec7c visa 462 \u0111\u01b0\u1ee3c \u0111\u1ec1 c\u1eed, b\u1ea1n c\u00f3 th\u1ec3 \u0111\u1ee7 \u0111i\u1ec1u ki\u1ec7n xin visa l\u00e0m vi\u1ec7c l\u1ea7n th\u1ee9 hai.<\/li><\/ul>\t\t\t\t\t\t<\/div>\n\t\t\t\t<\/div>\n\t\t\t\t<div class=\"elementor-element elementor-element-714fe2b page-dev mb0 elementor-widget elementor-widget-text-editor\" data-id=\"714fe2b\" data-element_type=\"widget\" data-widget_type=\"text-editor.default\">\n\t\t\t\t<div class=\"elementor-widget-container\">\n\t\t\t\t\t\t\t<h4>Visa l\u00e0m vi\u1ec7c k\u1ef3 ngh\u1ec9 (visa 417)<\/h4><p>Visa n\u00e0y cho ph\u00e9p nh\u1eefng ng\u01b0\u1eddi t\u1eeb 18 \u0111\u1ebfn 30 tu\u1ed5i c\u00f3 h\u1ed9 chi\u1ebfu t\u1eeb m\u1ed9t qu\u1ed1c gia \u0111\u1ee7 \u0111i\u1ec1u ki\u1ec7n ho\u1eb7c c\u00f4ng d\u00e2n Canada, Ph\u00e1p v\u00e0 Ireland t\u1eeb 18 \u0111\u1ebfn 35 tu\u1ed5i c\u00f3 th\u1ec3 du l\u1ecbch d\u00e0i h\u1ea1n l\u1ea7n \u0111\u1ea7u ti\u00ean v\u00e0 l\u00e0m vi\u1ec7c \u1edf \u00dac. Visa 417\u0111\u1ec3 gi\u00fap nh\u1eefng ng\u01b0\u1eddi tr\u1ebb c\u00f3 vi\u1ec7c l\u00e0m trong th\u1eddi gian du l\u1ecbch t\u1ea1i \u00dac.<\/p><ul><li>B\u1ea1n c\u00f3 th\u1ec3 \u0111i h\u1ecdc t\u1ed1i \u0111a 4 th\u00e1ng.<\/li><li>B\u1ea1n ch\u1ec9 c\u00f3 th\u1ec3 l\u00e0m vi\u1ec7c cho c\u00f9ng m\u1ed9t nh\u00e0 tuy\u1ec3n d\u1ee5ng trong s\u00e1u th\u00e1ng.<\/li><li>N\u1ebfu b\u1ea1n \u0111\u00e3 ho\u00e0n t\u1ea5t ba th\u00e1ng v\u1edbi m\u1ed9t vi\u1ec7c l\u00e0m c\u1ee5 th\u1ec3, b\u1ea1n c\u00f3 th\u1ec3 \u0111\u1ee7 \u0111i\u1ec1u ki\u1ec7n xin visa l\u00e0m vi\u1ec7c l\u1ea7n th\u1ee9 hai<\/li><\/ul>\t\t\t\t\t\t<\/div>\n\t\t\t\t<\/div>\n\t\t\t\t<div class=\"elementor-element elementor-element-532c9d8 mb0 elementor-widget elementor-widget-template\" data-id=\"532c9d8\" data-element_type=\"widget\" data-widget_type=\"template.default\">\n\t\t\t\t<div class=\"elementor-widget-container\">\n\t\t\t\t\t<div class=\"elementor-template\">\n\t\t\t\t\t<div data-elementor-type=\"section\" data-elementor-id=\"1617\" class=\"elementor elementor-1617 elementor-856\">\n\t\t\t\t\t\t\t\t<section class=\"elementor-section elementor-top-section elementor-element elementor-element-cb18861 elementor-section-boxed elementor-section-height-default elementor-section-height-default\" data-id=\"cb18861\" data-element_type=\"section\" data-settings=\"{&quot;background_background&quot;:&quot;classic&quot;}\">\n\t\t\t\t\t\t<div class=\"elementor-container elementor-column-gap-extended\">\n\t\t\t\t\t<div class=\"elementor-column elementor-col-100 elementor-top-column elementor-element elementor-element-2105528\" data-id=\"2105528\" data-element_type=\"column\">\n\t\t\t<div class=\"elementor-widget-wrap elementor-element-populated\">\n\t\t\t\t\t\t\t\t<div class=\"elementor-element elementor-element-02eba6d mb0 elementor-hidden-desktop elementor-hidden-tablet elementor-hidden-mobile elementor-widget elementor-widget-heading\" data-id=\"02eba6d\" data-element_type=\"widget\" data-widget_type=\"heading.default\">\n\t\t\t\t<div class=\"elementor-widget-container\">\n\t\t\t<h5 class=\"elementor-heading-title elementor-size-default\">Please complete an obligation free online assessment or book a consultation with our experienced migration agents.<\/h5>\t\t<\/div>\n\t\t\t\t<\/div>\n\t\t\t\t<div class=\"elementor-element elementor-element-5ee7280 elementor-align-center elementor-widget elementor-widget-button\" data-id=\"5ee7280\" data-element_type=\"widget\" data-widget_type=\"button.default\">\n\t\t\t\t<div class=\"elementor-widget-container\">\n\t\t\t\t\t<div class=\"elementor-button-wrapper\">\n\t\t\t<a href=\"https:\/\/aetc.com.au\/vi\/book-appointment\/\" class=\"elementor-button-link elementor-button elementor-size-md\" role=\"button\">\n\t\t\t\t\t\t<span class=\"elementor-button-content-wrapper\">\n\t\t\t\t\t\t<span class=\"elementor-button-text\">Free Online Assessment<\/span>\n\t\t<\/span>\n\t\t\t\t\t<\/a>\n\t\t<\/div>\n\t\t\t\t<\/div>\n\t\t\t\t<\/div>\n\t\t\t\t\t<\/div>\n\t\t<\/div>\n\t\t\t\t\t\t\t<\/div>\n\t\t<\/section>\n\t\t\t\t\t\t<\/div>\n\t\t\t\t<\/div>\n\t\t\t\t<\/div>\n\t\t\t\t<\/div>\n\t\t\t\t\t<\/div>\n\t\t<\/div>\n\t\t\t\t<div class=\"elementor-column elementor-col-50 elementor-top-column elementor-element elementor-element-c8e59ac\" data-id=\"c8e59ac\" data-element_type=\"column\">\n\t\t\t<div class=\"elementor-widget-wrap elementor-element-populated\">\n\t\t\t\t\t\t\t\t<section class=\"elementor-section elementor-inner-section elementor-element elementor-element-ca41acb elementor-section-boxed elementor-section-height-default elementor-section-height-default\" data-id=\"ca41acb\" data-element_type=\"section\">\n\t\t\t\t\t\t\t<div class=\"elementor-background-overlay\"><\/div>\n\t\t\t\t\t\t\t<div class=\"elementor-container elementor-column-gap-no\">\n\t\t\t\t\t<div class=\"elementor-column elementor-col-100 elementor-inner-column elementor-element elementor-element-bf54972\" data-id=\"bf54972\" data-element_type=\"column\">\n\t\t\t<div class=\"elementor-widget-wrap elementor-element-populated\">\n\t\t\t\t\t\t\t\t<div class=\"elementor-element elementor-element-0775cf7 mb0 elementor-widget elementor-widget-heading\" data-id=\"0775cf7\" data-element_type=\"widget\" data-widget_type=\"heading.default\">\n\t\t\t\t<div class=\"elementor-widget-container\">\n\t\t\t<h3 class=\"elementor-heading-title elementor-size-default\">Di Tr\u00fa<\/h3>\t\t<\/div>\n\t\t\t\t<\/div>\n\t\t\t\t<div class=\"elementor-element elementor-element-4eec24b elementor-nav-menu__align-left elementor-nav-menu--dropdown-none nav-arrow style1 elementor-widget elementor-widget-nav-menu\" data-id=\"4eec24b\" data-element_type=\"widget\" data-settings=\"{&quot;layout&quot;:&quot;vertical&quot;,&quot;submenu_icon&quot;:{&quot;value&quot;:&quot;&lt;i class=\\&quot;fas fa-caret-down\\&quot;&gt;&lt;\\\/i&gt;&quot;,&quot;library&quot;:&quot;fa-solid&quot;}}\" data-widget_type=\"nav-menu.default\">\n\t\t\t\t<div class=\"elementor-widget-container\">\n\t\t\t\t\t\t<nav class=\"elementor-nav-menu--main elementor-nav-menu__container elementor-nav-menu--layout-vertical e--pointer-none\">\n\t\t\t\t<ul id=\"menu-1-4eec24b\" class=\"elementor-nav-menu sm-vertical\"><li class=\"menu-item menu-item-type-post_type menu-item-object-page menu-item-2037\"><a href=\"https:\/\/aetc.com.au\/vi\/migration\/business-and-investor-visas\/\" class=\"elementor-item\">Visa Kinh Doanh v\u00e0 \u0110\u1ea7u T\u01b0<\/a><\/li>\n<li class=\"menu-item menu-item-type-post_type menu-item-object-page menu-item-2038\"><a href=\"https:\/\/aetc.com.au\/vi\/migration\/working-and-skilled-visas\/\" class=\"elementor-item\">Visa Di\u1ec7n Tay Ngh\u1ec1<\/a><\/li>\n<li class=\"menu-item menu-item-type-post_type menu-item-object-page menu-item-2039\"><a href=\"https:\/\/aetc.com.au\/vi\/migration\/parent-visas\/\" class=\"elementor-item\">Visa B\u1ea3o L\u00e3nh Cha M\u1eb9<\/a><\/li>\n<li class=\"menu-item menu-item-type-post_type menu-item-object-page menu-item-2040\"><a href=\"https:\/\/aetc.com.au\/vi\/migration\/partner-visas\/\" class=\"elementor-item\">Visa b\u1ea3o l\u00e3nh v\u1ee3 ch\u1ed3ng<\/a><\/li>\n<li class=\"menu-item menu-item-type-post_type menu-item-object-page menu-item-2041\"><a href=\"https:\/\/aetc.com.au\/vi\/migration\/visitor-visas\/\" class=\"elementor-item\">Visa du l\u1ecbch<\/a><\/li>\n<li class=\"menu-item menu-item-type-post_type menu-item-object-page menu-item-2042\"><a href=\"https:\/\/aetc.com.au\/vi\/migration\/student\/\" class=\"elementor-item\">Visa du h\u1ecdc<\/a><\/li>\n<\/ul>\t\t\t<\/nav>\n\t\t\t\t\t\t<nav class=\"elementor-nav-menu--dropdown elementor-nav-menu__container\" aria-hidden=\"true\">\n\t\t\t\t<ul id=\"menu-2-4eec24b\" class=\"elementor-nav-menu sm-vertical\"><li class=\"menu-item menu-item-type-post_type menu-item-object-page menu-item-2037\"><a href=\"https:\/\/aetc.com.au\/vi\/migration\/business-and-investor-visas\/\" class=\"elementor-item\" tabindex=\"-1\">Visa Kinh Doanh v\u00e0 \u0110\u1ea7u T\u01b0<\/a><\/li>\n<li class=\"menu-item menu-item-type-post_type menu-item-object-page menu-item-2038\"><a href=\"https:\/\/aetc.com.au\/vi\/migration\/working-and-skilled-visas\/\" class=\"elementor-item\" tabindex=\"-1\">Visa Di\u1ec7n Tay Ngh\u1ec1<\/a><\/li>\n<li class=\"menu-item menu-item-type-post_type menu-item-object-page menu-item-2039\"><a href=\"https:\/\/aetc.com.au\/vi\/migration\/parent-visas\/\" class=\"elementor-item\" tabindex=\"-1\">Visa B\u1ea3o L\u00e3nh Cha M\u1eb9<\/a><\/li>\n<li class=\"menu-item menu-item-type-post_type menu-item-object-page menu-item-2040\"><a href=\"https:\/\/aetc.com.au\/vi\/migration\/partner-visas\/\" class=\"elementor-item\" tabindex=\"-1\">Visa b\u1ea3o l\u00e3nh v\u1ee3 ch\u1ed3ng<\/a><\/li>\n<li class=\"menu-item menu-item-type-post_type menu-item-object-page menu-item-2041\"><a href=\"https:\/\/aetc.com.au\/vi\/migration\/visitor-visas\/\" class=\"elementor-item\" tabindex=\"-1\">Visa du l\u1ecbch<\/a><\/li>\n<li class=\"menu-item menu-item-type-post_type menu-item-object-page menu-item-2042\"><a href=\"https:\/\/aetc.com.au\/vi\/migration\/student\/\" class=\"elementor-item\" tabindex=\"-1\">Visa du h\u1ecdc<\/a><\/li>\n<\/ul>\t\t\t<\/nav>\n\t\t\t\t<\/div>\n\t\t\t\t<\/div>\n\t\t\t\t\t<\/div>\n\t\t<\/div>\n\t\t\t\t\t\t\t<\/div>\n\t\t<\/section>\n\t\t\t\t\t<\/div>\n\t\t<\/div>\n\t\t\t\t\t\t\t<\/div>\n\t\t<\/section>\n\t\t\t\t\t\t\t<\/div>\n\t\t","protected":false},"excerpt":{"rendered":"<p>Visa du l\u1ecbch Home Page Visa du l\u1ecbch Visa n\u00e0y cho ph\u00e9p b\u1ea1n du l\u1ecbch \u0111\u1ebfn \u00dac, th\u0103m gia \u0111\u00ecnh v\u00e0 b\u1ea1n b\u00e8, ho\u1eb7c cho c\u00e1c ho\u1ea1t \u0111\u1ed9ng kinh doanh ng\u1eafn h\u1ea1n. Visa du l\u1ecbch (visa 600) B\u1ea1n c\u00f3 th\u1ec3 \u0111\u1ebfn \u00dac trong th\u1eddi gian \u0111\u1ebfn 12 th\u00e1ng. B\u1ea1n ph\u1ea3i c\u00f3 m\u1ed9t \u00fd \u0111\u1ecbnh th\u1ef1c [&hellip;]<\/p>\n","protected":false},"author":1,"featured_media":0,"parent":1443,"menu_order":19,"comment_status":"closed","ping_status":"closed","template":"elementor_header_footer","meta":{"footnotes":""},"class_list":["post-1462","page","type-page","status-publish","hentry"],"acf":[],"_links":{"self":[{"href":"https:\/\/aetc.com.au\/vi\/wp-json\/wp\/v2\/pages\/1462","targetHints":{"allow":["GET"]}}],"collection":[{"href":"https:\/\/aetc.com.au\/vi\/wp-json\/wp\/v2\/pages"}],"about":[{"href":"https:\/\/aetc.com.au\/vi\/wp-json\/wp\/v2\/types\/page"}],"author":[{"embeddable":true,"href":"https:\/\/aetc.com.au\/vi\/wp-json\/wp\/v2\/users\/1"}],"replies":[{"embeddable":true,"href":"https:\/\/aetc.com.au\/vi\/wp-json\/wp\/v2\/comments?post=1462"}],"version-history":[{"count":11,"href":"https:\/\/aetc.com.au\/vi\/wp-json\/wp\/v2\/pages\/1462\/revisions"}],"predecessor-version":[{"id":2049,"href":"https:\/\/aetc.com.au\/vi\/wp-json\/wp\/v2\/pages\/1462\/revisions\/2049"}],"up":[{"embeddable":true,"href":"https:\/\/aetc.com.au\/vi\/wp-json\/wp\/v2\/pages\/1443"}],"wp:attachment":[{"href":"https:\/\/aetc.com.au\/vi\/wp-json\/wp\/v2\/media?parent=1462"}],"curies":[{"name":"wp","href":"https:\/\/api.w.org\/{rel}","templated":true}]}}