{"id":1460,"date":"2022-12-08T04:13:49","date_gmt":"2022-12-08T04:13:49","guid":{"rendered":"https:\/\/aetc.com.au\/migration\/student\/"},"modified":"2023-01-31T12:10:55","modified_gmt":"2023-01-31T12:10:55","slug":"student","status":"publish","type":"page","link":"https:\/\/aetc.com.au\/vi\/migration\/student\/","title":{"rendered":"Visa du h\u1ecdc"},"content":{"rendered":"\t\t<div data-elementor-type=\"wp-page\" data-elementor-id=\"1460\" class=\"elementor elementor-1460 elementor-986\">\n\t\t\t\t\t\t\t\t\t<section class=\"elementor-section elementor-top-section elementor-element elementor-element-5c8913c elementor-section-full_width elementor-section-height-default elementor-section-height-default\" data-id=\"5c8913c\" data-element_type=\"section\">\n\t\t\t\t\t\t<div class=\"elementor-container elementor-column-gap-no\">\n\t\t\t\t\t<div class=\"elementor-column elementor-col-100 elementor-top-column elementor-element elementor-element-768ae5e\" data-id=\"768ae5e\" data-element_type=\"column\">\n\t\t\t<div class=\"elementor-widget-wrap elementor-element-populated\">\n\t\t\t\t\t\t\t\t<div class=\"elementor-element elementor-element-e16d779 elementor-widget elementor-widget-page-breadcrumbs\" data-id=\"e16d779\" data-element_type=\"widget\" data-widget_type=\"page-breadcrumbs.default\">\n\t\t\t\t<div class=\"elementor-widget-container\">\n\t\t\t\t\t\r\n\t\t<div class=\"sitepath clearfix\" style=\"background-image: url(https:\/\/aetc.com.au\/wp-content\/uploads\/2022\/12\/Student-Visas.jpg)\" >\r\n\t  \t\t<div class=\"container clearfix\" style=\"max-width: 1350px;\">\r\n\t        <div class=\"wrapper-breacome\">\r\n\t          <div class=\"inner-bre\">\r\n\t      \t\t\t<div class=\"sitepath-l\">\r\n\t      \t\t\t\t<h1>\r\n\t      \t\t\t\t\t<span>\r\n\t      \t\t\t\t\t\t\r\n\t      \t\t\t\t\t\t\t\t\t\t      \t\t\t\tVisa du h\u1ecdc\t\t\t\t      \t\t\t\t\r\n      \t\t\t\t\t\t<\/span>\r\n\t      \t\t\t\t<\/h1>\r\n\t      \t\t\t<\/div>\r\n\t      \t\t\t<div class=\"sitepath-r\">\r\n\t      \t\t\t\t\t\t      \t\t\t\t<ul class=\"breadcrumbs\"><li><a href=\"https:\/\/aetc.com.au\/vi\/\">Home<\/a><\/li><li class=\"current\">Page<\/li><\/ul>\t\t      \t\t\t\t\r\n\t\t      \t\t\t\t      \t\t\t<\/div>\r\n\t          <\/div>\r\n\t        <\/div>\r\n\t  \t\t<\/div>\r\n\t\t<\/div>\r\n\t\t\t\t<\/div>\n\t\t\t\t<\/div>\n\t\t\t\t\t<\/div>\n\t\t<\/div>\n\t\t\t\t\t\t\t<\/div>\n\t\t<\/section>\n\t\t\t\t<section class=\"elementor-section elementor-top-section elementor-element elementor-element-470942c elementor-section-content-top elementor-section-boxed elementor-section-height-default elementor-section-height-default\" data-id=\"470942c\" data-element_type=\"section\">\n\t\t\t\t\t\t<div class=\"elementor-container elementor-column-gap-extended\">\n\t\t\t\t\t<div class=\"elementor-column elementor-col-50 elementor-top-column elementor-element elementor-element-86a7d00 col-partner-visas\" data-id=\"86a7d00\" data-element_type=\"column\">\n\t\t\t<div class=\"elementor-widget-wrap elementor-element-populated\">\n\t\t\t\t\t\t\t\t<div class=\"elementor-element elementor-element-aee980b page-dev mb0 elementor-widget elementor-widget-text-editor\" data-id=\"aee980b\" data-element_type=\"widget\" data-widget_type=\"text-editor.default\">\n\t\t\t\t<div class=\"elementor-widget-container\">\n\t\t\t\t\t\t\t<h3>Visa du h\u1ecdc<\/h3><h4>Visa du h\u1ecdc (visa 500)<\/h4><p>Visa t\u1ea1m tr\u00fa n\u00e0y d\u00e0nh cho nh\u1eefng sinh vi\u00ean mu\u1ed1n \u0111\u1ebfn \u00dac \u0111\u1ec3 h\u1ecdc t\u1ea1i m\u1ed9t vi\u1ec7n CRICOS. H\u1ecdc sinh ph\u1ea3i \u0111\u00e1p \u1ee9ng nh\u1eefng \u0111i\u1ec1u sau \u0111\u00e2y:<\/p><ul><li>Y\u00eau c\u1ea7u \u0111\u00e1nh gi\u00e1 ho\u00e0n c\u1ea3nh c\u00e1 nh\u00e2n c\u1ee7a h\u1ecdc sinh \u0111\u1ed1i v\u1edbi \u00fd \u0111\u1ecbnh h\u1ecdc t\u1eadp th\u1ef1c s\u1ef1 v\u00e0 t\u1ea1m tr\u00fa t\u1ea1i \u00dac.<\/li><li>K\u1ef9 n\u0103ng ti\u1ebfng Anh th\u00e0nh th\u1ea1o (proficient) ho\u1eb7c b\u1eb1ng ch\u1ee9ng \u0111\u00e3 ghi danh m\u1ed9t kh\u00f3a h\u1ecdc ti\u1ebfng Anh ELICOS.<\/li><li>Y\u00eau c\u1ea7u n\u0103ng l\u1ef1c t\u00e0i ch\u00ednh bao g\u1ed3m ph\u00ed kh\u00f3a h\u1ecdc, chi ph\u00ed \u0111i l\u1ea1i v\u00e0 sinh ho\u1ea1t cho sinh vi\u00ean ho\u1eb7c c\u00e1c th\u00e0nh vi\u00ean gia \u0111\u00ecnh \u0111i c\u00f9ng khi h\u1ecdc t\u1eadp t\u1ea1i \u00dac.<\/li><li>B\u1ea3o hi\u1ec3m y t\u1ebf sinh vi\u00ean n\u01b0\u1edbc ngo\u00e0i (OSHC) cho b\u1ea3o hi\u1ec3m y t\u1ebf v\u00e0 b\u1ec7nh vi\u1ec7n.<\/li><\/ul>\t\t\t\t\t\t<\/div>\n\t\t\t\t<\/div>\n\t\t\t\t<div class=\"elementor-element elementor-element-92ab33e page-dev mb0 elementor-widget elementor-widget-text-editor\" data-id=\"92ab33e\" data-element_type=\"widget\" data-widget_type=\"text-editor.default\">\n\t\t\t\t<div class=\"elementor-widget-container\">\n\t\t\t\t\t\t\t<h4>Visa Ph\u1ee5 Huynh (visa 590)<\/h4><p>Visa n\u00e0y cho ph\u00e9p ng\u01b0\u1eddi gi\u00e1m h\u1ed9 c\u1ee7a m\u1ed9t du h\u1ecdc sinh d\u01b0\u1edbi 18 tu\u1ed5i \u1edf l\u1ea1i trong khi sinh vi\u00ean \u0111ang h\u1ecdc t\u1eadp t\u1ea1i \u00dac t\u1ea1m th\u1eddi. Ng\u01b0\u1eddi gi\u00e1m h\u1ed9 c\u00f3 th\u1ec3 h\u1ecdc ti\u1ebfng Anh t\u1ed1i \u0111a 20 gi\u1edd m\u1ed7i tu\u1ea7n ho\u1eb7c m\u1ed9t kh\u00f3a h\u1ecdc l\u00ean \u0111\u1ebfn ba th\u00e1ng. Ng\u01b0\u1eddi gi\u00e1m h\u1ed9 kh\u00f4ng \u0111\u01b0\u1ee3c ph\u00e9p l\u00e0m vi\u1ec7c theo visa n\u00e0y.<\/p>\t\t\t\t\t\t<\/div>\n\t\t\t\t<\/div>\n\t\t\t\t<div class=\"elementor-element elementor-element-532c9d8 mb0 elementor-widget elementor-widget-template\" data-id=\"532c9d8\" data-element_type=\"widget\" data-widget_type=\"template.default\">\n\t\t\t\t<div class=\"elementor-widget-container\">\n\t\t\t\t\t<div class=\"elementor-template\">\n\t\t\t\t\t<div data-elementor-type=\"section\" data-elementor-id=\"1617\" class=\"elementor elementor-1617 elementor-856\">\n\t\t\t\t\t\t\t\t<section class=\"elementor-section elementor-top-section elementor-element elementor-element-cb18861 elementor-section-boxed elementor-section-height-default elementor-section-height-default\" data-id=\"cb18861\" data-element_type=\"section\" data-settings=\"{&quot;background_background&quot;:&quot;classic&quot;}\">\n\t\t\t\t\t\t<div class=\"elementor-container elementor-column-gap-extended\">\n\t\t\t\t\t<div class=\"elementor-column elementor-col-100 elementor-top-column elementor-element elementor-element-2105528\" data-id=\"2105528\" data-element_type=\"column\">\n\t\t\t<div class=\"elementor-widget-wrap elementor-element-populated\">\n\t\t\t\t\t\t\t\t<div class=\"elementor-element elementor-element-02eba6d mb0 elementor-hidden-desktop elementor-hidden-tablet elementor-hidden-mobile elementor-widget elementor-widget-heading\" data-id=\"02eba6d\" data-element_type=\"widget\" data-widget_type=\"heading.default\">\n\t\t\t\t<div class=\"elementor-widget-container\">\n\t\t\t<h5 class=\"elementor-heading-title elementor-size-default\">Please complete an obligation free online assessment or book a consultation with our experienced migration agents.<\/h5>\t\t<\/div>\n\t\t\t\t<\/div>\n\t\t\t\t<div class=\"elementor-element elementor-element-5ee7280 elementor-align-center elementor-widget elementor-widget-button\" data-id=\"5ee7280\" data-element_type=\"widget\" data-widget_type=\"button.default\">\n\t\t\t\t<div class=\"elementor-widget-container\">\n\t\t\t\t\t<div class=\"elementor-button-wrapper\">\n\t\t\t<a href=\"https:\/\/aetc.com.au\/vi\/book-appointment\/\" class=\"elementor-button-link elementor-button elementor-size-md\" role=\"button\">\n\t\t\t\t\t\t<span class=\"elementor-button-content-wrapper\">\n\t\t\t\t\t\t<span class=\"elementor-button-text\">Free Online Assessment<\/span>\n\t\t<\/span>\n\t\t\t\t\t<\/a>\n\t\t<\/div>\n\t\t\t\t<\/div>\n\t\t\t\t<\/div>\n\t\t\t\t\t<\/div>\n\t\t<\/div>\n\t\t\t\t\t\t\t<\/div>\n\t\t<\/section>\n\t\t\t\t\t\t<\/div>\n\t\t\t\t<\/div>\n\t\t\t\t<\/div>\n\t\t\t\t<\/div>\n\t\t\t\t\t<\/div>\n\t\t<\/div>\n\t\t\t\t<div class=\"elementor-column elementor-col-50 elementor-top-column elementor-element elementor-element-c8e59ac\" data-id=\"c8e59ac\" data-element_type=\"column\">\n\t\t\t<div class=\"elementor-widget-wrap elementor-element-populated\">\n\t\t\t\t\t\t\t\t<section class=\"elementor-section elementor-inner-section elementor-element elementor-element-ca41acb elementor-section-boxed elementor-section-height-default elementor-section-height-default\" data-id=\"ca41acb\" data-element_type=\"section\">\n\t\t\t\t\t\t\t<div class=\"elementor-background-overlay\"><\/div>\n\t\t\t\t\t\t\t<div class=\"elementor-container elementor-column-gap-no\">\n\t\t\t\t\t<div class=\"elementor-column elementor-col-100 elementor-inner-column elementor-element elementor-element-bf54972\" data-id=\"bf54972\" data-element_type=\"column\">\n\t\t\t<div class=\"elementor-widget-wrap elementor-element-populated\">\n\t\t\t\t\t\t\t\t<div class=\"elementor-element elementor-element-0775cf7 mb0 elementor-widget elementor-widget-heading\" data-id=\"0775cf7\" data-element_type=\"widget\" data-widget_type=\"heading.default\">\n\t\t\t\t<div class=\"elementor-widget-container\">\n\t\t\t<h3 class=\"elementor-heading-title elementor-size-default\">Di Tr\u00fa<\/h3>\t\t<\/div>\n\t\t\t\t<\/div>\n\t\t\t\t<div class=\"elementor-element elementor-element-4eec24b elementor-nav-menu__align-left elementor-nav-menu--dropdown-none nav-arrow style1 elementor-widget elementor-widget-nav-menu\" data-id=\"4eec24b\" data-element_type=\"widget\" data-settings=\"{&quot;layout&quot;:&quot;vertical&quot;,&quot;submenu_icon&quot;:{&quot;value&quot;:&quot;&lt;i class=\\&quot;fas fa-caret-down\\&quot;&gt;&lt;\\\/i&gt;&quot;,&quot;library&quot;:&quot;fa-solid&quot;}}\" data-widget_type=\"nav-menu.default\">\n\t\t\t\t<div class=\"elementor-widget-container\">\n\t\t\t\t\t\t<nav class=\"elementor-nav-menu--main elementor-nav-menu__container elementor-nav-menu--layout-vertical e--pointer-none\">\n\t\t\t\t<ul id=\"menu-1-4eec24b\" class=\"elementor-nav-menu sm-vertical\"><li class=\"menu-item menu-item-type-post_type menu-item-object-page menu-item-2037\"><a href=\"https:\/\/aetc.com.au\/vi\/migration\/business-and-investor-visas\/\" class=\"elementor-item\">Visa Kinh Doanh v\u00e0 \u0110\u1ea7u T\u01b0<\/a><\/li>\n<li class=\"menu-item menu-item-type-post_type menu-item-object-page menu-item-2038\"><a href=\"https:\/\/aetc.com.au\/vi\/migration\/working-and-skilled-visas\/\" class=\"elementor-item\">Visa Di\u1ec7n Tay Ngh\u1ec1<\/a><\/li>\n<li class=\"menu-item menu-item-type-post_type menu-item-object-page menu-item-2039\"><a href=\"https:\/\/aetc.com.au\/vi\/migration\/parent-visas\/\" class=\"elementor-item\">Visa B\u1ea3o L\u00e3nh Cha M\u1eb9<\/a><\/li>\n<li class=\"menu-item menu-item-type-post_type menu-item-object-page menu-item-2040\"><a href=\"https:\/\/aetc.com.au\/vi\/migration\/partner-visas\/\" class=\"elementor-item\">Visa b\u1ea3o l\u00e3nh v\u1ee3 ch\u1ed3ng<\/a><\/li>\n<li class=\"menu-item menu-item-type-post_type menu-item-object-page menu-item-2041\"><a href=\"https:\/\/aetc.com.au\/vi\/migration\/visitor-visas\/\" class=\"elementor-item\">Visa du l\u1ecbch<\/a><\/li>\n<li class=\"menu-item menu-item-type-post_type menu-item-object-page menu-item-2042\"><a href=\"https:\/\/aetc.com.au\/vi\/migration\/student\/\" class=\"elementor-item\">Visa du h\u1ecdc<\/a><\/li>\n<\/ul>\t\t\t<\/nav>\n\t\t\t\t\t\t<nav class=\"elementor-nav-menu--dropdown elementor-nav-menu__container\" aria-hidden=\"true\">\n\t\t\t\t<ul id=\"menu-2-4eec24b\" class=\"elementor-nav-menu sm-vertical\"><li class=\"menu-item menu-item-type-post_type menu-item-object-page menu-item-2037\"><a href=\"https:\/\/aetc.com.au\/vi\/migration\/business-and-investor-visas\/\" class=\"elementor-item\" tabindex=\"-1\">Visa Kinh Doanh v\u00e0 \u0110\u1ea7u T\u01b0<\/a><\/li>\n<li class=\"menu-item menu-item-type-post_type menu-item-object-page menu-item-2038\"><a href=\"https:\/\/aetc.com.au\/vi\/migration\/working-and-skilled-visas\/\" class=\"elementor-item\" tabindex=\"-1\">Visa Di\u1ec7n Tay Ngh\u1ec1<\/a><\/li>\n<li class=\"menu-item menu-item-type-post_type menu-item-object-page menu-item-2039\"><a href=\"https:\/\/aetc.com.au\/vi\/migration\/parent-visas\/\" class=\"elementor-item\" tabindex=\"-1\">Visa B\u1ea3o L\u00e3nh Cha M\u1eb9<\/a><\/li>\n<li class=\"menu-item menu-item-type-post_type menu-item-object-page menu-item-2040\"><a href=\"https:\/\/aetc.com.au\/vi\/migration\/partner-visas\/\" class=\"elementor-item\" tabindex=\"-1\">Visa b\u1ea3o l\u00e3nh v\u1ee3 ch\u1ed3ng<\/a><\/li>\n<li class=\"menu-item menu-item-type-post_type menu-item-object-page menu-item-2041\"><a href=\"https:\/\/aetc.com.au\/vi\/migration\/visitor-visas\/\" class=\"elementor-item\" tabindex=\"-1\">Visa du l\u1ecbch<\/a><\/li>\n<li class=\"menu-item menu-item-type-post_type menu-item-object-page menu-item-2042\"><a href=\"https:\/\/aetc.com.au\/vi\/migration\/student\/\" class=\"elementor-item\" tabindex=\"-1\">Visa du h\u1ecdc<\/a><\/li>\n<\/ul>\t\t\t<\/nav>\n\t\t\t\t<\/div>\n\t\t\t\t<\/div>\n\t\t\t\t\t<\/div>\n\t\t<\/div>\n\t\t\t\t\t\t\t<\/div>\n\t\t<\/section>\n\t\t\t\t\t<\/div>\n\t\t<\/div>\n\t\t\t\t\t\t\t<\/div>\n\t\t<\/section>\n\t\t\t\t\t\t\t<\/div>\n\t\t","protected":false},"excerpt":{"rendered":"<p>Visa du h\u1ecdc Home Page Visa du h\u1ecdc Visa du h\u1ecdc (visa 500) Visa t\u1ea1m tr\u00fa n\u00e0y d\u00e0nh cho nh\u1eefng sinh vi\u00ean mu\u1ed1n \u0111\u1ebfn \u00dac \u0111\u1ec3 h\u1ecdc t\u1ea1i m\u1ed9t vi\u1ec7n CRICOS. H\u1ecdc sinh ph\u1ea3i \u0111\u00e1p \u1ee9ng nh\u1eefng \u0111i\u1ec1u sau \u0111\u00e2y: Y\u00eau c\u1ea7u \u0111\u00e1nh gi\u00e1 ho\u00e0n c\u1ea3nh c\u00e1 nh\u00e2n c\u1ee7a h\u1ecdc sinh \u0111\u1ed1i v\u1edbi \u00fd \u0111\u1ecbnh [&hellip;]<\/p>\n","protected":false},"author":1,"featured_media":0,"parent":1443,"menu_order":18,"comment_status":"closed","ping_status":"closed","template":"elementor_header_footer","meta":{"footnotes":""},"class_list":["post-1460","page","type-page","status-publish","hentry"],"acf":[],"_links":{"self":[{"href":"https:\/\/aetc.com.au\/vi\/wp-json\/wp\/v2\/pages\/1460","targetHints":{"allow":["GET"]}}],"collection":[{"href":"https:\/\/aetc.com.au\/vi\/wp-json\/wp\/v2\/pages"}],"about":[{"href":"https:\/\/aetc.com.au\/vi\/wp-json\/wp\/v2\/types\/page"}],"author":[{"embeddable":true,"href":"https:\/\/aetc.com.au\/vi\/wp-json\/wp\/v2\/users\/1"}],"replies":[{"embeddable":true,"href":"https:\/\/aetc.com.au\/vi\/wp-json\/wp\/v2\/comments?post=1460"}],"version-history":[{"count":11,"href":"https:\/\/aetc.com.au\/vi\/wp-json\/wp\/v2\/pages\/1460\/revisions"}],"predecessor-version":[{"id":2046,"href":"https:\/\/aetc.com.au\/vi\/wp-json\/wp\/v2\/pages\/1460\/revisions\/2046"}],"up":[{"embeddable":true,"href":"https:\/\/aetc.com.au\/vi\/wp-json\/wp\/v2\/pages\/1443"}],"wp:attachment":[{"href":"https:\/\/aetc.com.au\/vi\/wp-json\/wp\/v2\/media?parent=1460"}],"curies":[{"name":"wp","href":"https:\/\/api.w.org\/{rel}","templated":true}]}}