{"id":1458,"date":"2022-12-08T04:04:59","date_gmt":"2022-12-08T04:04:59","guid":{"rendered":"https:\/\/aetc.com.au\/migration\/partner-visas\/"},"modified":"2023-01-31T12:11:52","modified_gmt":"2023-01-31T12:11:52","slug":"partner-visas","status":"publish","type":"page","link":"https:\/\/aetc.com.au\/vi\/migration\/partner-visas\/","title":{"rendered":"Visa b\u1ea3o l\u00e3nh v\u1ee3 ch\u1ed3ng"},"content":{"rendered":"\t\t<div data-elementor-type=\"wp-page\" data-elementor-id=\"1458\" class=\"elementor elementor-1458 elementor-978\">\n\t\t\t\t\t\t\t\t\t<section class=\"elementor-section elementor-top-section elementor-element elementor-element-5c8913c elementor-section-full_width elementor-section-height-default elementor-section-height-default\" data-id=\"5c8913c\" data-element_type=\"section\">\n\t\t\t\t\t\t<div class=\"elementor-container elementor-column-gap-no\">\n\t\t\t\t\t<div class=\"elementor-column elementor-col-100 elementor-top-column elementor-element elementor-element-768ae5e\" data-id=\"768ae5e\" data-element_type=\"column\">\n\t\t\t<div class=\"elementor-widget-wrap elementor-element-populated\">\n\t\t\t\t\t\t\t\t<div class=\"elementor-element elementor-element-e16d779 elementor-widget elementor-widget-page-breadcrumbs\" data-id=\"e16d779\" data-element_type=\"widget\" data-widget_type=\"page-breadcrumbs.default\">\n\t\t\t\t<div class=\"elementor-widget-container\">\n\t\t\t\t\t\r\n\t\t<div class=\"sitepath clearfix\" style=\"background-image: url(https:\/\/aetc.com.au\/wp-content\/uploads\/2022\/12\/banner-Partner-Visas.jpg)\" >\r\n\t  \t\t<div class=\"container clearfix\" style=\"max-width: 1350px;\">\r\n\t        <div class=\"wrapper-breacome\">\r\n\t          <div class=\"inner-bre\">\r\n\t      \t\t\t<div class=\"sitepath-l\">\r\n\t      \t\t\t\t<h1>\r\n\t      \t\t\t\t\t<span>\r\n\t      \t\t\t\t\t\t\r\n\t      \t\t\t\t\t\t\t\t\t\t      \t\t\t\tVisa b\u1ea3o l\u00e3nh v\u1ee3 ch\u1ed3ng\t\t\t\t      \t\t\t\t\r\n      \t\t\t\t\t\t<\/span>\r\n\t      \t\t\t\t<\/h1>\r\n\t      \t\t\t<\/div>\r\n\t      \t\t\t<div class=\"sitepath-r\">\r\n\t      \t\t\t\t\t\t      \t\t\t\t<ul class=\"breadcrumbs\"><li><a href=\"https:\/\/aetc.com.au\/vi\/\">Home<\/a><\/li><li class=\"current\">Page<\/li><\/ul>\t\t      \t\t\t\t\r\n\t\t      \t\t\t\t      \t\t\t<\/div>\r\n\t          <\/div>\r\n\t        <\/div>\r\n\t  \t\t<\/div>\r\n\t\t<\/div>\r\n\t\t\t\t<\/div>\n\t\t\t\t<\/div>\n\t\t\t\t\t<\/div>\n\t\t<\/div>\n\t\t\t\t\t\t\t<\/div>\n\t\t<\/section>\n\t\t\t\t<section class=\"elementor-section elementor-top-section elementor-element elementor-element-470942c elementor-section-content-top elementor-section-boxed elementor-section-height-default elementor-section-height-default\" data-id=\"470942c\" data-element_type=\"section\">\n\t\t\t\t\t\t<div class=\"elementor-container elementor-column-gap-extended\">\n\t\t\t\t\t<div class=\"elementor-column elementor-col-50 elementor-top-column elementor-element elementor-element-86a7d00 col-partner-visas\" data-id=\"86a7d00\" data-element_type=\"column\">\n\t\t\t<div class=\"elementor-widget-wrap elementor-element-populated\">\n\t\t\t\t\t\t\t\t<div class=\"elementor-element elementor-element-aee980b page-dev mb0 elementor-widget elementor-widget-text-editor\" data-id=\"aee980b\" data-element_type=\"widget\" data-widget_type=\"text-editor.default\">\n\t\t\t\t<div class=\"elementor-widget-container\">\n\t\t\t\t\t\t\t<h3>Visa b\u1ea3o l\u00e3nh v\u1ee3 ch\u1ed3ng<\/h3><p>N\u1ebfu b\u1ea1n \u0111ang c\u00f3 m\u1ed1i quan h\u1ec7 v\u1ee3 ch\u1ed3ng v\u1edbi m\u1ed9t c\u00f4ng d\u00e2n \u00dac, th\u01b0\u1eddng tr\u00fa \u00dac ho\u1eb7c c\u00f4ng d\u00e2n New Zealand \u0111\u1ee7 \u0111i\u1ec1u ki\u1ec7n, b\u1ea1n c\u00f3 th\u1ec3 b\u1ea3o l\u00e3nh ng\u01b0\u1eddi ph\u1ed1i ng\u1eabu c\u1ee7a b\u1ea1n. B\u1ea1n v\u00e0 ng\u01b0\u1eddi ph\u1ed1i ng\u1eabu ph\u1ea3i \u0111ang c\u00f3 m\u1ed9t m\u1ed1i quan h\u1ec7 (de facto) ho\u1eb7c \u0111\u00e3 k\u1ebft h\u00f4n.<\/p><h4>Visa \u0110\u00ednh H\u00f4n (t\u1ea1m tr\u00fa) (visa 300)<\/h4><p>Visa t\u1ea1m tr\u00fa n\u00e0y cho ph\u00e9p m\u1ed9t v\u1ecb h\u00f4n phu ho\u1eb7c h\u00f4n th\u00ea \u0111\u1ebfn \u00dac \u0111\u1ec3 k\u1ebft h\u00f4n v\u1edbi m\u1ed9t c\u00f4ng d\u00e2n \u00dac, th\u01b0\u1eddng tr\u00fa nh\u00e2n \u00dac ho\u1eb7c m\u1ed9t c\u00f4ng d\u00e2n New Zealand \u0111\u1ee7 \u0111i\u1ec1u ki\u1ec7n.<\/p><h5>Ng\u01b0\u1eddi b\u1ea3o l\u00e3nh v\u00e0 \u0111\u01b0\u01a1ng \u0111\u01a1n ph\u1ea3i:<\/h5><ul><li>\u00a0\u00cdt nh\u1ea5t 18 tu\u1ed5i<\/li><li>\u0110\u00e3 g\u1eb7p g\u1ee1 ho\u1eb7c bi\u1ebft nhau<\/li><li>N\u1ed9p \u0111\u01a1n ngo\u00e0i n\u01b0\u1edbc \u00dac<\/li><li>Ph\u1ea3i k\u1ebft h\u00f4n v\u1edbi h\u00f4n phu ho\u1eb7c h\u00f4n th\u00ea trong v\u00f2ng ch\u00edn \u0111\u1ebfn 15 th\u00e1ng k\u1ec3 t\u1eeb khi visa \u0111\u01b0\u1ee3c c\u1ea5p<\/li><li>Cam k\u1ebft c\u00f3 m\u1ed9t m\u1ed1i quan h\u1ec7 th\u1eadt v\u00e0 li\u00ean t\u1ee5c<\/li><li>N\u1ed9p \u0111\u01a1n xin visa b\u1ea3o l\u00e3nh v\u1ee3 ch\u1ed3ng (visa 820 v\u00e0 801) tr\u01b0\u1edbc khi visa 300 h\u1ebft h\u1ea1n<\/li><\/ul><h5>Ng\u01b0\u1eddi c\u00f3 visa c\u00f3 th\u1ec3:<\/h5><ul><li>\u00a0S\u1ed1ng, l\u00e0m vi\u1ec7c v\u00e0 h\u1ecdc t\u1eadp t\u1ea1i \u00dac trong kho\u1ea3ng t\u1eeb 9 \u0111\u1ebfn 15 th\u00e1ng<\/li><li>Du l\u1ecbch trong v\u00e0 ngo\u00e0i n\u01b0\u1edbc \u00dac<\/li><\/ul>\t\t\t\t\t\t<\/div>\n\t\t\t\t<\/div>\n\t\t\t\t<div class=\"elementor-element elementor-element-92ab33e page-dev mb0 elementor-widget elementor-widget-text-editor\" data-id=\"92ab33e\" data-element_type=\"widget\" data-widget_type=\"text-editor.default\">\n\t\t\t\t<div class=\"elementor-widget-container\">\n\t\t\t\t\t\t\t<h4>Visa B\u1ea3o L\u00e3nh V\u1ee3 Ch\u1ed3ng (visa 820 v\u00e0 801)<\/h4><p><strong>Visa b\u1ea3o l\u00e3nh v\u1ee3 ch\u1ed3ng (t\u1ea1m tr\u00fa)<\/strong> (visa 820) cho ph\u00e9p ng\u01b0\u1eddi ph\u1ed1i ng\u1eabu ho\u1eb7c v\u1ee3 \/ ch\u1ed3ng c\u1ee7a m\u1ed9t c\u00f4ng d\u00e2n \u00dac, th\u01b0\u1eddng tr\u00fa nh\u00e2n \u00dac ho\u1eb7c c\u00f4ng d\u00e2n New Zealand \u0111\u1ee7 \u0111i\u1ec1u ki\u1ec7n s\u1ed1ng t\u1ea1m tr\u00fa t\u1ea1i \u00dac cho \u0111\u1ebfn khi \u0111\u01b0\u1ee3c c\u1ea5p<strong> visa b\u1ea3o l\u00e3nh v\u1ee3 ch\u1ed3ng (Th\u01b0\u1eddng tr\u00fa) (visa 801)<\/strong>. M\u1ed9t khi visa b\u1ea3o l\u00e3nh v\u1ee3 ch\u1ed3ng <strong>(Th\u01b0\u1eddng tr\u00fa)<\/strong> \u0111\u01b0\u1ee3c c\u1ea5p, \u0111\u01b0\u01a1ng \u0111\u01a1n s\u1ebd \u0111\u01b0\u1ee3c s\u1ed1ng th\u01b0\u1eddng tr\u00fa t\u1ea1i \u00dac.<\/p><h5>Ng\u01b0\u1eddi b\u1ea3o l\u00e3nh v\u00e0 \u0111\u01b0\u01a1ng \u0111\u01a1n ph\u1ea3i:<\/h5><ul><li>L\u00e0 ng\u01b0\u1eddi ph\u1ed1i ng\u1eabu ho\u1eb7c v\u1ee3 ch\u1ed3ng kh\u00f4ng h\u00f4n th\u00fa c\u1ee7a c\u00f4ng d\u00e2n \u00dac, th\u01b0\u1eddng tr\u00fa nh\u00e2n \u00dac ho\u1eb7c c\u00f4ng d\u00e2n New Zealand \u0111\u1ee7 \u0111i\u1ec1u ki\u1ec7n<\/li><li>C\u00f3 m\u1ed9t m\u1ed1i quan h\u1ec7 th\u1eadt v\u00e0 li\u00ean t\u1ee5c<\/li><li>\u1ede \u00dac khi b\u1ea1n n\u1ed9p \u0111\u01a1n<\/li><\/ul><h5>Ng\u01b0\u1eddi c\u00f3 visa c\u00f3 th\u1ec3:<\/h5><ul><li>\u00a0S\u1ed1ng, l\u00e0m vi\u1ec7c v\u00e0 h\u1ecdc t\u1eadp t\u1ea1i \u00dac cho \u0111\u1ebfn khi visa b\u1ea3o l\u00e3nh v\u1ee3 ch\u1ed3ng th\u01b0\u1eddng tr\u00fa (Th\u01b0\u1eddng tr\u00fa) (visa 801) \u0111\u01b0\u1ee3c c\u1ea5p<\/li><li>Du l\u1ecbch trong v\u00e0 ngo\u00e0i n\u01b0\u1edbc \u00dac<\/li><li>Tham d\u1ef1 t\u1ed1i \u0111a 510 gi\u1edd h\u1ecdc ti\u1ebfng Anh mi\u1ec5n ph\u00ed<\/li><\/ul>\t\t\t\t\t\t<\/div>\n\t\t\t\t<\/div>\n\t\t\t\t<div class=\"elementor-element elementor-element-b478842 page-dev mb0 elementor-widget elementor-widget-text-editor\" data-id=\"b478842\" data-element_type=\"widget\" data-widget_type=\"text-editor.default\">\n\t\t\t\t<div class=\"elementor-widget-container\">\n\t\t\t\t\t\t\t<h4>Visa B\u1ea3o L\u00e3nh V\u1ee3 Ch\u1ed3ng (visa 309 v\u00e0 100)<\/h4><p><strong>Visa b\u1ea3o l\u00e3nh v\u1ee3 ch\u1ed3ng (t\u1ea1m tr\u00fa) (visa 309)<\/strong> cho ph\u00e9p v\u1ee3 ch\u1ed3ng kh\u00f4ng h\u00f4n th\u00fa ho\u1eb7c v\u1ee3 \/ ch\u1ed3ng c\u1ee7a m\u1ed9t c\u00f4ng d\u00e2n \u00dac, th\u01b0\u1eddng tr\u00fa nh\u00e2n \u00dac ho\u1eb7c c\u00f4ng d\u00e2n New Zealand \u0111\u1ee7 \u0111i\u1ec1u ki\u1ec7n s\u1ed1ng t\u1ea1m tr\u00fa t\u1ea1i \u00dac cho \u0111\u1ebfn khi <strong>visa b\u1ea3o l\u00e3nh v\u1ee3 ch\u1ed3ng (Th\u01b0\u1eddng tr\u00fa) (visa 100)<\/strong> \u0111\u01b0\u1ee3c c\u1ea5p. M\u1ed9t khi visa b\u1ea3o l\u00e3nh v\u1ee3 ch\u1ed3ng <strong>(Th\u01b0\u1eddng tr\u00fa)<\/strong> \u0111\u01b0\u1ee3c c\u1ea5p, \u0111\u01b0\u01a1ng \u0111\u01a1n s\u1ebd \u0111\u01b0\u1ee3c s\u1ed1ng th\u01b0\u1eddng tr\u00fa t\u1ea1i \u00dac.<\/p><h5>Ng\u01b0\u1eddi b\u1ea3o l\u00e3nh v\u00e0 \u0111\u01b0\u01a1ng \u0111\u01a1n ph\u1ea3i:<\/h5><ul><li>L\u00e0 ng\u01b0\u1eddi ph\u1ed1i ng\u1eabu ho\u1eb7c v\u1ee3 ch\u1ed3ng kh\u00f4ng h\u00f4n th\u00fa c\u1ee7a c\u00f4ng d\u00e2n \u00dac, th\u01b0\u1eddng tr\u00fa nh\u00e2n \u00dac ho\u1eb7c c\u00f4ng d\u00e2n New Zealand \u0111\u1ee7 \u0111i\u1ec1u ki\u1ec7n<\/li><li>C\u00f3 m\u1ed9t m\u1ed1i quan h\u1ec7 th\u1eadt v\u00e0 li\u00ean t\u1ee5c<\/li><li>\u1ede ngo\u00e0i n\u01b0\u1edbc \u00dac khi n\u1ed9p \u0111\u01a1n<\/li><\/ul><h5>Ng\u01b0\u1eddi c\u00f3 visa c\u00f3 th\u1ec3:<\/h5><ul><li>\u00a0S\u1ed1ng, l\u00e0m vi\u1ec7c v\u00e0 h\u1ecdc t\u1eadp t\u1ea1i \u00dac cho \u0111\u1ebfn khi visa b\u1ea3o l\u00e3nh v\u1ee3 ch\u1ed3ng th\u01b0\u1eddng tr\u00fa (visa 100) \u0111\u01b0\u1ee3c quy\u1ebft \u0111\u1ecbnh<\/li><li>Du l\u1ecbch trong v\u00e0 ngo\u00e0i n\u01b0\u1edbc \u00dac<\/li><li>Tham d\u1ef1 t\u1ed1i \u0111a 510 gi\u1edd h\u1ecdc ti\u1ebfng Anh mi\u1ec5n ph\u00ed<\/li><\/ul>\t\t\t\t\t\t<\/div>\n\t\t\t\t<\/div>\n\t\t\t\t<div class=\"elementor-element elementor-element-532c9d8 mb0 elementor-widget elementor-widget-template\" data-id=\"532c9d8\" data-element_type=\"widget\" data-widget_type=\"template.default\">\n\t\t\t\t<div class=\"elementor-widget-container\">\n\t\t\t\t\t<div class=\"elementor-template\">\n\t\t\t\t\t<div data-elementor-type=\"section\" data-elementor-id=\"1617\" class=\"elementor elementor-1617 elementor-856\">\n\t\t\t\t\t\t\t\t<section class=\"elementor-section elementor-top-section elementor-element elementor-element-cb18861 elementor-section-boxed elementor-section-height-default elementor-section-height-default\" data-id=\"cb18861\" data-element_type=\"section\" data-settings=\"{&quot;background_background&quot;:&quot;classic&quot;}\">\n\t\t\t\t\t\t<div class=\"elementor-container elementor-column-gap-extended\">\n\t\t\t\t\t<div class=\"elementor-column elementor-col-100 elementor-top-column elementor-element elementor-element-2105528\" data-id=\"2105528\" data-element_type=\"column\">\n\t\t\t<div class=\"elementor-widget-wrap elementor-element-populated\">\n\t\t\t\t\t\t\t\t<div class=\"elementor-element elementor-element-02eba6d mb0 elementor-hidden-desktop elementor-hidden-tablet elementor-hidden-mobile elementor-widget elementor-widget-heading\" data-id=\"02eba6d\" data-element_type=\"widget\" data-widget_type=\"heading.default\">\n\t\t\t\t<div class=\"elementor-widget-container\">\n\t\t\t<h5 class=\"elementor-heading-title elementor-size-default\">Please complete an obligation free online assessment or book a consultation with our experienced migration agents.<\/h5>\t\t<\/div>\n\t\t\t\t<\/div>\n\t\t\t\t<div class=\"elementor-element elementor-element-5ee7280 elementor-align-center elementor-widget elementor-widget-button\" data-id=\"5ee7280\" data-element_type=\"widget\" data-widget_type=\"button.default\">\n\t\t\t\t<div class=\"elementor-widget-container\">\n\t\t\t\t\t<div class=\"elementor-button-wrapper\">\n\t\t\t<a href=\"https:\/\/aetc.com.au\/vi\/book-appointment\/\" class=\"elementor-button-link elementor-button elementor-size-md\" role=\"button\">\n\t\t\t\t\t\t<span class=\"elementor-button-content-wrapper\">\n\t\t\t\t\t\t<span class=\"elementor-button-text\">Free Online Assessment<\/span>\n\t\t<\/span>\n\t\t\t\t\t<\/a>\n\t\t<\/div>\n\t\t\t\t<\/div>\n\t\t\t\t<\/div>\n\t\t\t\t\t<\/div>\n\t\t<\/div>\n\t\t\t\t\t\t\t<\/div>\n\t\t<\/section>\n\t\t\t\t\t\t<\/div>\n\t\t\t\t<\/div>\n\t\t\t\t<\/div>\n\t\t\t\t<\/div>\n\t\t\t\t\t<\/div>\n\t\t<\/div>\n\t\t\t\t<div class=\"elementor-column elementor-col-50 elementor-top-column elementor-element elementor-element-c8e59ac\" data-id=\"c8e59ac\" data-element_type=\"column\">\n\t\t\t<div class=\"elementor-widget-wrap elementor-element-populated\">\n\t\t\t\t\t\t\t\t<section class=\"elementor-section elementor-inner-section elementor-element elementor-element-ca41acb elementor-section-boxed elementor-section-height-default elementor-section-height-default\" data-id=\"ca41acb\" data-element_type=\"section\">\n\t\t\t\t\t\t\t<div class=\"elementor-background-overlay\"><\/div>\n\t\t\t\t\t\t\t<div class=\"elementor-container elementor-column-gap-no\">\n\t\t\t\t\t<div class=\"elementor-column elementor-col-100 elementor-inner-column elementor-element elementor-element-bf54972\" data-id=\"bf54972\" data-element_type=\"column\">\n\t\t\t<div class=\"elementor-widget-wrap elementor-element-populated\">\n\t\t\t\t\t\t\t\t<div class=\"elementor-element elementor-element-0775cf7 mb0 elementor-widget elementor-widget-heading\" data-id=\"0775cf7\" data-element_type=\"widget\" data-widget_type=\"heading.default\">\n\t\t\t\t<div class=\"elementor-widget-container\">\n\t\t\t<h3 class=\"elementor-heading-title elementor-size-default\">Di Tr\u00fa<\/h3>\t\t<\/div>\n\t\t\t\t<\/div>\n\t\t\t\t<div class=\"elementor-element elementor-element-4eec24b elementor-nav-menu__align-left elementor-nav-menu--dropdown-none nav-arrow style1 elementor-widget elementor-widget-nav-menu\" data-id=\"4eec24b\" data-element_type=\"widget\" data-settings=\"{&quot;layout&quot;:&quot;vertical&quot;,&quot;submenu_icon&quot;:{&quot;value&quot;:&quot;&lt;i class=\\&quot;fas fa-caret-down\\&quot;&gt;&lt;\\\/i&gt;&quot;,&quot;library&quot;:&quot;fa-solid&quot;}}\" data-widget_type=\"nav-menu.default\">\n\t\t\t\t<div class=\"elementor-widget-container\">\n\t\t\t\t\t\t<nav class=\"elementor-nav-menu--main elementor-nav-menu__container elementor-nav-menu--layout-vertical e--pointer-none\">\n\t\t\t\t<ul id=\"menu-1-4eec24b\" class=\"elementor-nav-menu sm-vertical\"><li class=\"menu-item menu-item-type-post_type menu-item-object-page menu-item-2037\"><a href=\"https:\/\/aetc.com.au\/vi\/migration\/business-and-investor-visas\/\" class=\"elementor-item\">Visa Kinh Doanh v\u00e0 \u0110\u1ea7u T\u01b0<\/a><\/li>\n<li class=\"menu-item menu-item-type-post_type menu-item-object-page menu-item-2038\"><a href=\"https:\/\/aetc.com.au\/vi\/migration\/working-and-skilled-visas\/\" class=\"elementor-item\">Visa Di\u1ec7n Tay Ngh\u1ec1<\/a><\/li>\n<li class=\"menu-item menu-item-type-post_type menu-item-object-page menu-item-2039\"><a href=\"https:\/\/aetc.com.au\/vi\/migration\/parent-visas\/\" class=\"elementor-item\">Visa B\u1ea3o L\u00e3nh Cha M\u1eb9<\/a><\/li>\n<li class=\"menu-item menu-item-type-post_type menu-item-object-page menu-item-2040\"><a href=\"https:\/\/aetc.com.au\/vi\/migration\/partner-visas\/\" class=\"elementor-item\">Visa b\u1ea3o l\u00e3nh v\u1ee3 ch\u1ed3ng<\/a><\/li>\n<li class=\"menu-item menu-item-type-post_type menu-item-object-page menu-item-2041\"><a href=\"https:\/\/aetc.com.au\/vi\/migration\/visitor-visas\/\" class=\"elementor-item\">Visa du l\u1ecbch<\/a><\/li>\n<li class=\"menu-item menu-item-type-post_type menu-item-object-page menu-item-2042\"><a href=\"https:\/\/aetc.com.au\/vi\/migration\/student\/\" class=\"elementor-item\">Visa du h\u1ecdc<\/a><\/li>\n<\/ul>\t\t\t<\/nav>\n\t\t\t\t\t\t<nav class=\"elementor-nav-menu--dropdown elementor-nav-menu__container\" aria-hidden=\"true\">\n\t\t\t\t<ul id=\"menu-2-4eec24b\" class=\"elementor-nav-menu sm-vertical\"><li class=\"menu-item menu-item-type-post_type menu-item-object-page menu-item-2037\"><a href=\"https:\/\/aetc.com.au\/vi\/migration\/business-and-investor-visas\/\" class=\"elementor-item\" tabindex=\"-1\">Visa Kinh Doanh v\u00e0 \u0110\u1ea7u T\u01b0<\/a><\/li>\n<li class=\"menu-item menu-item-type-post_type menu-item-object-page menu-item-2038\"><a href=\"https:\/\/aetc.com.au\/vi\/migration\/working-and-skilled-visas\/\" class=\"elementor-item\" tabindex=\"-1\">Visa Di\u1ec7n Tay Ngh\u1ec1<\/a><\/li>\n<li class=\"menu-item menu-item-type-post_type menu-item-object-page menu-item-2039\"><a href=\"https:\/\/aetc.com.au\/vi\/migration\/parent-visas\/\" class=\"elementor-item\" tabindex=\"-1\">Visa B\u1ea3o L\u00e3nh Cha M\u1eb9<\/a><\/li>\n<li class=\"menu-item menu-item-type-post_type menu-item-object-page menu-item-2040\"><a href=\"https:\/\/aetc.com.au\/vi\/migration\/partner-visas\/\" class=\"elementor-item\" tabindex=\"-1\">Visa b\u1ea3o l\u00e3nh v\u1ee3 ch\u1ed3ng<\/a><\/li>\n<li class=\"menu-item menu-item-type-post_type menu-item-object-page menu-item-2041\"><a href=\"https:\/\/aetc.com.au\/vi\/migration\/visitor-visas\/\" class=\"elementor-item\" tabindex=\"-1\">Visa du l\u1ecbch<\/a><\/li>\n<li class=\"menu-item menu-item-type-post_type menu-item-object-page menu-item-2042\"><a href=\"https:\/\/aetc.com.au\/vi\/migration\/student\/\" class=\"elementor-item\" tabindex=\"-1\">Visa du h\u1ecdc<\/a><\/li>\n<\/ul>\t\t\t<\/nav>\n\t\t\t\t<\/div>\n\t\t\t\t<\/div>\n\t\t\t\t\t<\/div>\n\t\t<\/div>\n\t\t\t\t\t\t\t<\/div>\n\t\t<\/section>\n\t\t\t\t\t<\/div>\n\t\t<\/div>\n\t\t\t\t\t\t\t<\/div>\n\t\t<\/section>\n\t\t\t\t\t\t\t<\/div>\n\t\t","protected":false},"excerpt":{"rendered":"<p>Visa b\u1ea3o l\u00e3nh v\u1ee3 ch\u1ed3ng Home Page Visa b\u1ea3o l\u00e3nh v\u1ee3 ch\u1ed3ng N\u1ebfu b\u1ea1n \u0111ang c\u00f3 m\u1ed1i quan h\u1ec7 v\u1ee3 ch\u1ed3ng v\u1edbi m\u1ed9t c\u00f4ng d\u00e2n \u00dac, th\u01b0\u1eddng tr\u00fa \u00dac ho\u1eb7c c\u00f4ng d\u00e2n New Zealand \u0111\u1ee7 \u0111i\u1ec1u ki\u1ec7n, b\u1ea1n c\u00f3 th\u1ec3 b\u1ea3o l\u00e3nh ng\u01b0\u1eddi ph\u1ed1i ng\u1eabu c\u1ee7a b\u1ea1n. B\u1ea1n v\u00e0 ng\u01b0\u1eddi ph\u1ed1i ng\u1eabu ph\u1ea3i \u0111ang c\u00f3 [&hellip;]<\/p>\n","protected":false},"author":1,"featured_media":0,"parent":1443,"menu_order":16,"comment_status":"closed","ping_status":"closed","template":"elementor_header_footer","meta":{"footnotes":""},"class_list":["post-1458","page","type-page","status-publish","hentry"],"acf":[],"_links":{"self":[{"href":"https:\/\/aetc.com.au\/vi\/wp-json\/wp\/v2\/pages\/1458","targetHints":{"allow":["GET"]}}],"collection":[{"href":"https:\/\/aetc.com.au\/vi\/wp-json\/wp\/v2\/pages"}],"about":[{"href":"https:\/\/aetc.com.au\/vi\/wp-json\/wp\/v2\/types\/page"}],"author":[{"embeddable":true,"href":"https:\/\/aetc.com.au\/vi\/wp-json\/wp\/v2\/users\/1"}],"replies":[{"embeddable":true,"href":"https:\/\/aetc.com.au\/vi\/wp-json\/wp\/v2\/comments?post=1458"}],"version-history":[{"count":19,"href":"https:\/\/aetc.com.au\/vi\/wp-json\/wp\/v2\/pages\/1458\/revisions"}],"predecessor-version":[{"id":2052,"href":"https:\/\/aetc.com.au\/vi\/wp-json\/wp\/v2\/pages\/1458\/revisions\/2052"}],"up":[{"embeddable":true,"href":"https:\/\/aetc.com.au\/vi\/wp-json\/wp\/v2\/pages\/1443"}],"wp:attachment":[{"href":"https:\/\/aetc.com.au\/vi\/wp-json\/wp\/v2\/media?parent=1458"}],"curies":[{"name":"wp","href":"https:\/\/api.w.org\/{rel}","templated":true}]}}