{"id":1456,"date":"2022-12-08T04:31:04","date_gmt":"2022-12-08T04:31:04","guid":{"rendered":"https:\/\/aetc.com.au\/migration\/parent-visas\/"},"modified":"2023-01-31T12:12:15","modified_gmt":"2023-01-31T12:12:15","slug":"parent-visas","status":"publish","type":"page","link":"https:\/\/aetc.com.au\/vi\/migration\/parent-visas\/","title":{"rendered":"Visa B\u1ea3o L\u00e3nh Cha M\u1eb9"},"content":{"rendered":"\t\t<div data-elementor-type=\"wp-page\" data-elementor-id=\"1456\" class=\"elementor elementor-1456 elementor-1012\">\n\t\t\t\t\t\t\t\t\t<section class=\"elementor-section elementor-top-section elementor-element elementor-element-5c8913c elementor-section-full_width elementor-section-height-default elementor-section-height-default\" data-id=\"5c8913c\" data-element_type=\"section\">\n\t\t\t\t\t\t<div class=\"elementor-container elementor-column-gap-no\">\n\t\t\t\t\t<div class=\"elementor-column elementor-col-100 elementor-top-column elementor-element elementor-element-768ae5e\" data-id=\"768ae5e\" data-element_type=\"column\">\n\t\t\t<div class=\"elementor-widget-wrap elementor-element-populated\">\n\t\t\t\t\t\t\t\t<div class=\"elementor-element elementor-element-e16d779 elementor-widget elementor-widget-page-breadcrumbs\" data-id=\"e16d779\" data-element_type=\"widget\" data-widget_type=\"page-breadcrumbs.default\">\n\t\t\t\t<div class=\"elementor-widget-container\">\n\t\t\t\t\t\r\n\t\t<div class=\"sitepath clearfix\" style=\"background-image: url(https:\/\/aetc.com.au\/wp-content\/uploads\/2022\/12\/banner-Partner-Visas.jpg)\" >\r\n\t  \t\t<div class=\"container clearfix\" style=\"max-width: 1350px;\">\r\n\t        <div class=\"wrapper-breacome\">\r\n\t          <div class=\"inner-bre\">\r\n\t      \t\t\t<div class=\"sitepath-l\">\r\n\t      \t\t\t\t<h1>\r\n\t      \t\t\t\t\t<span>\r\n\t      \t\t\t\t\t\t\r\n\t      \t\t\t\t\t\t\t\t\t\t      \t\t\t\tVisa B\u1ea3o L\u00e3nh Cha M\u1eb9\t\t\t\t      \t\t\t\t\r\n      \t\t\t\t\t\t<\/span>\r\n\t      \t\t\t\t<\/h1>\r\n\t      \t\t\t<\/div>\r\n\t      \t\t\t<div class=\"sitepath-r\">\r\n\t      \t\t\t\t\t\t      \t\t\t\t<ul class=\"breadcrumbs\"><li><a href=\"https:\/\/aetc.com.au\/vi\/\">Home<\/a><\/li><li class=\"current\">Page<\/li><\/ul>\t\t      \t\t\t\t\r\n\t\t      \t\t\t\t      \t\t\t<\/div>\r\n\t          <\/div>\r\n\t        <\/div>\r\n\t  \t\t<\/div>\r\n\t\t<\/div>\r\n\t\t\t\t<\/div>\n\t\t\t\t<\/div>\n\t\t\t\t\t<\/div>\n\t\t<\/div>\n\t\t\t\t\t\t\t<\/div>\n\t\t<\/section>\n\t\t\t\t<section class=\"elementor-section elementor-top-section elementor-element elementor-element-470942c elementor-section-content-top elementor-section-boxed elementor-section-height-default elementor-section-height-default\" data-id=\"470942c\" data-element_type=\"section\">\n\t\t\t\t\t\t<div class=\"elementor-container elementor-column-gap-extended\">\n\t\t\t\t\t<div class=\"elementor-column elementor-col-50 elementor-top-column elementor-element elementor-element-86a7d00 col-partner-visas\" data-id=\"86a7d00\" data-element_type=\"column\">\n\t\t\t<div class=\"elementor-widget-wrap elementor-element-populated\">\n\t\t\t\t\t\t\t\t<div class=\"elementor-element elementor-element-39ed14f page-dev mb0 elementor-widget elementor-widget-text-editor\" data-id=\"39ed14f\" data-element_type=\"widget\" data-widget_type=\"text-editor.default\">\n\t\t\t\t<div class=\"elementor-widget-container\">\n\t\t\t\t\t\t\t<h3>Visa B\u1ea3o L\u00e3nh Cha M\u1eb9<\/h3><p>Cha m\u1eb9 c\u1ee7a m\u1ed9t c\u00f4ng d\u00e2n \u00dac, th\u01b0\u1eddng tr\u00fa nh\u00e2n \u00dac ho\u1eb7c c\u00f4ng d\u00e2n New Zealand \u0111\u1ea1t \u0111\u1ee7 \u0111i\u1ec1u ki\u1ec7n &#8220;C\u00e2n b\u1eb1ng gia \u0111\u00ecnh&#8221; (BoF) c\u00f3 th\u1ec3 \u0111\u01b0\u1ee3c b\u1ea3o l\u00e3nh \u0111\u1ec3 di c\u01b0 t\u1ea1i \u00dac. \u0110\u00f2i h\u1ecfi c\u00e2n b\u1eb1ng gia \u0111\u00ecnh nh\u1eb1m x\u00e1c \u0111\u1ecbnh m\u1ed1i li\u00ean h\u1ec7 gia \u0111\u00ecnh c\u1ee7a ng\u01b0\u1eddi xin visa cha m\u1eb9 \u0111\u1ebfn \u00dac. Cha m\u1eb9 ph\u1ea3i c\u00f3 \u00edt nh\u1ea5t m\u1ed9t n\u1eeda s\u1ed1 con c\u00e1i s\u1ed1ng th\u01b0\u1eddng tr\u00fa \u1edf \u00dac, ho\u1eb7c c\u00f3 th\u1ec3 nhi\u1ec1u h\u01a1n s\u1ed1 con s\u1ed1ng \u1edf c\u00e1c qu\u1ed1c gia kh\u00e1c.<\/p><p>C\u00f3 s\u00e1u th\u1ec3 lo\u1ea1i visa cha m\u1eb9 th\u01b0\u1eddng c\u00f3 c\u00e1c y\u00eau c\u1ea7u ch\u00ednh x\u00e1c. C\u00e1c visa b\u1ea3o l\u00e3nh cha m\u1eb9 <strong>\u0110\u00f3ng g\u00f3p (Contributory)<\/strong> c\u1ea7n b\u1ea1n tr\u1ea3 ph\u00ed n\u1ed9p \u0111\u01a1n cao h\u01a1n, nh\u01b0ng b\u00f9 l\u1ea1i h\u01b0\u1edfng \u0111\u01b0\u1ee3c th\u1eddi gian x\u1eed l\u00fd nhanh h\u01a1n.<\/p><h4>Visa Cha M\u1eb9 (visa 103)<\/h4><p>\u0110\u00e2y l\u00e0 visa th\u01b0\u1eddng tr\u00fa cho ph\u00e9p cha m\u1eb9 \u0111\u1ee7 \u0111i\u1ec1u ki\u1ec7n s\u1ed1ng t\u1ea1i \u00dac.<\/p><ul><li>Ph\u1ea3i c\u00f3 s\u1ef1 \u0111\u1ea3m b\u1ea3o h\u1ed7 tr\u1ee3 (assurance of support), tr\u1eeb khi xin visa v\u1edbi t\u01b0 c\u00e1ch l\u00e0 ng\u01b0\u1eddi v\u1ec1 h\u01b0u.<\/li><li>Do nhu c\u1ea7u \u0111\u00e1ng k\u1ec3 c\u1ee7a visa 103 v\u00e0 s\u1ed1 l\u01b0\u1ee3ng h\u1ea1n ch\u1ebf nh\u1eadp c\u01b0 theo di\u1ec7n visa n\u00e0y, cha m\u1eb9 c\u00f3 th\u1ec3 ph\u1ea3i \u0111\u1ee3i \u0111\u1ebfn 30 n\u0103m \u0111\u1ec3 visa n\u00e0y \u0111\u01b0\u1ee3c c\u1ea5p.<\/li><\/ul><h4>Visa Cha M\u1eb9 T\u1ea1m Th\u1eddi (visa 870)<\/h4><p>\u0110\u00e2y l\u00e0 visa t\u1ea1m th\u1eddi cho ph\u00e9p cha m\u1eb9 c\u1ee7a c\u00f4ng d\u00e2n \u00dac, th\u01b0\u1eddng tr\u00fa nh\u00e2n \u00dac ho\u1eb7c c\u00f4ng d\u00e2n New Zealand \u0111\u1ee7 \u0111i\u1ec1u ki\u1ec7n \u0111\u1ebfn s\u1ed1ng t\u1ea1i \u00dac trong 3 ho\u1eb7c 5 n\u0103m. Visa n\u00e0y c\u00f3 th\u1ec3 \u0111\u01b0\u1ee3c xin t\u1ed1i \u0111a hai l\u1ea7n .<\/p><ul><li>Visa 870 kh\u00f4ng y\u00eau c\u1ea7u cha m\u1eb9 ph\u1ea3i \u0111\u00e1p \u1ee9ng \u0111i\u1ec1u ki\u1ec7n c\u00e2n b\u1eb1ng gia \u0111\u00ecnh c\u1ee7a b\u1ed9 di tr\u00fa \u00dac<\/li><li>Ng\u01b0\u1eddi b\u1ea3o l\u00e3nh cha m\u1eb9 870 ph\u1ea3i \u0111\u01b0\u1ee3c ch\u1ea5p thu\u1eadn tr\u01b0\u1edbc khi c\u00f3 th\u1ec3 n\u1ed9p \u0111\u01a1n xin visa n\u00e0y<\/li><li>Ph\u1ea3i c\u00f3 \u0111\u1ea3m b\u1ea3o h\u1ed7 tr\u1ee3 (assurance of support), tr\u1eeb khi n\u1ed9p \u0111\u01a1n xin visa v\u1edbi t\u01b0 c\u00e1ch l\u00e0 ng\u01b0\u1eddi v\u1ec1 h\u01b0u.<\/li><li>C\u00f3 th\u1ec3 n\u1ed9p \u0111\u01a1n xin l\u1ea1i visa cha m\u1eb9 \u0111\u01b0\u1ee3c b\u1ea3o l\u00e3nh (t\u1ea1m th\u1eddi) \u0111\u1ec3 s\u1ed1ng t\u1ed1i \u0111a 10 n\u0103m t\u1ea1i \u00dac<\/li><li>Kh\u00f4ng th\u1ec3 n\u1ed9p \u0111\u01a1n xin visa cha m\u1eb9 th\u01b0\u1eddng tr\u00fa ho\u1eb7c t\u1ea1m th\u1eddi trong khi b\u1ea1n \u0111\u00e3 n\u1ed9p \u0111\u01a1n xin ho\u1eb7c gi\u1eef visa n\u00e0y.<\/li><\/ul><h4>Visa Cha M\u1eb9 \u0110\u00f3ng G\u00f3p (visa 173 v\u00e0 143)<\/h4><p>Visa <strong>cha m\u1eb9 \u0111\u00f3ng g\u00f3p (t\u1ea1m tr\u00fa)<\/strong> 173 cho ph\u00e9p cha m\u1eb9 s\u1ed1ng \u1edf \u00dac t\u1ea1m tr\u00fa t\u1ed1i \u0111a 2 n\u0103m, trong khi visa <strong>cha m\u1eb9 \u0111\u00f3ng g\u00f3p (Di c\u01b0)<\/strong> 143 cho ph\u00e9p cha m\u1eb9 di c\u01b0 \u0111\u1ebfn \u00dac v\u0129nh vi\u1ec5n.<\/p><h5>Cha m\u1eb9 ph\u1ea3i:<\/h5><ul><li>\u0110\u00e1p \u1ee9ng \u0111i\u1ec1u ki\u1ec7n c\u00e2n b\u1eb1ng gia \u0111\u00ecnh.<\/li><li>Ph\u1ea3i tr\u1ea3 ph\u00ed xin visa cao h\u01a1n \u0111\u00e1ng k\u1ec3<\/li><li>Ch\u1edd \u0111\u1ee3i th\u1eddi gian qu\u00e1 tr\u00ecnh n\u1ed9p \u0111\u01a1n, kho\u1ea3ng b\u1ed1n \u0111\u1ebfn b\u1ea3y n\u0103m.<\/li><\/ul><h4>Visa Cha M\u1eb9 Gi\u00e0 \u0110\u00f3ng G\u00f3p (visa 884 v\u00e0 864)<\/h4><p>Visa <strong>Cha m\u1eb9 gi\u00e0 \u0111\u00f3ng g\u00f3p 884 (t\u1ea1m tr\u00fa)<\/strong> cho ph\u00e9p cha m\u1eb9 tr\u00ean 65 tu\u1ed5i s\u1ed1ng \u1edf \u00dac t\u1ea1m tr\u00fa \u0111\u1ebfn hai n\u0103m, trong khi visa <strong>Cha m\u1eb9 gi\u00e0 \u0111\u00f3ng g\u00f3p 864 (C\u01b0 tr\u00fa)<\/strong> cho ph\u00e9p cha m\u1eb9 di c\u01b0 \u0111\u1ebfn \u00dac v\u0129nh vi\u1ec5n.<\/p><h5>Cha m\u1eb9 ph\u1ea3i:<\/h5><ul><li>\u0111\u00e1p \u1ee9ng \u0111\u01b0\u1ee3c \u0111i\u1ec1u ki\u1ec7n c\u00e2n b\u1eb1ng gia \u0111\u00ecnh.<\/li><li>Ph\u1ea3i tr\u1ea3 ph\u00ed xin visa cao h\u01a1n \u0111\u00e1ng k\u1ec3.<\/li><li>Ch\u1edd \u0111\u1ee3i th\u1eddi gian qu\u00e1 tr\u00ecnh n\u1ed9p \u0111\u01a1n, kho\u1ea3ng b\u1ed1n \u0111\u1ebfn b\u1ea3y n\u0103m.<\/li><\/ul>\t\t\t\t\t\t<\/div>\n\t\t\t\t<\/div>\n\t\t\t\t<div class=\"elementor-element elementor-element-532c9d8 mb0 elementor-widget elementor-widget-template\" data-id=\"532c9d8\" data-element_type=\"widget\" data-widget_type=\"template.default\">\n\t\t\t\t<div class=\"elementor-widget-container\">\n\t\t\t\t\t<div class=\"elementor-template\">\n\t\t\t\t\t<div data-elementor-type=\"section\" data-elementor-id=\"1617\" class=\"elementor elementor-1617 elementor-856\">\n\t\t\t\t\t\t\t\t<section class=\"elementor-section elementor-top-section elementor-element elementor-element-cb18861 elementor-section-boxed elementor-section-height-default elementor-section-height-default\" data-id=\"cb18861\" data-element_type=\"section\" data-settings=\"{&quot;background_background&quot;:&quot;classic&quot;}\">\n\t\t\t\t\t\t<div class=\"elementor-container elementor-column-gap-extended\">\n\t\t\t\t\t<div class=\"elementor-column elementor-col-100 elementor-top-column elementor-element elementor-element-2105528\" data-id=\"2105528\" data-element_type=\"column\">\n\t\t\t<div class=\"elementor-widget-wrap elementor-element-populated\">\n\t\t\t\t\t\t\t\t<div class=\"elementor-element elementor-element-02eba6d mb0 elementor-hidden-desktop elementor-hidden-tablet elementor-hidden-mobile elementor-widget elementor-widget-heading\" data-id=\"02eba6d\" data-element_type=\"widget\" data-widget_type=\"heading.default\">\n\t\t\t\t<div class=\"elementor-widget-container\">\n\t\t\t<h5 class=\"elementor-heading-title elementor-size-default\">Please complete an obligation free online assessment or book a consultation with our experienced migration agents.<\/h5>\t\t<\/div>\n\t\t\t\t<\/div>\n\t\t\t\t<div class=\"elementor-element elementor-element-5ee7280 elementor-align-center elementor-widget elementor-widget-button\" data-id=\"5ee7280\" data-element_type=\"widget\" data-widget_type=\"button.default\">\n\t\t\t\t<div class=\"elementor-widget-container\">\n\t\t\t\t\t<div class=\"elementor-button-wrapper\">\n\t\t\t<a href=\"https:\/\/aetc.com.au\/vi\/book-appointment\/\" class=\"elementor-button-link elementor-button elementor-size-md\" role=\"button\">\n\t\t\t\t\t\t<span class=\"elementor-button-content-wrapper\">\n\t\t\t\t\t\t<span class=\"elementor-button-text\">Free Online Assessment<\/span>\n\t\t<\/span>\n\t\t\t\t\t<\/a>\n\t\t<\/div>\n\t\t\t\t<\/div>\n\t\t\t\t<\/div>\n\t\t\t\t\t<\/div>\n\t\t<\/div>\n\t\t\t\t\t\t\t<\/div>\n\t\t<\/section>\n\t\t\t\t\t\t<\/div>\n\t\t\t\t<\/div>\n\t\t\t\t<\/div>\n\t\t\t\t<\/div>\n\t\t\t\t\t<\/div>\n\t\t<\/div>\n\t\t\t\t<div class=\"elementor-column elementor-col-50 elementor-top-column elementor-element elementor-element-c8e59ac\" data-id=\"c8e59ac\" data-element_type=\"column\">\n\t\t\t<div class=\"elementor-widget-wrap elementor-element-populated\">\n\t\t\t\t\t\t\t\t<section class=\"elementor-section elementor-inner-section elementor-element elementor-element-ca41acb elementor-section-boxed elementor-section-height-default elementor-section-height-default\" data-id=\"ca41acb\" data-element_type=\"section\">\n\t\t\t\t\t\t\t<div class=\"elementor-background-overlay\"><\/div>\n\t\t\t\t\t\t\t<div class=\"elementor-container elementor-column-gap-no\">\n\t\t\t\t\t<div class=\"elementor-column elementor-col-100 elementor-inner-column elementor-element elementor-element-bf54972\" data-id=\"bf54972\" data-element_type=\"column\">\n\t\t\t<div class=\"elementor-widget-wrap elementor-element-populated\">\n\t\t\t\t\t\t\t\t<div class=\"elementor-element elementor-element-0775cf7 mb0 elementor-widget elementor-widget-heading\" data-id=\"0775cf7\" data-element_type=\"widget\" data-widget_type=\"heading.default\">\n\t\t\t\t<div class=\"elementor-widget-container\">\n\t\t\t<h3 class=\"elementor-heading-title elementor-size-default\">Di Tr\u00fa<\/h3>\t\t<\/div>\n\t\t\t\t<\/div>\n\t\t\t\t<div class=\"elementor-element elementor-element-4eec24b elementor-nav-menu__align-left elementor-nav-menu--dropdown-none nav-arrow style1 elementor-widget elementor-widget-nav-menu\" data-id=\"4eec24b\" data-element_type=\"widget\" data-settings=\"{&quot;layout&quot;:&quot;vertical&quot;,&quot;submenu_icon&quot;:{&quot;value&quot;:&quot;&lt;i class=\\&quot;fas fa-caret-down\\&quot;&gt;&lt;\\\/i&gt;&quot;,&quot;library&quot;:&quot;fa-solid&quot;}}\" data-widget_type=\"nav-menu.default\">\n\t\t\t\t<div class=\"elementor-widget-container\">\n\t\t\t\t\t\t<nav class=\"elementor-nav-menu--main elementor-nav-menu__container elementor-nav-menu--layout-vertical e--pointer-none\">\n\t\t\t\t<ul id=\"menu-1-4eec24b\" class=\"elementor-nav-menu sm-vertical\"><li class=\"menu-item menu-item-type-post_type menu-item-object-page menu-item-2037\"><a href=\"https:\/\/aetc.com.au\/vi\/migration\/business-and-investor-visas\/\" class=\"elementor-item\">Visa Kinh Doanh v\u00e0 \u0110\u1ea7u T\u01b0<\/a><\/li>\n<li class=\"menu-item menu-item-type-post_type menu-item-object-page menu-item-2038\"><a href=\"https:\/\/aetc.com.au\/vi\/migration\/working-and-skilled-visas\/\" class=\"elementor-item\">Visa Di\u1ec7n Tay Ngh\u1ec1<\/a><\/li>\n<li class=\"menu-item menu-item-type-post_type menu-item-object-page menu-item-2039\"><a href=\"https:\/\/aetc.com.au\/vi\/migration\/parent-visas\/\" class=\"elementor-item\">Visa B\u1ea3o L\u00e3nh Cha M\u1eb9<\/a><\/li>\n<li class=\"menu-item menu-item-type-post_type menu-item-object-page menu-item-2040\"><a href=\"https:\/\/aetc.com.au\/vi\/migration\/partner-visas\/\" class=\"elementor-item\">Visa b\u1ea3o l\u00e3nh v\u1ee3 ch\u1ed3ng<\/a><\/li>\n<li class=\"menu-item menu-item-type-post_type menu-item-object-page menu-item-2041\"><a href=\"https:\/\/aetc.com.au\/vi\/migration\/visitor-visas\/\" class=\"elementor-item\">Visa du l\u1ecbch<\/a><\/li>\n<li class=\"menu-item menu-item-type-post_type menu-item-object-page menu-item-2042\"><a href=\"https:\/\/aetc.com.au\/vi\/migration\/student\/\" class=\"elementor-item\">Visa du h\u1ecdc<\/a><\/li>\n<\/ul>\t\t\t<\/nav>\n\t\t\t\t\t\t<nav class=\"elementor-nav-menu--dropdown elementor-nav-menu__container\" aria-hidden=\"true\">\n\t\t\t\t<ul id=\"menu-2-4eec24b\" class=\"elementor-nav-menu sm-vertical\"><li class=\"menu-item menu-item-type-post_type menu-item-object-page menu-item-2037\"><a href=\"https:\/\/aetc.com.au\/vi\/migration\/business-and-investor-visas\/\" class=\"elementor-item\" tabindex=\"-1\">Visa Kinh Doanh v\u00e0 \u0110\u1ea7u T\u01b0<\/a><\/li>\n<li class=\"menu-item menu-item-type-post_type menu-item-object-page menu-item-2038\"><a href=\"https:\/\/aetc.com.au\/vi\/migration\/working-and-skilled-visas\/\" class=\"elementor-item\" tabindex=\"-1\">Visa Di\u1ec7n Tay Ngh\u1ec1<\/a><\/li>\n<li class=\"menu-item menu-item-type-post_type menu-item-object-page menu-item-2039\"><a href=\"https:\/\/aetc.com.au\/vi\/migration\/parent-visas\/\" class=\"elementor-item\" tabindex=\"-1\">Visa B\u1ea3o L\u00e3nh Cha M\u1eb9<\/a><\/li>\n<li class=\"menu-item menu-item-type-post_type menu-item-object-page menu-item-2040\"><a href=\"https:\/\/aetc.com.au\/vi\/migration\/partner-visas\/\" class=\"elementor-item\" tabindex=\"-1\">Visa b\u1ea3o l\u00e3nh v\u1ee3 ch\u1ed3ng<\/a><\/li>\n<li class=\"menu-item menu-item-type-post_type menu-item-object-page menu-item-2041\"><a href=\"https:\/\/aetc.com.au\/vi\/migration\/visitor-visas\/\" class=\"elementor-item\" tabindex=\"-1\">Visa du l\u1ecbch<\/a><\/li>\n<li class=\"menu-item menu-item-type-post_type menu-item-object-page menu-item-2042\"><a href=\"https:\/\/aetc.com.au\/vi\/migration\/student\/\" class=\"elementor-item\" tabindex=\"-1\">Visa du h\u1ecdc<\/a><\/li>\n<\/ul>\t\t\t<\/nav>\n\t\t\t\t<\/div>\n\t\t\t\t<\/div>\n\t\t\t\t\t<\/div>\n\t\t<\/div>\n\t\t\t\t\t\t\t<\/div>\n\t\t<\/section>\n\t\t\t\t\t<\/div>\n\t\t<\/div>\n\t\t\t\t\t\t\t<\/div>\n\t\t<\/section>\n\t\t\t\t\t\t\t<\/div>\n\t\t","protected":false},"excerpt":{"rendered":"<p>Visa B\u1ea3o L\u00e3nh Cha M\u1eb9 Home Page Visa B\u1ea3o L\u00e3nh Cha M\u1eb9 Cha m\u1eb9 c\u1ee7a m\u1ed9t c\u00f4ng d\u00e2n \u00dac, th\u01b0\u1eddng tr\u00fa nh\u00e2n \u00dac ho\u1eb7c c\u00f4ng d\u00e2n New Zealand \u0111\u1ea1t \u0111\u1ee7 \u0111i\u1ec1u ki\u1ec7n &#8220;C\u00e2n b\u1eb1ng gia \u0111\u00ecnh&#8221; (BoF) c\u00f3 th\u1ec3 \u0111\u01b0\u1ee3c b\u1ea3o l\u00e3nh \u0111\u1ec3 di c\u01b0 t\u1ea1i \u00dac. \u0110\u00f2i h\u1ecfi c\u00e2n b\u1eb1ng gia \u0111\u00ecnh nh\u1eb1m x\u00e1c [&hellip;]<\/p>\n","protected":false},"author":1,"featured_media":0,"parent":1443,"menu_order":15,"comment_status":"closed","ping_status":"closed","template":"elementor_header_footer","meta":{"footnotes":""},"class_list":["post-1456","page","type-page","status-publish","hentry"],"acf":[],"_links":{"self":[{"href":"https:\/\/aetc.com.au\/vi\/wp-json\/wp\/v2\/pages\/1456","targetHints":{"allow":["GET"]}}],"collection":[{"href":"https:\/\/aetc.com.au\/vi\/wp-json\/wp\/v2\/pages"}],"about":[{"href":"https:\/\/aetc.com.au\/vi\/wp-json\/wp\/v2\/types\/page"}],"author":[{"embeddable":true,"href":"https:\/\/aetc.com.au\/vi\/wp-json\/wp\/v2\/users\/1"}],"replies":[{"embeddable":true,"href":"https:\/\/aetc.com.au\/vi\/wp-json\/wp\/v2\/comments?post=1456"}],"version-history":[{"count":16,"href":"https:\/\/aetc.com.au\/vi\/wp-json\/wp\/v2\/pages\/1456\/revisions"}],"predecessor-version":[{"id":2055,"href":"https:\/\/aetc.com.au\/vi\/wp-json\/wp\/v2\/pages\/1456\/revisions\/2055"}],"up":[{"embeddable":true,"href":"https:\/\/aetc.com.au\/vi\/wp-json\/wp\/v2\/pages\/1443"}],"wp:attachment":[{"href":"https:\/\/aetc.com.au\/vi\/wp-json\/wp\/v2\/media?parent=1456"}],"curies":[{"name":"wp","href":"https:\/\/api.w.org\/{rel}","templated":true}]}}