{"id":1446,"date":"2022-12-08T03:51:31","date_gmt":"2022-12-08T03:51:31","guid":{"rendered":"https:\/\/aetc.com.au\/migration\/business-and-investor-visas\/"},"modified":"2023-01-31T12:12:56","modified_gmt":"2023-01-31T12:12:56","slug":"business-and-investor-visas","status":"publish","type":"page","link":"https:\/\/aetc.com.au\/vi\/migration\/business-and-investor-visas\/","title":{"rendered":"Visa Kinh Doanh v\u00e0 \u0110\u1ea7u T\u01b0"},"content":{"rendered":"\t\t<div data-elementor-type=\"wp-page\" data-elementor-id=\"1446\" class=\"elementor elementor-1446 elementor-967\">\n\t\t\t\t\t\t\t\t\t<section class=\"elementor-section elementor-top-section elementor-element elementor-element-5c8913c elementor-section-full_width elementor-section-height-default elementor-section-height-default\" data-id=\"5c8913c\" data-element_type=\"section\">\n\t\t\t\t\t\t<div class=\"elementor-container elementor-column-gap-no\">\n\t\t\t\t\t<div class=\"elementor-column elementor-col-100 elementor-top-column elementor-element elementor-element-768ae5e\" data-id=\"768ae5e\" data-element_type=\"column\">\n\t\t\t<div class=\"elementor-widget-wrap elementor-element-populated\">\n\t\t\t\t\t\t\t\t<div class=\"elementor-element elementor-element-e16d779 elementor-widget elementor-widget-page-breadcrumbs\" data-id=\"e16d779\" data-element_type=\"widget\" data-widget_type=\"page-breadcrumbs.default\">\n\t\t\t\t<div class=\"elementor-widget-container\">\n\t\t\t\t\t\r\n\t\t<div class=\"sitepath clearfix\" style=\"background-image: url(https:\/\/aetc.com.au\/wp-content\/uploads\/2022\/12\/banner-Business-and-Investor-Visas.jpg)\" >\r\n\t  \t\t<div class=\"container clearfix\" style=\"max-width: 1350px;\">\r\n\t        <div class=\"wrapper-breacome\">\r\n\t          <div class=\"inner-bre\">\r\n\t      \t\t\t<div class=\"sitepath-l\">\r\n\t      \t\t\t\t<h1>\r\n\t      \t\t\t\t\t<span>\r\n\t      \t\t\t\t\t\t\r\n\t      \t\t\t\t\t\t\t\t\t\t      \t\t\t\tVisa Kinh Doanh v\u00e0 \u0110\u1ea7u T\u01b0\t\t\t\t      \t\t\t\t\r\n      \t\t\t\t\t\t<\/span>\r\n\t      \t\t\t\t<\/h1>\r\n\t      \t\t\t<\/div>\r\n\t      \t\t\t<div class=\"sitepath-r\">\r\n\t      \t\t\t\t\t\t      \t\t\t\t<ul class=\"breadcrumbs\"><li><a href=\"https:\/\/aetc.com.au\/vi\/\">Home<\/a><\/li><li class=\"current\">Page<\/li><\/ul>\t\t      \t\t\t\t\r\n\t\t      \t\t\t\t      \t\t\t<\/div>\r\n\t          <\/div>\r\n\t        <\/div>\r\n\t  \t\t<\/div>\r\n\t\t<\/div>\r\n\t\t\t\t<\/div>\n\t\t\t\t<\/div>\n\t\t\t\t\t<\/div>\n\t\t<\/div>\n\t\t\t\t\t\t\t<\/div>\n\t\t<\/section>\n\t\t\t\t<section class=\"elementor-section elementor-top-section elementor-element elementor-element-470942c elementor-section-content-top elementor-section-boxed elementor-section-height-default elementor-section-height-default\" data-id=\"470942c\" data-element_type=\"section\">\n\t\t\t\t\t\t<div class=\"elementor-container elementor-column-gap-extended\">\n\t\t\t\t\t<div class=\"elementor-column elementor-col-50 elementor-top-column elementor-element elementor-element-86a7d00\" data-id=\"86a7d00\" data-element_type=\"column\">\n\t\t\t<div class=\"elementor-widget-wrap elementor-element-populated\">\n\t\t\t\t\t\t\t\t<div class=\"elementor-element elementor-element-aee980b page-dev mb0 text-check  elementor-widget elementor-widget-text-editor\" data-id=\"aee980b\" data-element_type=\"widget\" data-widget_type=\"text-editor.default\">\n\t\t\t\t<div class=\"elementor-widget-container\">\n\t\t\t\t\t\t\t<h3>Visa Kinh Doanh v\u00e0 \u0110\u1ea7u T\u01b0<\/h3><h4>Visa Kinh Doanh v\u00e0 \u0110\u1ea7u T\u01b0 (T\u1ea1m tr\u00fa) (visa 188)<\/h4><ul><li>Visa t\u1ea1m tr\u00fa n\u00e0y l\u00e0 m\u1ed9t ph\u1ea7n c\u1ee7a Ch\u01b0\u01a1ng tr\u00ecnh \u0110\u1ea7u t\u01b0 v\u00e0 Kinh Doanh \u0110\u1ed5i M\u1edbi khuy\u1ebfn kh\u00edch c\u00e1c doanh nh\u00e2n th\u00e0nh l\u1eadp m\u1ed9t doanh nghi\u1ec7p m\u1edbi ho\u1eb7c ph\u00e1t tri\u1ec3n m\u1ed9t doanh nghi\u1ec7p hi\u1ec7n c\u00f3 v\u00e0 \u0111\u1ea7u t\u01b0 v\u00e0o \u00dac. Visa c\u00f3 gi\u00e1 tr\u1ecb b\u1ed1n n\u0103m v\u00e0 ba th\u00e1ng.<\/li><li>B\u1ea1n ph\u1ea3i d\u01b0\u1edbi 55 tu\u1ed5i.<\/li><li>B\u1ea1n ph\u1ea3i n\u1ed9p \u0111\u01a1n b\u00e0y t\u1ecf nguy\u1ec7n v\u1ecdng (Expression of Interest) v\u00e0 \u0111\u01b0\u1ee3c \u0111\u1ec1 c\u1eed b\u1edfi ch\u00ednh ph\u1ee7 ti\u1ec3u bang ho\u1eb7c l\u00e3nh th\u1ed5 ho\u1eb7c Austrade thay m\u1eb7t cho Ch\u00ednh ph\u1ee7 \u00dac tr\u01b0\u1edbc khi \u0111\u01b0\u1ee3c m\u1eddi n\u1ed9p \u0111\u01a1n xin visa n\u00e0y. Ngo\u00e0i ra, b\u1ea1n ph\u1ea3i c\u00f3 \u00fd \u0111\u1ecbnh th\u1ef1c s\u1ef1 s\u1ed1ng \u1edf Ti\u1ec3u bang ho\u1eb7c L\u00e3nh th\u1ed5 \u00dac m\u00e0 c\u01a1 quan ch\u00ednh ph\u1ee7 \u0111\u1ec1 c\u1eed b\u1ea1n.<\/li><li>B\u1ea1n c\u00f3 th\u1ec3 n\u1ed9p \u0111\u01a1n xin <strong>visa Kinh Doanh \u0110\u1ed5i M\u1edbi v\u00e0 \u0110\u1ea7u T\u01b0 Th\u01b0\u1eddng Tr\u00fa (visa 888)<\/strong> n\u1ebfu c\u00e1c y\u00eau c\u1ea7u c\u1ee5 th\u1ec3 \u0111\u01b0\u1ee3c \u0111\u00e1p \u1ee9ng.<\/li><\/ul><p>C\u00f3 b\u1ed1n di\u1ec7n visa:<\/p>\t\t\t\t\t\t<\/div>\n\t\t\t\t<\/div>\n\t\t\t\t<section class=\"elementor-section elementor-inner-section elementor-element elementor-element-1bf3082 inner-left-right elementor-section-boxed elementor-section-height-default elementor-section-height-default\" data-id=\"1bf3082\" data-element_type=\"section\">\n\t\t\t\t\t\t<div class=\"elementor-container elementor-column-gap-extended\">\n\t\t\t\t\t<div class=\"elementor-column elementor-col-50 elementor-inner-column elementor-element elementor-element-95c5d85\" data-id=\"95c5d85\" data-element_type=\"column\">\n\t\t\t<div class=\"elementor-widget-wrap elementor-element-populated\">\n\t\t\t\t\t\t\t\t<div class=\"elementor-element elementor-element-019e197 page-dev text-red elementor-widget elementor-widget-text-editor\" data-id=\"019e197\" data-element_type=\"widget\" data-widget_type=\"text-editor.default\">\n\t\t\t\t<div class=\"elementor-widget-container\">\n\t\t\t\t\t\t\t<h5><span style=\"color: #d61f21;\">Di\u1ec7n Kinh Doanh \u0110\u1ed5i M\u1edbi (visa 188A)<br \/><\/span><\/h5><ul><li>Visa 188A d\u00e0nh cho nh\u1eefng ng\u01b0\u1eddi c\u00f3 k\u1ef9 n\u0103ng kinh doanh mu\u1ed1n th\u00e0nh l\u1eadp, ph\u00e1t tri\u1ec3n v\u00e0 qu\u1ea3n l\u00fd m\u1ed9t doanh nghi\u1ec7p m\u1edbi ho\u1eb7c hi\u1ec7n c\u00f3 \u1edf \u00dac.<\/li><li>Ph\u1ea3i s\u1edf h\u1eefu m\u1ed9t doanh nghi\u1ec7p \u1edf qu\u1ed1c gia c\u1ee7a b\u1ea1n v\u1edbi doanh thu 750.000 AUD cho \u00edt nh\u1ea5t 2 trong s\u1ed1 4 n\u0103m t\u00e0i ch\u00ednh g\u1ea7n \u0111\u00e2y v\u00e0 \u0111\u1ea1t t\u1ed1i thi\u1ec3u 65 \u0111i\u1ec3m theo h\u1ec7 th\u1ed1ng thang \u0111i\u1ec3m di tr\u00fa.<\/li><li>Ng\u01b0\u1eddi ph\u1ed1i ng\u1eabu c\u1ee7a b\u1ea1n, ho\u1eb7c b\u1ea1n v\u00e0 ng\u01b0\u1eddi ph\u1ed1i ng\u1eabu c\u1ee7a b\u1ea1n c\u00f9ng nhau, c\u00f3 t\u1ed5ng doanh nghi\u1ec7p r\u00f2ng v\u00e0 t\u00e0i s\u1ea3n c\u00e1 nh\u00e2n \u00edt nh\u1ea5t l\u00e0 1,250,000 AUD.<\/li><li>C\u00f3 th\u1ec3 gia h\u1ea1n visa l\u00ean \u0111\u1ebfn 5 n\u0103m<\/li><\/ul>\t\t\t\t\t\t<\/div>\n\t\t\t\t<\/div>\n\t\t\t\t\t<\/div>\n\t\t<\/div>\n\t\t\t\t<div class=\"elementor-column elementor-col-50 elementor-inner-column elementor-element elementor-element-dfbd67c\" data-id=\"dfbd67c\" data-element_type=\"column\">\n\t\t\t<div class=\"elementor-widget-wrap elementor-element-populated\">\n\t\t\t\t\t\t\t\t<div class=\"elementor-element elementor-element-814fa94 page-dev text-red elementor-widget elementor-widget-text-editor\" data-id=\"814fa94\" data-element_type=\"widget\" data-widget_type=\"text-editor.default\">\n\t\t\t\t<div class=\"elementor-widget-container\">\n\t\t\t\t\t\t\t<h5><span style=\"color: #d61f21;\">Di\u1ec7n \u0110\u1ea7u T\u01b0 Tr\u00e1i Phi\u1ebfu (visa 188B)<br \/><\/span><\/h5><ul><li>Visa 188B d\u00e0nh cho nh\u1eefng ng\u01b0\u1eddi mu\u1ed1n \u0111\u1ea7u t\u01b0 \u00edt nh\u1ea5t 2,5 tri\u1ec7u AUD v\u00e0o m\u1ed9t ti\u1ec3u bang ho\u1eb7c v\u00f9ng l\u00e3nh th\u1ed5 c\u1ee7a \u00dac v\u00e0 duy tr\u00ec ho\u1ea1t \u0111\u1ed9ng kinh doanh v\u00e0 \u0111\u1ea7u t\u01b0 t\u1ea1i \u00dac.<\/li><li>C\u00f3 3 n\u0103m kinh nghi\u1ec7m ho\u1eb7c qu\u1ea3n l\u00fd m\u1ed9t doanh nghi\u1ec7p \u0111\u1ee7 \u0111i\u1ec1u ki\u1ec7n ho\u1eb7c c\u00e1c kho\u1ea3n \u0111\u1ea7u t\u01b0 \u0111\u1ee7 \u0111i\u1ec1u ki\u1ec7n.<\/li><li>Ph\u1ea3i \u0111\u1ea1t t\u1ed1i thi\u1ec3u 65 \u0111i\u1ec3m theo h\u1ec7 th\u1ed1ng thang \u0111i\u1ec3m di tr\u00fa.<\/li><li>B\u1ea1n ph\u1ea3i c\u00f3 m\u1ed9t doanh nghi\u1ec7p r\u00f2ng, \u0111\u1ea7u t\u01b0 v\u00e0 t\u00e0i s\u1ea3n c\u00e1 nh\u00e2n \u00edt nh\u1ea5t 2.5 tri\u1ec7u AUD cho 2 n\u0103m t\u00e0i ch\u00ednh cu\u1ed1i c\u00f9ng tr\u01b0\u1edbc khi n\u1ed9p \u0111\u01a1n xin visa.<\/li><\/ul>\t\t\t\t\t\t<\/div>\n\t\t\t\t<\/div>\n\t\t\t\t\t<\/div>\n\t\t<\/div>\n\t\t\t\t\t\t\t<\/div>\n\t\t<\/section>\n\t\t\t\t<section class=\"elementor-section elementor-inner-section elementor-element elementor-element-a455b24 inner-left-right elementor-section-boxed elementor-section-height-default elementor-section-height-default\" data-id=\"a455b24\" data-element_type=\"section\">\n\t\t\t\t\t\t<div class=\"elementor-container elementor-column-gap-extended\">\n\t\t\t\t\t<div class=\"elementor-column elementor-col-50 elementor-inner-column elementor-element elementor-element-1693822\" data-id=\"1693822\" data-element_type=\"column\">\n\t\t\t<div class=\"elementor-widget-wrap elementor-element-populated\">\n\t\t\t\t\t\t\t\t<div class=\"elementor-element elementor-element-8856927 page-dev text-red elementor-widget elementor-widget-text-editor\" data-id=\"8856927\" data-element_type=\"widget\" data-widget_type=\"text-editor.default\">\n\t\t\t\t<div class=\"elementor-widget-container\">\n\t\t\t\t\t\t\t<h5><span style=\"color: #d61f21;\">Di\u1ec7n \u0110\u1ea7u T\u01b0 Tr\u1ecdng Y\u1ebfu (visa 188C)<br \/><\/span><\/h5><ul><li>Visa 188C d\u00e0nh cho nh\u1eefng ng\u01b0\u1eddi s\u1eb5n s\u00e0ng \u0111\u1ea7u t\u01b0 \u00edt nh\u1ea5t 5 tri\u1ec7u AUD \u0111\u1ec3 tu\u00e2n th\u1ee7 c\u00e1c kho\u1ea3n \u0111\u1ea7u t\u01b0 \u0111\u00e1ng k\u1ec3 v\u00e0o \u00dac v\u00e0 duy tr\u00ec ho\u1ea1t \u0111\u1ed9ng kinh doanh v\u00e0 \u0111\u1ea7u t\u01b0 t\u1ea1i \u00dac.<\/li><li>B\u1ea1n c\u00f3 \u00fd \u0111\u1ecbnh th\u1ef1c s\u1ef1 \u0111\u1ec3 gi\u1eef kho\u1ea3n \u0111\u1ea7u t\u01b0 \u0111\u00f3 trong \u00edt nh\u1ea5t b\u1ed1n n\u0103m.<\/li><li>B\u1ea1n c\u00f3 th\u1ec3 gia h\u1ea1n visa l\u00ean \u0111\u1ebfn 5 n\u0103m.<\/li><\/ul>\t\t\t\t\t\t<\/div>\n\t\t\t\t<\/div>\n\t\t\t\t\t<\/div>\n\t\t<\/div>\n\t\t\t\t<div class=\"elementor-column elementor-col-50 elementor-inner-column elementor-element elementor-element-15f8d11\" data-id=\"15f8d11\" data-element_type=\"column\">\n\t\t\t<div class=\"elementor-widget-wrap elementor-element-populated\">\n\t\t\t\t\t\t\t\t<div class=\"elementor-element elementor-element-cbd08ea page-dev text-red elementor-widget elementor-widget-text-editor\" data-id=\"cbd08ea\" data-element_type=\"widget\" data-widget_type=\"text-editor.default\">\n\t\t\t\t<div class=\"elementor-widget-container\">\n\t\t\t\t\t\t\t<h5><span style=\"color: #d61f21;\">Di\u1ec7n doanh nh\u00e2n (visa 188E)<br \/><\/span><\/h5><ul><li>Visa 188E ph\u1ea3i \u0111\u01b0\u1ee3c ch\u1ea5p nh\u1eadn b\u1edfi c\u01a1 quan ch\u00ednh ph\u1ee7 ti\u1ec3u bang ho\u1eb7c l\u00e3nh th\u1ed5 \u00dac \u0111\u1ec1 c\u1eed \u0111\u1ec3 b\u1ea1n ph\u00e1t tri\u1ec3n c\u00e1c kh\u00e1i ni\u1ec7m kinh doanh c\u1ee7a b\u1ea1n.<\/li><li>Ph\u1ea3i th\u1ef1c hi\u1ec7n ho\u1eb7c \u0111\u1ec1 xu\u1ea5t th\u1ef1c hi\u1ec7n m\u1ed9t ho\u1ea1t \u0111\u1ed9ng doanh nh\u00e2n tu\u00e2n th\u1ee7 t\u1ea1i \u00dac<\/li><li>C\u00f3 th\u1ec3 \u1edf l\u1ea1i \u00dac t\u1ed1i \u0111a 5 n\u0103m<\/li><\/ul>\t\t\t\t\t\t<\/div>\n\t\t\t\t<\/div>\n\t\t\t\t\t<\/div>\n\t\t<\/div>\n\t\t\t\t\t\t\t<\/div>\n\t\t<\/section>\n\t\t\t\t<div class=\"elementor-element elementor-element-7d7485e page-dev mb0 text-check elementor-widget elementor-widget-text-editor\" data-id=\"7d7485e\" data-element_type=\"widget\" data-widget_type=\"text-editor.default\">\n\t\t\t\t<div class=\"elementor-widget-container\">\n\t\t\t\t\t\t\t<h4>Visa Kinh Doanh \u0110\u1ed5i M\u1edbi v\u00e0 \u0110\u1ea7u T\u01b0 (Th\u01b0\u1eddng tr\u00fa) (visa 888)<\/h4><ul><li>Visa th\u01b0\u1eddng tr\u00fa n\u00e0y l\u00e0 giai \u0111o\u1ea1n th\u1ee9 hai c\u1ee7a visa Kinh doanh \u0110\u1ed5i m\u1edbi v\u00e0 \u0110\u1ea7u t\u01b0 (T\u1ea1m tr\u00fa) (visa 188) .<\/li><li>B\u1ea1n c\u00f3 th\u1ec3 n\u1ed9p \u0111\u01a1n xin visa sau khi b\u1ea1n \u0111\u00e3 ch\u1ee9ng minh t\u1ed5ng th\u1ec3 h\u1ed3 s\u01a1 th\u00e0nh c\u00f4ng v\u1ec1 vi\u1ec7c th\u1ef1c hi\u1ec7n c\u00e1c ho\u1ea1t \u0111\u1ed9ng kinh doanh t\u1ea1i \u00dac trong khi gi\u1eef visa t\u1ea1m tr\u00fa.<\/li><li>B\u1ea1n c\u1ea7n \u0111\u01b0\u1ee3c \u0111\u1ec1 c\u1eed b\u1edfi m\u1ed9t ti\u1ec3u bang, l\u00e3nh th\u1ed5 ho\u1eb7c Ch\u00ednh ph\u1ee7 \u00dac.<\/li><\/ul>\t\t\t\t\t\t<\/div>\n\t\t\t\t<\/div>\n\t\t\t\t<div class=\"elementor-element elementor-element-532c9d8 mb0 elementor-widget elementor-widget-template\" data-id=\"532c9d8\" data-element_type=\"widget\" data-widget_type=\"template.default\">\n\t\t\t\t<div class=\"elementor-widget-container\">\n\t\t\t\t\t<div class=\"elementor-template\">\n\t\t\t\t\t<div data-elementor-type=\"section\" data-elementor-id=\"1617\" class=\"elementor elementor-1617 elementor-856\">\n\t\t\t\t\t\t\t\t<section class=\"elementor-section elementor-top-section elementor-element elementor-element-cb18861 elementor-section-boxed elementor-section-height-default elementor-section-height-default\" data-id=\"cb18861\" data-element_type=\"section\" data-settings=\"{&quot;background_background&quot;:&quot;classic&quot;}\">\n\t\t\t\t\t\t<div class=\"elementor-container elementor-column-gap-extended\">\n\t\t\t\t\t<div class=\"elementor-column elementor-col-100 elementor-top-column elementor-element elementor-element-2105528\" data-id=\"2105528\" data-element_type=\"column\">\n\t\t\t<div class=\"elementor-widget-wrap elementor-element-populated\">\n\t\t\t\t\t\t\t\t<div class=\"elementor-element elementor-element-02eba6d mb0 elementor-hidden-desktop elementor-hidden-tablet elementor-hidden-mobile elementor-widget elementor-widget-heading\" data-id=\"02eba6d\" data-element_type=\"widget\" data-widget_type=\"heading.default\">\n\t\t\t\t<div class=\"elementor-widget-container\">\n\t\t\t<h5 class=\"elementor-heading-title elementor-size-default\">Please complete an obligation free online assessment or book a consultation with our experienced migration agents.<\/h5>\t\t<\/div>\n\t\t\t\t<\/div>\n\t\t\t\t<div class=\"elementor-element elementor-element-5ee7280 elementor-align-center elementor-widget elementor-widget-button\" data-id=\"5ee7280\" data-element_type=\"widget\" data-widget_type=\"button.default\">\n\t\t\t\t<div class=\"elementor-widget-container\">\n\t\t\t\t\t<div class=\"elementor-button-wrapper\">\n\t\t\t<a href=\"https:\/\/aetc.com.au\/vi\/book-appointment\/\" class=\"elementor-button-link elementor-button elementor-size-md\" role=\"button\">\n\t\t\t\t\t\t<span class=\"elementor-button-content-wrapper\">\n\t\t\t\t\t\t<span class=\"elementor-button-text\">Free Online Assessment<\/span>\n\t\t<\/span>\n\t\t\t\t\t<\/a>\n\t\t<\/div>\n\t\t\t\t<\/div>\n\t\t\t\t<\/div>\n\t\t\t\t\t<\/div>\n\t\t<\/div>\n\t\t\t\t\t\t\t<\/div>\n\t\t<\/section>\n\t\t\t\t\t\t<\/div>\n\t\t\t\t<\/div>\n\t\t\t\t<\/div>\n\t\t\t\t<\/div>\n\t\t\t\t\t<\/div>\n\t\t<\/div>\n\t\t\t\t<div class=\"elementor-column elementor-col-50 elementor-top-column elementor-element elementor-element-c8e59ac\" data-id=\"c8e59ac\" data-element_type=\"column\">\n\t\t\t<div class=\"elementor-widget-wrap elementor-element-populated\">\n\t\t\t\t\t\t\t\t<section class=\"elementor-section elementor-inner-section elementor-element elementor-element-ca41acb elementor-section-boxed elementor-section-height-default elementor-section-height-default\" data-id=\"ca41acb\" data-element_type=\"section\">\n\t\t\t\t\t\t\t<div class=\"elementor-background-overlay\"><\/div>\n\t\t\t\t\t\t\t<div class=\"elementor-container elementor-column-gap-no\">\n\t\t\t\t\t<div class=\"elementor-column elementor-col-100 elementor-inner-column elementor-element elementor-element-bf54972\" data-id=\"bf54972\" data-element_type=\"column\">\n\t\t\t<div class=\"elementor-widget-wrap elementor-element-populated\">\n\t\t\t\t\t\t\t\t<div class=\"elementor-element elementor-element-0775cf7 mb0 elementor-widget elementor-widget-heading\" data-id=\"0775cf7\" data-element_type=\"widget\" data-widget_type=\"heading.default\">\n\t\t\t\t<div class=\"elementor-widget-container\">\n\t\t\t<h3 class=\"elementor-heading-title elementor-size-default\">Di Tr\u00fa<\/h3>\t\t<\/div>\n\t\t\t\t<\/div>\n\t\t\t\t<div class=\"elementor-element elementor-element-4eec24b elementor-nav-menu__align-left elementor-nav-menu--dropdown-none nav-arrow style1 elementor-widget elementor-widget-nav-menu\" data-id=\"4eec24b\" data-element_type=\"widget\" data-settings=\"{&quot;layout&quot;:&quot;vertical&quot;,&quot;submenu_icon&quot;:{&quot;value&quot;:&quot;&lt;i class=\\&quot;fas fa-caret-down\\&quot;&gt;&lt;\\\/i&gt;&quot;,&quot;library&quot;:&quot;fa-solid&quot;}}\" data-widget_type=\"nav-menu.default\">\n\t\t\t\t<div class=\"elementor-widget-container\">\n\t\t\t\t\t\t<nav class=\"elementor-nav-menu--main elementor-nav-menu__container elementor-nav-menu--layout-vertical e--pointer-none\">\n\t\t\t\t<ul id=\"menu-1-4eec24b\" class=\"elementor-nav-menu sm-vertical\"><li class=\"menu-item menu-item-type-post_type menu-item-object-page menu-item-2037\"><a href=\"https:\/\/aetc.com.au\/vi\/migration\/business-and-investor-visas\/\" class=\"elementor-item\">Visa Kinh Doanh v\u00e0 \u0110\u1ea7u T\u01b0<\/a><\/li>\n<li class=\"menu-item menu-item-type-post_type menu-item-object-page menu-item-2038\"><a href=\"https:\/\/aetc.com.au\/vi\/migration\/working-and-skilled-visas\/\" class=\"elementor-item\">Visa Di\u1ec7n Tay Ngh\u1ec1<\/a><\/li>\n<li class=\"menu-item menu-item-type-post_type menu-item-object-page menu-item-2039\"><a href=\"https:\/\/aetc.com.au\/vi\/migration\/parent-visas\/\" class=\"elementor-item\">Visa B\u1ea3o L\u00e3nh Cha M\u1eb9<\/a><\/li>\n<li class=\"menu-item menu-item-type-post_type menu-item-object-page menu-item-2040\"><a href=\"https:\/\/aetc.com.au\/vi\/migration\/partner-visas\/\" class=\"elementor-item\">Visa b\u1ea3o l\u00e3nh v\u1ee3 ch\u1ed3ng<\/a><\/li>\n<li class=\"menu-item menu-item-type-post_type menu-item-object-page menu-item-2041\"><a href=\"https:\/\/aetc.com.au\/vi\/migration\/visitor-visas\/\" class=\"elementor-item\">Visa du l\u1ecbch<\/a><\/li>\n<li class=\"menu-item menu-item-type-post_type menu-item-object-page menu-item-2042\"><a href=\"https:\/\/aetc.com.au\/vi\/migration\/student\/\" class=\"elementor-item\">Visa du h\u1ecdc<\/a><\/li>\n<\/ul>\t\t\t<\/nav>\n\t\t\t\t\t\t<nav class=\"elementor-nav-menu--dropdown elementor-nav-menu__container\" aria-hidden=\"true\">\n\t\t\t\t<ul id=\"menu-2-4eec24b\" class=\"elementor-nav-menu sm-vertical\"><li class=\"menu-item menu-item-type-post_type menu-item-object-page menu-item-2037\"><a href=\"https:\/\/aetc.com.au\/vi\/migration\/business-and-investor-visas\/\" class=\"elementor-item\" tabindex=\"-1\">Visa Kinh Doanh v\u00e0 \u0110\u1ea7u T\u01b0<\/a><\/li>\n<li class=\"menu-item menu-item-type-post_type menu-item-object-page menu-item-2038\"><a href=\"https:\/\/aetc.com.au\/vi\/migration\/working-and-skilled-visas\/\" class=\"elementor-item\" tabindex=\"-1\">Visa Di\u1ec7n Tay Ngh\u1ec1<\/a><\/li>\n<li class=\"menu-item menu-item-type-post_type menu-item-object-page menu-item-2039\"><a href=\"https:\/\/aetc.com.au\/vi\/migration\/parent-visas\/\" class=\"elementor-item\" tabindex=\"-1\">Visa B\u1ea3o L\u00e3nh Cha M\u1eb9<\/a><\/li>\n<li class=\"menu-item menu-item-type-post_type menu-item-object-page menu-item-2040\"><a href=\"https:\/\/aetc.com.au\/vi\/migration\/partner-visas\/\" class=\"elementor-item\" tabindex=\"-1\">Visa b\u1ea3o l\u00e3nh v\u1ee3 ch\u1ed3ng<\/a><\/li>\n<li class=\"menu-item menu-item-type-post_type menu-item-object-page menu-item-2041\"><a href=\"https:\/\/aetc.com.au\/vi\/migration\/visitor-visas\/\" class=\"elementor-item\" tabindex=\"-1\">Visa du l\u1ecbch<\/a><\/li>\n<li class=\"menu-item menu-item-type-post_type menu-item-object-page menu-item-2042\"><a href=\"https:\/\/aetc.com.au\/vi\/migration\/student\/\" class=\"elementor-item\" tabindex=\"-1\">Visa du h\u1ecdc<\/a><\/li>\n<\/ul>\t\t\t<\/nav>\n\t\t\t\t<\/div>\n\t\t\t\t<\/div>\n\t\t\t\t\t<\/div>\n\t\t<\/div>\n\t\t\t\t\t\t\t<\/div>\n\t\t<\/section>\n\t\t\t\t\t<\/div>\n\t\t<\/div>\n\t\t\t\t\t\t\t<\/div>\n\t\t<\/section>\n\t\t\t\t\t\t\t<\/div>\n\t\t","protected":false},"excerpt":{"rendered":"<p>Visa Kinh Doanh v\u00e0 \u0110\u1ea7u T\u01b0 Home Page Visa Kinh Doanh v\u00e0 \u0110\u1ea7u T\u01b0 Visa Kinh Doanh v\u00e0 \u0110\u1ea7u T\u01b0 (T\u1ea1m tr\u00fa) (visa 188) Visa t\u1ea1m tr\u00fa n\u00e0y l\u00e0 m\u1ed9t ph\u1ea7n c\u1ee7a Ch\u01b0\u01a1ng tr\u00ecnh \u0110\u1ea7u t\u01b0 v\u00e0 Kinh Doanh \u0110\u1ed5i M\u1edbi khuy\u1ebfn kh\u00edch c\u00e1c doanh nh\u00e2n th\u00e0nh l\u1eadp m\u1ed9t doanh nghi\u1ec7p m\u1edbi ho\u1eb7c ph\u00e1t tri\u1ec3n [&hellip;]<\/p>\n","protected":false},"author":1,"featured_media":0,"parent":1443,"menu_order":20,"comment_status":"closed","ping_status":"closed","template":"elementor_header_footer","meta":{"footnotes":""},"class_list":["post-1446","page","type-page","status-publish","hentry"],"acf":[],"_links":{"self":[{"href":"https:\/\/aetc.com.au\/vi\/wp-json\/wp\/v2\/pages\/1446","targetHints":{"allow":["GET"]}}],"collection":[{"href":"https:\/\/aetc.com.au\/vi\/wp-json\/wp\/v2\/pages"}],"about":[{"href":"https:\/\/aetc.com.au\/vi\/wp-json\/wp\/v2\/types\/page"}],"author":[{"embeddable":true,"href":"https:\/\/aetc.com.au\/vi\/wp-json\/wp\/v2\/users\/1"}],"replies":[{"embeddable":true,"href":"https:\/\/aetc.com.au\/vi\/wp-json\/wp\/v2\/comments?post=1446"}],"version-history":[{"count":20,"href":"https:\/\/aetc.com.au\/vi\/wp-json\/wp\/v2\/pages\/1446\/revisions"}],"predecessor-version":[{"id":2061,"href":"https:\/\/aetc.com.au\/vi\/wp-json\/wp\/v2\/pages\/1446\/revisions\/2061"}],"up":[{"embeddable":true,"href":"https:\/\/aetc.com.au\/vi\/wp-json\/wp\/v2\/pages\/1443"}],"wp:attachment":[{"href":"https:\/\/aetc.com.au\/vi\/wp-json\/wp\/v2\/media?parent=1446"}],"curies":[{"name":"wp","href":"https:\/\/api.w.org\/{rel}","templated":true}]}}