{"id":1443,"date":"2022-12-07T14:56:09","date_gmt":"2022-12-07T14:56:09","guid":{"rendered":"https:\/\/aetc.com.au\/migration\/"},"modified":"2026-05-05T00:52:42","modified_gmt":"2026-05-05T00:52:42","slug":"migration","status":"publish","type":"page","link":"https:\/\/aetc.com.au\/vi\/migration\/","title":{"rendered":"Di Tr\u00fa"},"content":{"rendered":"\t\t<div data-elementor-type=\"wp-page\" data-elementor-id=\"1443\" class=\"elementor elementor-1443 elementor-779\">\n\t\t\t\t\t\t\t\t\t<section class=\"elementor-section elementor-top-section elementor-element elementor-element-7c94104 elementor-section-full_width elementor-section-height-default elementor-section-height-default\" data-id=\"7c94104\" data-element_type=\"section\">\n\t\t\t\t\t\t<div class=\"elementor-container elementor-column-gap-no\">\n\t\t\t\t\t<div class=\"elementor-column elementor-col-100 elementor-top-column elementor-element elementor-element-054ce47\" data-id=\"054ce47\" data-element_type=\"column\">\n\t\t\t<div class=\"elementor-widget-wrap elementor-element-populated\">\n\t\t\t\t\t\t\t\t<div class=\"elementor-element elementor-element-f61de71 elementor-widget elementor-widget-page-breadcrumbs\" data-id=\"f61de71\" data-element_type=\"widget\" data-widget_type=\"page-breadcrumbs.default\">\n\t\t\t\t<div class=\"elementor-widget-container\">\n\t\t\t\t\t\r\n\t\t<div class=\"sitepath clearfix\" style=\"background-image: url(https:\/\/aetc.com.au\/wp-content\/uploads\/2022\/12\/banner-Migration.jpg)\" >\r\n\t  \t\t<div class=\"container clearfix\" style=\"max-width: 1350px;\">\r\n\t        <div class=\"wrapper-breacome\">\r\n\t          <div class=\"inner-bre\">\r\n\t      \t\t\t<div class=\"sitepath-l\">\r\n\t      \t\t\t\t<h1>\r\n\t      \t\t\t\t\t<span>\r\n\t      \t\t\t\t\t\t\r\n\t      \t\t\t\t\t\t\t\t\t\t      \t\t\t\tMigration\t\t\t\t      \t\t\t\t\r\n      \t\t\t\t\t\t<\/span>\r\n\t      \t\t\t\t<\/h1>\r\n\t      \t\t\t<\/div>\r\n\t      \t\t\t<div class=\"sitepath-r\">\r\n\t      \t\t\t\t\t      \t\t\t\t\t\t\t      \t\t\t\t<ul class=\"breadcrumbs\">\r\n\t\t      \t\t\t\t\t<li><a href=\"https:\/\/aetc.com.au\">Home<\/a><\/li>\r\n\t\t      \t\t\t\t\t<li class=\"current\">Services<\/li>\r\n\t\t      \t\t\t\t\t<li class=\"current\">Migration<\/li>\r\n\t\t      \t\t\t\t<\/ul>\r\n\t\t      \t\t\t\t\t\t      \t\t\t\t      \t\t\t<\/div>\r\n\t          <\/div>\r\n\t        <\/div>\r\n\t  \t\t<\/div>\r\n\t\t<\/div>\r\n\t\t\t\t<\/div>\n\t\t\t\t<\/div>\n\t\t\t\t\t<\/div>\n\t\t<\/div>\n\t\t\t\t\t\t\t<\/div>\n\t\t<\/section>\n\t\t\t\t<section class=\"elementor-section elementor-top-section elementor-element elementor-element-4c50ec0 elementor-section-content-top elementor-section-boxed elementor-section-height-default elementor-section-height-default\" data-id=\"4c50ec0\" data-element_type=\"section\">\n\t\t\t\t\t\t<div class=\"elementor-container elementor-column-gap-extended\">\n\t\t\t\t\t<div class=\"elementor-column elementor-col-50 elementor-top-column elementor-element elementor-element-1a7687e\" data-id=\"1a7687e\" data-element_type=\"column\">\n\t\t\t<div class=\"elementor-widget-wrap elementor-element-populated\">\n\t\t\t\t\t\t\t\t<div class=\"elementor-element elementor-element-2a42eee mb0 elementor-widget elementor-widget-heading\" data-id=\"2a42eee\" data-element_type=\"widget\" data-widget_type=\"heading.default\">\n\t\t\t\t<div class=\"elementor-widget-container\">\n\t\t\t<h2 class=\"elementor-heading-title elementor-size-default\">Di Tr\u00fa\n<\/h2>\t\t<\/div>\n\t\t\t\t<\/div>\n\t\t\t\t<div class=\"elementor-element elementor-element-b2a4858 mb0 elementor-widget__width-initial elementor-widget elementor-widget-text-editor\" data-id=\"b2a4858\" data-element_type=\"widget\" data-widget_type=\"text-editor.default\">\n\t\t\t\t<div class=\"elementor-widget-container\">\n\t\t\t\t\t\t\t<p>AETC Consulting Group Pty Ltd \u0111\u01b0\u1ee3c c\u00f4 Tr\u00e2m L\u00ea (Tracey) \u2013 MARN 0962676 s\u00e1ng l\u1eadp.<\/p><p>Ch\u00fang t\u00f4i l\u00e0 \u0111\u1ea1i di\u1ec7n di tr\u00fa c\u00f3 \u0111\u0103ng k\u00fd S\u1edf \u0110\u0103ng K\u00fd \u0110\u1ea1i Di\u1ec7n Di Tr\u00fa (OMARA) hop tac cung cac lu\u1eadt s\u01b0 v\u1edbi nhi\u1ec1u n\u0103m kinh nghi\u1ec7m t\u01b0 v\u1ea5n nh\u1eadp c\u01b0 t\u1ea1i \u00dac.<\/p><p>LeTr\u00e2m t\u1ed1t nghi\u1ec7p \u0110\u1ea1i h\u1ecdc Victoria, Melbourne, \u00dac, v\u1edbi b\u1eb1ng Th\u1ea1c s\u0129 Lu\u1eadt Di Tr\u00fa. C\u00f4 Tr\u00e2m c\u00f3 h\u01a1n 17 n\u0103m kinh nghi\u1ec7m th\u1ee5 l\u00fd nh\u1eefng h\u1ed3 s\u01a1 ph\u1ee9c t\u1ea1p trong di\u1ec7n b\u1ea3o l\u00e3nh cha m\u1eb9, h\u00f4n nh\u00e2n, sinh, tay ngh\u1ec1, visa di\u1ec7n \u0111\u1ea7u t\u01b0 v\u00e0 kh\u00e1ng c\u00e1o cho visa b\u1ecb hu\u1ef7 ho\u1eb7c t\u1eeb ch\u1ed1i. Ch\u00fang t\u00f4i lu\u00f4n t\u00ecm gi\u1ea3i ph\u00e1p visa ph\u00f9 h\u1ee3p cho m\u1ed7i tr\u01b0\u1eddng h\u1ee3p v\u00e0 h\u1ed7 tr\u1ee3 qu\u00fd v\u1ecb qua t\u1eebng giai \u0111o\u1ea1n c\u1ee7a vi\u1ec7c xin visa.<\/p><p>Trong h\u00e0nh tr\u00ecnh nhi\u1ec1u n\u0103m qua, t\u1ea1i AETC, ch\u00fang t\u00f4i \u0111\u00e3 h\u1ed7 tr\u1ee3 \u0111\u01a1n xin visa v\u00e0 gi\u00fap kh\u00e1ch h\u00e0ng \u0111\u1ea1t \u0111\u01b0\u1ee3c gi\u1ea3i ph\u00e1p nh\u1eadp c\u01b0 v\u00e0o \u00dac t\u1ed1t nh\u1ea5t.\u00a0<\/p><p>Lu\u1eadt visa c\u1ee7a \u00dac r\u1ea5t ph\u1ee9c t\u1ea1p v\u00e0 \u0111\u00f2i h\u1ecfi ki\u1ebfn th\u1ee9c c\u00f3 th\u1ea9m quy\u1ec1n v\u1ec1 lu\u1eadt nh\u1eadp c\u01b0. \u0110\u1ebfn v\u1edbi v\u0103n ph\u00f2ng ch\u00fang t\u00f4i, qu\u00fd v\u1ecb s\u1ebd ti\u1ebft ki\u1ec7m th\u1eddi gian v\u00e0 ti\u1ec1n b\u1ea1c, c\u0169ng nh\u01b0 t\u1ea1o s\u1ef1 kh\u00e1c bi\u1ec7t cho t\u01b0\u01a1ng lai c\u1ee7a b\u1ea1n v\u00e0 gia \u0111\u00ecnh.<\/p>\t\t\t\t\t\t<\/div>\n\t\t\t\t<\/div>\n\t\t\t\t<div class=\"elementor-element elementor-element-d11c0bd elementor-widget elementor-widget-image\" data-id=\"d11c0bd\" data-element_type=\"widget\" data-widget_type=\"image.default\">\n\t\t\t\t<div class=\"elementor-widget-container\">\n\t\t\t\t\t\t\t\t\t\t\t\t\t\t\t<img decoding=\"async\" width=\"286\" height=\"113\" src=\"https:\/\/aetc.com.au\/wp-content\/uploads\/2023\/04\/logo-Migration.png\" class=\"attachment-full size-full wp-image-2341\" alt=\"\" \/>\t\t\t\t\t\t\t\t\t\t\t\t\t\t\t<\/div>\n\t\t\t\t<\/div>\n\t\t\t\t\t<\/div>\n\t\t<\/div>\n\t\t\t\t<div class=\"elementor-column elementor-col-50 elementor-top-column elementor-element elementor-element-4ac325a\" data-id=\"4ac325a\" data-element_type=\"column\">\n\t\t\t<div class=\"elementor-widget-wrap elementor-element-populated\">\n\t\t\t\t\t\t\t\t<div class=\"elementor-element elementor-element-c28f1cb elementor-widget elementor-widget-image\" data-id=\"c28f1cb\" data-element_type=\"widget\" data-widget_type=\"image.default\">\n\t\t\t\t<div class=\"elementor-widget-container\">\n\t\t\t\t\t\t\t\t\t\t\t\t\t\t\t<img decoding=\"async\" width=\"652\" height=\"700\" src=\"https:\/\/aetc.com.au\/wp-content\/uploads\/2022\/12\/image-Migration.jpg\" class=\"attachment-full size-full wp-image-1295\" alt=\"\" srcset=\"https:\/\/aetc.com.au\/wp-content\/uploads\/2022\/12\/image-Migration.jpg 652w, https:\/\/aetc.com.au\/wp-content\/uploads\/2022\/12\/image-Migration-279x300.jpg 279w\" sizes=\"(max-width: 652px) 100vw, 652px\" \/>\t\t\t\t\t\t\t\t\t\t\t\t\t\t\t<\/div>\n\t\t\t\t<\/div>\n\t\t\t\t\t<\/div>\n\t\t<\/div>\n\t\t\t\t\t\t\t<\/div>\n\t\t<\/section>\n\t\t\t\t<section class=\"elementor-section elementor-top-section elementor-element elementor-element-0f77c4d elementor-section-boxed elementor-section-height-default elementor-section-height-default\" data-id=\"0f77c4d\" data-element_type=\"section\" data-settings=\"{&quot;background_background&quot;:&quot;classic&quot;}\">\n\t\t\t\t\t\t<div class=\"elementor-container elementor-column-gap-no\">\n\t\t\t\t\t<div class=\"elementor-column elementor-col-100 elementor-top-column elementor-element elementor-element-83e3171\" data-id=\"83e3171\" data-element_type=\"column\">\n\t\t\t<div class=\"elementor-widget-wrap elementor-element-populated\">\n\t\t\t\t\t\t\t\t<section class=\"elementor-section elementor-inner-section elementor-element elementor-element-1d29394 inner-post-page elementor-section-boxed elementor-section-height-default elementor-section-height-default\" data-id=\"1d29394\" data-element_type=\"section\">\n\t\t\t\t\t\t<div class=\"elementor-container elementor-column-gap-extended\">\n\t\t\t\t\t<div class=\"elementor-column elementor-col-33 elementor-inner-column elementor-element elementor-element-14977b5\" data-id=\"14977b5\" data-element_type=\"column\">\n\t\t\t<div class=\"elementor-widget-wrap elementor-element-populated\">\n\t\t\t\t\t\t\t\t<div class=\"elementor-element elementor-element-7e92178 mb0 image-box-hover elementor-position-top elementor-vertical-align-top elementor-widget elementor-widget-image-box\" data-id=\"7e92178\" data-element_type=\"widget\" data-widget_type=\"image-box.default\">\n\t\t\t\t<div class=\"elementor-widget-container\">\n\t\t\t<div class=\"elementor-image-box-wrapper\"><figure class=\"elementor-image-box-img\"><a href=\"https:\/\/aetc.com.au\/vi\/migration\/business-and-investor-visas\/\"><img decoding=\"async\" width=\"816\" height=\"500\" src=\"https:\/\/aetc.com.au\/wp-content\/uploads\/2022\/12\/post-Migration-6.jpg\" class=\"attachment-full size-full wp-image-1302\" alt=\"\" srcset=\"https:\/\/aetc.com.au\/wp-content\/uploads\/2022\/12\/post-Migration-6.jpg 816w, https:\/\/aetc.com.au\/wp-content\/uploads\/2022\/12\/post-Migration-6-300x184.jpg 300w, https:\/\/aetc.com.au\/wp-content\/uploads\/2022\/12\/post-Migration-6-768x471.jpg 768w\" sizes=\"(max-width: 816px) 100vw, 816px\" \/><\/a><\/figure><div class=\"elementor-image-box-content\"><h5 class=\"elementor-image-box-title\"><a href=\"https:\/\/aetc.com.au\/vi\/migration\/business-and-investor-visas\/\">Visa Kinh Doanh v\u00e0 \u0110\u1ea7u T\u01b0 <\/a><\/h5><p class=\"elementor-image-box-description\">   Visa t\u1ea1m tr\u00fa n\u00e0y l\u00e0 m\u1ed9t ph\u1ea7n c\u1ee7a Ch\u01b0\u01a1ng tr\u00ecnh \u0110\u1ea7u t\u01b0 v\u00e0 Kinh Doanh \u0110\u1ed5i M\u1edbi khuy\u1ebfn kh\u00edch c\u00e1c doanh nh\u00e2n th\u00e0nh l\u1eadp m\u1ed9t doanh nghi\u1ec7p m\u1edbi ho\u1eb7c ph\u00e1t tri\u1ec3n m\u1ed9t doanh nghi\u1ec7p hi\u1ec7n c\u00f3 v\u00e0...<\/p><\/div><\/div>\t\t<\/div>\n\t\t\t\t<\/div>\n\t\t\t\t<div class=\"elementor-element elementor-element-21821ae ab-button-v1 elementor-widget elementor-widget-button\" data-id=\"21821ae\" data-element_type=\"widget\" data-widget_type=\"button.default\">\n\t\t\t\t<div class=\"elementor-widget-container\">\n\t\t\t\t\t<div class=\"elementor-button-wrapper\">\n\t\t\t<a href=\"https:\/\/aetc.com.au\/vi\/migration\/business-and-investor-visas\/\" class=\"elementor-button-link elementor-button elementor-size-sm\" role=\"button\">\n\t\t\t\t\t\t<span class=\"elementor-button-content-wrapper\">\n\t\t\t\t\t\t\t<span class=\"elementor-button-icon elementor-align-icon-right\">\n\t\t\t\t<i aria-hidden=\"true\" class=\"fas fa-arrow-right\"><\/i>\t\t\t<\/span>\n\t\t\t\t\t\t<span class=\"elementor-button-text\">\u0110\u1ecdc th\u00eam<\/span>\n\t\t<\/span>\n\t\t\t\t\t<\/a>\n\t\t<\/div>\n\t\t\t\t<\/div>\n\t\t\t\t<\/div>\n\t\t\t\t\t<\/div>\n\t\t<\/div>\n\t\t\t\t<div class=\"elementor-column elementor-col-33 elementor-inner-column elementor-element elementor-element-57bb3ed\" data-id=\"57bb3ed\" data-element_type=\"column\">\n\t\t\t<div class=\"elementor-widget-wrap elementor-element-populated\">\n\t\t\t\t\t\t\t\t<div class=\"elementor-element elementor-element-b3f4c28 mb0 image-box-hover elementor-position-top elementor-vertical-align-top elementor-widget elementor-widget-image-box\" data-id=\"b3f4c28\" data-element_type=\"widget\" data-widget_type=\"image-box.default\">\n\t\t\t\t<div class=\"elementor-widget-container\">\n\t\t\t<div class=\"elementor-image-box-wrapper\"><figure class=\"elementor-image-box-img\"><a href=\"https:\/\/aetc.com.au\/vi\/migration\/working-and-skilled-visas\/\"><img decoding=\"async\" width=\"816\" height=\"500\" src=\"https:\/\/aetc.com.au\/wp-content\/uploads\/2022\/12\/post-Migration-5.jpg\" class=\"attachment-full size-full wp-image-1301\" alt=\"\" srcset=\"https:\/\/aetc.com.au\/wp-content\/uploads\/2022\/12\/post-Migration-5.jpg 816w, https:\/\/aetc.com.au\/wp-content\/uploads\/2022\/12\/post-Migration-5-300x184.jpg 300w, https:\/\/aetc.com.au\/wp-content\/uploads\/2022\/12\/post-Migration-5-768x471.jpg 768w\" sizes=\"(max-width: 816px) 100vw, 816px\" \/><\/a><\/figure><div class=\"elementor-image-box-content\"><h5 class=\"elementor-image-box-title\"><a href=\"https:\/\/aetc.com.au\/vi\/migration\/working-and-skilled-visas\/\">Visa Di\u1ec7n Tay Ngh\u1ec1<\/a><\/h5><p class=\"elementor-image-box-description\">Ng\u01b0\u1eddi c\u00f3 tay ngh\u1ec1 v\u00e0 kinh nghi\u1ec7m \u1edf n\u01b0\u1edbc ngo\u00e0i c\u00f3 th\u1ec3 n\u1ed9p \u0111\u01a1n xin l\u00e0m vi\u1ec7c t\u1ea1i \u00dac theo visa nh\u1eadp c\u01b0 c\u00f3 tay ngh\u1ec1. Ngh\u1ec1 nghi\u1ec7p \u0111\u01b0\u1ee3c \u0111\u1ec1 c\u1eed c\u1ea7n ph\u1ea3i n\u1eb1m trong Danh s\u00e1ch...<\/p><\/div><\/div>\t\t<\/div>\n\t\t\t\t<\/div>\n\t\t\t\t<div class=\"elementor-element elementor-element-922afae ab-button-v1 elementor-widget elementor-widget-button\" data-id=\"922afae\" data-element_type=\"widget\" data-widget_type=\"button.default\">\n\t\t\t\t<div class=\"elementor-widget-container\">\n\t\t\t\t\t<div class=\"elementor-button-wrapper\">\n\t\t\t<a href=\"https:\/\/aetc.com.au\/vi\/migration\/working-and-skilled-visas\/\" class=\"elementor-button-link elementor-button elementor-size-sm\" role=\"button\">\n\t\t\t\t\t\t<span class=\"elementor-button-content-wrapper\">\n\t\t\t\t\t\t\t<span class=\"elementor-button-icon elementor-align-icon-right\">\n\t\t\t\t<i aria-hidden=\"true\" class=\"fas fa-arrow-right\"><\/i>\t\t\t<\/span>\n\t\t\t\t\t\t<span class=\"elementor-button-text\">\u0110\u1ecdc th\u00eam<\/span>\n\t\t<\/span>\n\t\t\t\t\t<\/a>\n\t\t<\/div>\n\t\t\t\t<\/div>\n\t\t\t\t<\/div>\n\t\t\t\t\t<\/div>\n\t\t<\/div>\n\t\t\t\t<div class=\"elementor-column elementor-col-33 elementor-inner-column elementor-element elementor-element-6862970\" data-id=\"6862970\" data-element_type=\"column\">\n\t\t\t<div class=\"elementor-widget-wrap elementor-element-populated\">\n\t\t\t\t\t\t\t\t<div class=\"elementor-element elementor-element-5e48160 mb0 image-box-hover elementor-position-top elementor-vertical-align-top elementor-widget elementor-widget-image-box\" data-id=\"5e48160\" data-element_type=\"widget\" data-widget_type=\"image-box.default\">\n\t\t\t\t<div class=\"elementor-widget-container\">\n\t\t\t<div class=\"elementor-image-box-wrapper\"><figure class=\"elementor-image-box-img\"><a href=\"https:\/\/aetc.com.au\/vi\/migration\/parent-visas\/\"><img decoding=\"async\" width=\"816\" height=\"500\" src=\"https:\/\/aetc.com.au\/wp-content\/uploads\/2022\/12\/post-Migration-4.jpg\" class=\"attachment-full size-full wp-image-1300\" alt=\"\" srcset=\"https:\/\/aetc.com.au\/wp-content\/uploads\/2022\/12\/post-Migration-4.jpg 816w, https:\/\/aetc.com.au\/wp-content\/uploads\/2022\/12\/post-Migration-4-300x184.jpg 300w, https:\/\/aetc.com.au\/wp-content\/uploads\/2022\/12\/post-Migration-4-768x471.jpg 768w\" sizes=\"(max-width: 816px) 100vw, 816px\" \/><\/a><\/figure><div class=\"elementor-image-box-content\"><h5 class=\"elementor-image-box-title\"><a href=\"https:\/\/aetc.com.au\/vi\/migration\/parent-visas\/\">Visa B\u1ea3o L\u00e3nh Cha M\u1eb9<\/a><\/h5><p class=\"elementor-image-box-description\">Cha m\u1eb9 c\u1ee7a m\u1ed9t c\u00f4ng d\u00e2n \u00dac, th\u01b0\u1eddng tr\u00fa nh\u00e2n \u00dac ho\u1eb7c c\u00f4ng d\u00e2n New Zealand \u0111\u1ea1t \u0111\u1ee7 \u0111i\u1ec1u ki\u1ec7n \"C\u00e2n b\u1eb1ng gia \u0111\u00ecnh\" (BoF) c\u00f3 th\u1ec3 \u0111\u01b0\u1ee3c b\u1ea3o l\u00e3nh \u0111\u1ec3 di c\u01b0 t\u1ea1i \u00dac...<\/p><\/div><\/div>\t\t<\/div>\n\t\t\t\t<\/div>\n\t\t\t\t<div class=\"elementor-element elementor-element-7570588 ab-button-v1 elementor-widget elementor-widget-button\" data-id=\"7570588\" data-element_type=\"widget\" data-widget_type=\"button.default\">\n\t\t\t\t<div class=\"elementor-widget-container\">\n\t\t\t\t\t<div class=\"elementor-button-wrapper\">\n\t\t\t<a href=\"https:\/\/aetc.com.au\/vi\/migration\/parent-visas\/\" class=\"elementor-button-link elementor-button elementor-size-sm\" role=\"button\">\n\t\t\t\t\t\t<span class=\"elementor-button-content-wrapper\">\n\t\t\t\t\t\t\t<span class=\"elementor-button-icon elementor-align-icon-right\">\n\t\t\t\t<i aria-hidden=\"true\" class=\"fas fa-arrow-right\"><\/i>\t\t\t<\/span>\n\t\t\t\t\t\t<span class=\"elementor-button-text\">\u0110\u1ecdc th\u00eam<\/span>\n\t\t<\/span>\n\t\t\t\t\t<\/a>\n\t\t<\/div>\n\t\t\t\t<\/div>\n\t\t\t\t<\/div>\n\t\t\t\t\t<\/div>\n\t\t<\/div>\n\t\t\t\t\t\t\t<\/div>\n\t\t<\/section>\n\t\t\t\t<section class=\"elementor-section elementor-inner-section elementor-element elementor-element-995ecd8 inner-post-page elementor-section-boxed elementor-section-height-default elementor-section-height-default\" data-id=\"995ecd8\" data-element_type=\"section\">\n\t\t\t\t\t\t<div class=\"elementor-container elementor-column-gap-extended\">\n\t\t\t\t\t<div class=\"elementor-column elementor-col-33 elementor-inner-column elementor-element elementor-element-6429d50\" data-id=\"6429d50\" data-element_type=\"column\">\n\t\t\t<div class=\"elementor-widget-wrap elementor-element-populated\">\n\t\t\t\t\t\t\t\t<div class=\"elementor-element elementor-element-ee73de2 mb0 image-box-hover elementor-position-top elementor-vertical-align-top elementor-widget elementor-widget-image-box\" data-id=\"ee73de2\" data-element_type=\"widget\" data-widget_type=\"image-box.default\">\n\t\t\t\t<div class=\"elementor-widget-container\">\n\t\t\t<div class=\"elementor-image-box-wrapper\"><figure class=\"elementor-image-box-img\"><a href=\"https:\/\/aetc.com.au\/vi\/migration\/partner-visas\/\"><img decoding=\"async\" width=\"816\" height=\"500\" src=\"https:\/\/aetc.com.au\/wp-content\/uploads\/2022\/12\/post-Migration-3.jpg\" class=\"attachment-full size-full wp-image-1299\" alt=\"\" srcset=\"https:\/\/aetc.com.au\/wp-content\/uploads\/2022\/12\/post-Migration-3.jpg 816w, https:\/\/aetc.com.au\/wp-content\/uploads\/2022\/12\/post-Migration-3-300x184.jpg 300w, https:\/\/aetc.com.au\/wp-content\/uploads\/2022\/12\/post-Migration-3-768x471.jpg 768w\" sizes=\"(max-width: 816px) 100vw, 816px\" \/><\/a><\/figure><div class=\"elementor-image-box-content\"><h5 class=\"elementor-image-box-title\"><a href=\"https:\/\/aetc.com.au\/vi\/migration\/partner-visas\/\">Visa b\u1ea3o l\u00e3nh v\u1ee3 ch\u1ed3ng<\/a><\/h5><p class=\"elementor-image-box-description\">N\u1ebfu b\u1ea1n \u0111ang c\u00f3 m\u1ed1i quan h\u1ec7 v\u1ee3 ch\u1ed3ng v\u1edbi m\u1ed9t c\u00f4ng d\u00e2n \u00dac, th\u01b0\u1eddng tr\u00fa \u00dac ho\u1eb7c c\u00f4ng d\u00e2n New Zealand \u0111\u1ee7 \u0111i\u1ec1u ki\u1ec7n, b\u1ea1n c\u00f3 th\u1ec3 b\u1ea3o l\u00e3nh ng\u01b0\u1eddi ph\u1ed1i ng\u1eabu c\u1ee7a b\u1ea1n. B\u1ea1n v\u00e0 ng\u01b0\u1eddi ph\u1ed1i ng\u1eabu ph\u1ea3i...<\/p><\/div><\/div>\t\t<\/div>\n\t\t\t\t<\/div>\n\t\t\t\t<div class=\"elementor-element elementor-element-2778675 ab-button-v1 elementor-widget elementor-widget-button\" data-id=\"2778675\" data-element_type=\"widget\" data-widget_type=\"button.default\">\n\t\t\t\t<div class=\"elementor-widget-container\">\n\t\t\t\t\t<div class=\"elementor-button-wrapper\">\n\t\t\t<a href=\"https:\/\/aetc.com.au\/vi\/migration\/partner-visas\/\" class=\"elementor-button-link elementor-button elementor-size-sm\" role=\"button\">\n\t\t\t\t\t\t<span class=\"elementor-button-content-wrapper\">\n\t\t\t\t\t\t\t<span class=\"elementor-button-icon elementor-align-icon-right\">\n\t\t\t\t<i aria-hidden=\"true\" class=\"fas fa-arrow-right\"><\/i>\t\t\t<\/span>\n\t\t\t\t\t\t<span class=\"elementor-button-text\">\u0110\u1ecdc th\u00eam<\/span>\n\t\t<\/span>\n\t\t\t\t\t<\/a>\n\t\t<\/div>\n\t\t\t\t<\/div>\n\t\t\t\t<\/div>\n\t\t\t\t\t<\/div>\n\t\t<\/div>\n\t\t\t\t<div class=\"elementor-column elementor-col-33 elementor-inner-column elementor-element elementor-element-f84f3c6\" data-id=\"f84f3c6\" data-element_type=\"column\">\n\t\t\t<div class=\"elementor-widget-wrap elementor-element-populated\">\n\t\t\t\t\t\t\t\t<div class=\"elementor-element elementor-element-84547cb mb0 image-box-hover elementor-position-top elementor-vertical-align-top elementor-widget elementor-widget-image-box\" data-id=\"84547cb\" data-element_type=\"widget\" data-widget_type=\"image-box.default\">\n\t\t\t\t<div class=\"elementor-widget-container\">\n\t\t\t<div class=\"elementor-image-box-wrapper\"><figure class=\"elementor-image-box-img\"><a href=\"https:\/\/aetc.com.au\/vi\/migration\/visitor-visas\/\"><img decoding=\"async\" width=\"816\" height=\"500\" src=\"https:\/\/aetc.com.au\/wp-content\/uploads\/2022\/12\/post-Migration-2.jpg\" class=\"attachment-full size-full wp-image-1298\" alt=\"\" srcset=\"https:\/\/aetc.com.au\/wp-content\/uploads\/2022\/12\/post-Migration-2.jpg 816w, https:\/\/aetc.com.au\/wp-content\/uploads\/2022\/12\/post-Migration-2-300x184.jpg 300w, https:\/\/aetc.com.au\/wp-content\/uploads\/2022\/12\/post-Migration-2-768x471.jpg 768w\" sizes=\"(max-width: 816px) 100vw, 816px\" \/><\/a><\/figure><div class=\"elementor-image-box-content\"><h5 class=\"elementor-image-box-title\"><a href=\"https:\/\/aetc.com.au\/vi\/migration\/visitor-visas\/\">Visa du l\u1ecbch<\/a><\/h5><p class=\"elementor-image-box-description\">Visa n\u00e0y cho ph\u00e9p b\u1ea1n du l\u1ecbch \u0111\u1ebfn \u00dac, th\u0103m gia \u0111\u00ecnh v\u00e0 b\u1ea1n b\u00e8, ho\u1eb7c cho c\u00e1c ho\u1ea1t \u0111\u1ed9ng kinh doanh ng\u1eafn h\u1ea1n: Visa du l\u1ecbch (Visitor visa 600)...<\/p><\/div><\/div>\t\t<\/div>\n\t\t\t\t<\/div>\n\t\t\t\t<div class=\"elementor-element elementor-element-0b18e6e ab-button-v1 elementor-widget elementor-widget-button\" data-id=\"0b18e6e\" data-element_type=\"widget\" data-widget_type=\"button.default\">\n\t\t\t\t<div class=\"elementor-widget-container\">\n\t\t\t\t\t<div class=\"elementor-button-wrapper\">\n\t\t\t<a href=\"https:\/\/aetc.com.au\/vi\/migration\/visitor-visas\/\" class=\"elementor-button-link elementor-button elementor-size-sm\" role=\"button\">\n\t\t\t\t\t\t<span class=\"elementor-button-content-wrapper\">\n\t\t\t\t\t\t\t<span class=\"elementor-button-icon elementor-align-icon-right\">\n\t\t\t\t<i aria-hidden=\"true\" class=\"fas fa-arrow-right\"><\/i>\t\t\t<\/span>\n\t\t\t\t\t\t<span class=\"elementor-button-text\">\u0110\u1ecdc th\u00eam<\/span>\n\t\t<\/span>\n\t\t\t\t\t<\/a>\n\t\t<\/div>\n\t\t\t\t<\/div>\n\t\t\t\t<\/div>\n\t\t\t\t\t<\/div>\n\t\t<\/div>\n\t\t\t\t<div class=\"elementor-column elementor-col-33 elementor-inner-column elementor-element elementor-element-8c04ae0\" data-id=\"8c04ae0\" data-element_type=\"column\">\n\t\t\t<div class=\"elementor-widget-wrap elementor-element-populated\">\n\t\t\t\t\t\t\t\t<div class=\"elementor-element elementor-element-81daa40 mb0 image-box-hover elementor-position-top elementor-vertical-align-top elementor-widget elementor-widget-image-box\" data-id=\"81daa40\" data-element_type=\"widget\" data-widget_type=\"image-box.default\">\n\t\t\t\t<div class=\"elementor-widget-container\">\n\t\t\t<div class=\"elementor-image-box-wrapper\"><figure class=\"elementor-image-box-img\"><a href=\"https:\/\/aetc.com.au\/vi\/migration\/student\/\"><img decoding=\"async\" width=\"816\" height=\"500\" src=\"https:\/\/aetc.com.au\/wp-content\/uploads\/2022\/12\/post-Migration-1.jpg\" class=\"attachment-full size-full wp-image-1297\" alt=\"\" srcset=\"https:\/\/aetc.com.au\/wp-content\/uploads\/2022\/12\/post-Migration-1.jpg 816w, https:\/\/aetc.com.au\/wp-content\/uploads\/2022\/12\/post-Migration-1-300x184.jpg 300w, https:\/\/aetc.com.au\/wp-content\/uploads\/2022\/12\/post-Migration-1-768x471.jpg 768w\" sizes=\"(max-width: 816px) 100vw, 816px\" \/><\/a><\/figure><div class=\"elementor-image-box-content\"><h5 class=\"elementor-image-box-title\"><a href=\"https:\/\/aetc.com.au\/vi\/migration\/student\/\">Visa du h\u1ecdc<\/a><\/h5><p class=\"elementor-image-box-description\">Visa t\u1ea1m tr\u00fa n\u00e0y d\u00e0nh cho nh\u1eefng sinh vi\u00ean mu\u1ed1n \u0111\u1ebfn \u00dac \u0111\u1ec3 h\u1ecdc t\u1ea1i m\u1ed9t vi\u1ec7n CRICOS. H\u1ecdc sinh ph\u1ea3i \u0111\u00e1p \u1ee9ng nh\u1eefng \u0111i\u1ec1u sau \u0111\u00e2y: Y\u00eau c\u1ea7u \u0111\u00e1nh gi\u00e1 ho\u00e0n c\u1ea3nh c\u00e1 nh\u00e2n...\n<\/p><\/div><\/div>\t\t<\/div>\n\t\t\t\t<\/div>\n\t\t\t\t<div class=\"elementor-element elementor-element-fbedf5e ab-button-v1 elementor-widget elementor-widget-button\" data-id=\"fbedf5e\" data-element_type=\"widget\" data-widget_type=\"button.default\">\n\t\t\t\t<div class=\"elementor-widget-container\">\n\t\t\t\t\t<div class=\"elementor-button-wrapper\">\n\t\t\t<a href=\"https:\/\/aetc.com.au\/vi\/migration\/student\/\" class=\"elementor-button-link elementor-button elementor-size-sm\" role=\"button\">\n\t\t\t\t\t\t<span class=\"elementor-button-content-wrapper\">\n\t\t\t\t\t\t\t<span class=\"elementor-button-icon elementor-align-icon-right\">\n\t\t\t\t<i aria-hidden=\"true\" class=\"fas fa-arrow-right\"><\/i>\t\t\t<\/span>\n\t\t\t\t\t\t<span class=\"elementor-button-text\">\u0110\u1ecdc th\u00eam<\/span>\n\t\t<\/span>\n\t\t\t\t\t<\/a>\n\t\t<\/div>\n\t\t\t\t<\/div>\n\t\t\t\t<\/div>\n\t\t\t\t\t<\/div>\n\t\t<\/div>\n\t\t\t\t\t\t\t<\/div>\n\t\t<\/section>\n\t\t\t\t\t<\/div>\n\t\t<\/div>\n\t\t\t\t\t\t\t<\/div>\n\t\t<\/section>\n\t\t\t\t\t\t\t<\/div>\n\t\t","protected":false},"excerpt":{"rendered":"<p>Migration Home Services Migration Di Tr\u00fa AETC Consulting Group Pty Ltd \u0111\u01b0\u1ee3c c\u00f4 Tr\u00e2m L\u00ea (Tracey) \u2013 MARN 0962676 s\u00e1ng l\u1eadp. Ch\u00fang t\u00f4i l\u00e0 \u0111\u1ea1i di\u1ec7n di tr\u00fa c\u00f3 \u0111\u0103ng k\u00fd S\u1edf \u0110\u0103ng K\u00fd \u0110\u1ea1i Di\u1ec7n Di Tr\u00fa (OMARA) hop tac cung cac lu\u1eadt s\u01b0 v\u1edbi nhi\u1ec1u n\u0103m kinh nghi\u1ec7m t\u01b0 v\u1ea5n nh\u1eadp c\u01b0 t\u1ea1i [&hellip;]<\/p>\n","protected":false},"author":1,"featured_media":0,"parent":0,"menu_order":7,"comment_status":"closed","ping_status":"closed","template":"elementor_header_footer","meta":{"footnotes":""},"class_list":["post-1443","page","type-page","status-publish","hentry"],"acf":[],"_links":{"self":[{"href":"https:\/\/aetc.com.au\/vi\/wp-json\/wp\/v2\/pages\/1443","targetHints":{"allow":["GET"]}}],"collection":[{"href":"https:\/\/aetc.com.au\/vi\/wp-json\/wp\/v2\/pages"}],"about":[{"href":"https:\/\/aetc.com.au\/vi\/wp-json\/wp\/v2\/types\/page"}],"author":[{"embeddable":true,"href":"https:\/\/aetc.com.au\/vi\/wp-json\/wp\/v2\/users\/1"}],"replies":[{"embeddable":true,"href":"https:\/\/aetc.com.au\/vi\/wp-json\/wp\/v2\/comments?post=1443"}],"version-history":[{"count":44,"href":"https:\/\/aetc.com.au\/vi\/wp-json\/wp\/v2\/pages\/1443\/revisions"}],"predecessor-version":[{"id":2410,"href":"https:\/\/aetc.com.au\/vi\/wp-json\/wp\/v2\/pages\/1443\/revisions\/2410"}],"wp:attachment":[{"href":"https:\/\/aetc.com.au\/vi\/wp-json\/wp\/v2\/media?parent=1443"}],"curies":[{"name":"wp","href":"https:\/\/api.w.org\/{rel}","templated":true}]}}