{"id":1440,"date":"2022-12-07T14:29:21","date_gmt":"2022-12-07T14:29:21","guid":{"rendered":"https:\/\/aetc.com.au\/investment\/"},"modified":"2022-12-22T03:52:03","modified_gmt":"2022-12-22T03:52:03","slug":"investment","status":"publish","type":"page","link":"https:\/\/aetc.com.au\/vi\/investment\/","title":{"rendered":"\u0110\u1ea7u T\u01b0"},"content":{"rendered":"\t\t<div data-elementor-type=\"wp-page\" data-elementor-id=\"1440\" class=\"elementor elementor-1440 elementor-704\">\n\t\t\t\t\t\t\t\t\t<section class=\"elementor-section elementor-top-section elementor-element elementor-element-7c94104 elementor-section-full_width elementor-section-height-default elementor-section-height-default\" data-id=\"7c94104\" data-element_type=\"section\">\n\t\t\t\t\t\t<div class=\"elementor-container elementor-column-gap-no\">\n\t\t\t\t\t<div class=\"elementor-column elementor-col-100 elementor-top-column elementor-element elementor-element-054ce47\" data-id=\"054ce47\" data-element_type=\"column\">\n\t\t\t<div class=\"elementor-widget-wrap elementor-element-populated\">\n\t\t\t\t\t\t\t\t<div class=\"elementor-element elementor-element-f61de71 elementor-widget elementor-widget-page-breadcrumbs\" data-id=\"f61de71\" data-element_type=\"widget\" data-widget_type=\"page-breadcrumbs.default\">\n\t\t\t\t<div class=\"elementor-widget-container\">\n\t\t\t\t\t\r\n\t\t<div class=\"sitepath clearfix\" style=\"background-image: url(https:\/\/aetc.com.au\/wp-content\/uploads\/2022\/12\/banner-Investment.jpg)\" >\r\n\t  \t\t<div class=\"container clearfix\" style=\"max-width: 1350px;\">\r\n\t        <div class=\"wrapper-breacome\">\r\n\t          <div class=\"inner-bre\">\r\n\t      \t\t\t<div class=\"sitepath-l\">\r\n\t      \t\t\t\t<h1>\r\n\t      \t\t\t\t\t<span>\r\n\t      \t\t\t\t\t\t\r\n\t      \t\t\t\t\t\t\t\t\t\t      \t\t\t\t\u0110\u1ea7u T\u01b0\t\t\t\t      \t\t\t\t\r\n      \t\t\t\t\t\t<\/span>\r\n\t      \t\t\t\t<\/h1>\r\n\t      \t\t\t<\/div>\r\n\t      \t\t\t<div class=\"sitepath-r\">\r\n\t      \t\t\t\t\t      \t\t\t\t\t\t\t      \t\t\t\t<ul class=\"breadcrumbs\">\r\n\t\t      \t\t\t\t\t<li><a href=\"https:\/\/aetc.com.au\">Home<\/a><\/li>\r\n\t\t      \t\t\t\t\t<li class=\"current\">D\u1ecbch V\u1ee5<\/li>\r\n\t\t      \t\t\t\t\t<li class=\"current\">\u0110\u1ea7u T\u01b0<\/li>\r\n\t\t      \t\t\t\t<\/ul>\r\n\t\t      \t\t\t\t\t\t      \t\t\t\t      \t\t\t<\/div>\r\n\t          <\/div>\r\n\t        <\/div>\r\n\t  \t\t<\/div>\r\n\t\t<\/div>\r\n\t\t\t\t<\/div>\n\t\t\t\t<\/div>\n\t\t\t\t\t<\/div>\n\t\t<\/div>\n\t\t\t\t\t\t\t<\/div>\n\t\t<\/section>\n\t\t\t\t<section class=\"elementor-section elementor-top-section elementor-element elementor-element-4c50ec0 elementor-section-content-middle elementor-section-boxed elementor-section-height-default elementor-section-height-default\" data-id=\"4c50ec0\" data-element_type=\"section\">\n\t\t\t\t\t\t<div class=\"elementor-container elementor-column-gap-no\">\n\t\t\t\t\t<div class=\"elementor-column elementor-col-100 elementor-top-column elementor-element elementor-element-1a7687e\" data-id=\"1a7687e\" data-element_type=\"column\">\n\t\t\t<div class=\"elementor-widget-wrap elementor-element-populated\">\n\t\t\t\t\t\t\t\t<section class=\"elementor-section elementor-inner-section elementor-element elementor-element-e2ea1db elementor-section-boxed elementor-section-height-default elementor-section-height-default\" data-id=\"e2ea1db\" data-element_type=\"section\">\n\t\t\t\t\t\t<div class=\"elementor-container elementor-column-gap-extended\">\n\t\t\t\t\t<div class=\"elementor-column elementor-col-50 elementor-inner-column elementor-element elementor-element-800069c\" data-id=\"800069c\" data-element_type=\"column\">\n\t\t\t<div class=\"elementor-widget-wrap elementor-element-populated\">\n\t\t\t\t\t\t\t\t<div class=\"elementor-element elementor-element-c28f1cb elementor-widget elementor-widget-image\" data-id=\"c28f1cb\" data-element_type=\"widget\" data-widget_type=\"image.default\">\n\t\t\t\t<div class=\"elementor-widget-container\">\n\t\t\t\t\t\t\t\t\t\t\t\t\t\t\t<img decoding=\"async\" width=\"652\" height=\"561\" src=\"https:\/\/aetc.com.au\/wp-content\/uploads\/2022\/12\/image-Investment.jpg\" class=\"attachment-full size-full wp-image-1290\" alt=\"\" srcset=\"https:\/\/aetc.com.au\/wp-content\/uploads\/2022\/12\/image-Investment.jpg 652w, https:\/\/aetc.com.au\/wp-content\/uploads\/2022\/12\/image-Investment-300x258.jpg 300w\" sizes=\"(max-width: 652px) 100vw, 652px\" \/>\t\t\t\t\t\t\t\t\t\t\t\t\t\t\t<\/div>\n\t\t\t\t<\/div>\n\t\t\t\t\t<\/div>\n\t\t<\/div>\n\t\t\t\t<div class=\"elementor-column elementor-col-50 elementor-inner-column elementor-element elementor-element-ea3531d\" data-id=\"ea3531d\" data-element_type=\"column\">\n\t\t\t<div class=\"elementor-widget-wrap elementor-element-populated\">\n\t\t\t\t\t\t\t\t<div class=\"elementor-element elementor-element-2a42eee mb0 elementor-widget elementor-widget-heading\" data-id=\"2a42eee\" data-element_type=\"widget\" data-widget_type=\"heading.default\">\n\t\t\t\t<div class=\"elementor-widget-container\">\n\t\t\t<h2 class=\"elementor-heading-title elementor-size-default\">\u0110\u1ea7u T\u01b0<\/h2>\t\t<\/div>\n\t\t\t\t<\/div>\n\t\t\t\t<div class=\"elementor-element elementor-element-b3202d2 text-check style1 mb0 text-link elementor-widget elementor-widget-text-editor\" data-id=\"b3202d2\" data-element_type=\"widget\" data-widget_type=\"text-editor.default\">\n\t\t\t\t<div class=\"elementor-widget-container\">\n\t\t\t\t\t\t\t<p>\u00dac l\u00e0 m\u1ed9t qu\u1ed1c gia \u1ed5n \u0111\u1ecbnh v\u00e0 c\u00f3 r\u1ee7i ro \u0111\u1ea7u t\u01b0 th\u1ea5p do n\u1ec1n kinh t\u1ebf v\u1eefng m\u1ea1nh, c\u00e1c ng\u00e0nh c\u00f4ng nghi\u1ec7p n\u0103ng \u0111\u1ed9ng v\u00e0 m\u1ed1i quan h\u1ec7 ch\u1eb7t ch\u1ebb v\u1edbi th\u1ebf gi\u1edbi. \u0110\u1ec3 b\u1ea3o v\u1ec7 l\u1ee3i \u00edch c\u1ee7a \u00dac trong khi b\u1ea1n \u0111\u1ea7u t\u01b0, m\u1ed9t s\u1ed1 v\u1ee5 mua l\u1ea1i c\u1ed5 phi\u1ebfu v\u00e0 t\u00e0i s\u1ea3n c\u1ee7a \u00dac \u0111\u01b0\u1ee3c xem x\u00e9t b\u1edfi \u1ee6y ban \u0110\u00e1nh gi\u00e1 \u0110\u1ea7u t\u01b0 N\u01b0\u1edbc ngo\u00e0i (Australian Foreign Investment Review Board).<\/p><h6>V\u1edbi AETC Consulting Group, ch\u00fang t\u00f4i c\u00f3 th\u1ec3 h\u1ed7 tr\u1ee3<\/h6><ul><li>Xin <a href=\"https:\/\/aetc.com.au\/vi\/migration\/business-and-investor-visas\/\">visa kinh doanh v\u00e0 nh\u00e0 \u0111\u1ea7u t\u01b0<\/a> cho \u0111\u01b0\u01a1ng \u0111\u01a1n c\u00f3 quy\u1ec1n s\u1edf h\u1eefu kinh doanh ho\u1eb7c \u0111\u1ea7u t\u01b0 t\u1ea1i \u00dac.<\/li><li>So\u1ea1n th\u1ea3o \u0111\u1ec1 xu\u1ea5t, tr\u00ecnh H\u1ed9i \u0111\u1ed3ng \u0111\u00e1nh gi\u00e1 \u0111\u1ea7u t\u01b0 n\u01b0\u1edbc ngo\u00e0i ph\u00ea duy\u1ec7t v\u00e0 h\u01b0\u1edbng d\u1eabn th\u00f4ng qua quy tr\u00ecnh<\/li><li>Thi\u1ebft l\u1eadp c\u01a1 c\u1ea5u kinh doanh, c\u00f4ng ty ho\u1eb7c mua l\u1ea1i m\u1ed9t doanh nghi\u1ec7p hi\u1ec7n c\u00f3 t\u1ea1i \u00dac<\/li><\/ul><p>Vui l\u00f2ng <a href=\"https:\/\/aetc.com.au\/vi\/contact-us\/\"><strong>li\u00ean h\u1ec7 v\u1edbi ch\u00fang t\u00f4i<\/strong><\/a> \u0111\u1ec3 bi\u1ebft th\u00eam th\u00f4ng tin.<\/p>\t\t\t\t\t\t<\/div>\n\t\t\t\t<\/div>\n\t\t\t\t\t<\/div>\n\t\t<\/div>\n\t\t\t\t\t\t\t<\/div>\n\t\t<\/section>\n\t\t\t\t\t<\/div>\n\t\t<\/div>\n\t\t\t\t\t\t\t<\/div>\n\t\t<\/section>\n\t\t\t\t<section class=\"elementor-section elementor-top-section elementor-element elementor-element-690b28c elementor-section-full_width elementor-section-height-default elementor-section-height-default\" data-id=\"690b28c\" data-element_type=\"section\">\n\t\t\t\t\t\t<div class=\"elementor-container elementor-column-gap-no\">\n\t\t\t\t\t<div class=\"elementor-column elementor-col-100 elementor-top-column elementor-element elementor-element-a0aebc1\" data-id=\"a0aebc1\" data-element_type=\"column\">\n\t\t\t<div class=\"elementor-widget-wrap elementor-element-populated\">\n\t\t\t\t\t\t\t\t<div class=\"elementor-element elementor-element-80ae494 elementor-widget elementor-widget-template\" data-id=\"80ae494\" data-element_type=\"widget\" data-widget_type=\"template.default\">\n\t\t\t\t<div class=\"elementor-widget-container\">\n\t\t\t\t\t<div class=\"elementor-template\">\n\t\t\t\t\t<div data-elementor-type=\"section\" data-elementor-id=\"1798\" class=\"elementor elementor-1798 elementor-662\">\n\t\t\t\t\t\t\t\t<section class=\"elementor-section elementor-top-section elementor-element elementor-element-1bdb8947 elementor-section-full_width elementor-section-height-default elementor-section-height-default\" data-id=\"1bdb8947\" data-element_type=\"section\" data-settings=\"{&quot;background_background&quot;:&quot;classic&quot;}\">\n\t\t\t\t\t\t<div class=\"elementor-container elementor-column-gap-no\">\n\t\t\t\t\t<div class=\"elementor-column elementor-col-50 elementor-top-column elementor-element elementor-element-5765b293\" data-id=\"5765b293\" data-element_type=\"column\">\n\t\t\t<div class=\"elementor-widget-wrap elementor-element-populated\">\n\t\t\t\t\t\t\t\t<section class=\"elementor-section elementor-inner-section elementor-element elementor-element-26e38998 inner-right elementor-section-boxed elementor-section-height-default elementor-section-height-default\" data-id=\"26e38998\" data-element_type=\"section\">\n\t\t\t\t\t\t<div class=\"elementor-container elementor-column-gap-extended\">\n\t\t\t\t\t<div class=\"elementor-column elementor-col-100 elementor-inner-column elementor-element elementor-element-765b8dd1\" data-id=\"765b8dd1\" data-element_type=\"column\">\n\t\t\t<div class=\"elementor-widget-wrap elementor-element-populated\">\n\t\t\t\t\t\t\t\t<div class=\"elementor-element elementor-element-7a3ed55 elementor-widget elementor-widget-heading\" data-id=\"7a3ed55\" data-element_type=\"widget\" data-widget_type=\"heading.default\">\n\t\t\t\t<div class=\"elementor-widget-container\">\n\t\t\t<h2 class=\"elementor-heading-title elementor-size-default\">get in touch with us<\/h2>\t\t<\/div>\n\t\t\t\t<\/div>\n\t\t\t\t<div class=\"elementor-element elementor-element-6ade06bb white-contact-form elementor-widget elementor-widget-text-editor\" data-id=\"6ade06bb\" data-element_type=\"widget\" data-widget_type=\"text-editor.default\">\n\t\t\t\t<div class=\"elementor-widget-container\">\n\t\t\t\t\t\t\t\n<div class=\"wpcf7 no-js\" id=\"wpcf7-f655-o1\" lang=\"en-US\" dir=\"ltr\">\n<div class=\"screen-reader-response\"><p role=\"status\" aria-live=\"polite\" aria-atomic=\"true\"><\/p> <ul><\/ul><\/div>\n<form action=\"\/vi\/wp-json\/wp\/v2\/pages\/1440#wpcf7-f655-o1\" method=\"post\" class=\"wpcf7-form init\" aria-label=\"Contact form\" novalidate=\"novalidate\" data-status=\"init\">\n<div style=\"display: none;\">\n<input type=\"hidden\" name=\"_wpcf7\" value=\"655\" \/>\n<input type=\"hidden\" name=\"_wpcf7_version\" value=\"5.7.5.1\" \/>\n<input type=\"hidden\" name=\"_wpcf7_locale\" value=\"en_US\" \/>\n<input type=\"hidden\" name=\"_wpcf7_unit_tag\" value=\"wpcf7-f655-o1\" \/>\n<input type=\"hidden\" name=\"_wpcf7_container_post\" value=\"0\" \/>\n<input type=\"hidden\" name=\"_wpcf7_posted_data_hash\" value=\"\" \/>\n<input type=\"hidden\" name=\"_wpcf7_recaptcha_response\" value=\"\" \/>\n<\/div>\n<div class=\"container-10\">\n\t<div class=\"row row-contact row-small row-contact-page\">\n\t\t<div class=\"col medium-6 large-6 small-12\">\n\t\t\t<p><label>Email\n\t\t\t\t\t<font style=\"color:#BF0102\">*\n\t\t\t\t\t<\/font><\/label><span class=\"wpcf7-form-control-wrap\" data-name=\"your-email\"><input size=\"40\" class=\"wpcf7-form-control wpcf7-text wpcf7-email wpcf7-validates-as-required wpcf7-validates-as-email\" aria-required=\"true\" aria-invalid=\"false\" placeholder=\"\" value=\"\" type=\"email\" name=\"your-email\" \/><\/span>\n\t\t\t<\/p>\n\t\t<\/div>\n\t\t<div class=\"col medium-6 large-6 small-12\">\n\t\t\t<p><label>Phone\n\t\t\t\t\t<font style=\"color:#BF0102\">*\n\t\t\t\t\t<\/font><\/label><span class=\"wpcf7-form-control-wrap\" data-name=\"your-phone\"><input size=\"40\" class=\"wpcf7-form-control wpcf7-text wpcf7-tel wpcf7-validates-as-required wpcf7-validates-as-tel\" aria-required=\"true\" aria-invalid=\"false\" placeholder=\"\" value=\"\" type=\"tel\" name=\"your-phone\" \/><\/span>\n\t\t\t<\/p>\n\t\t<\/div>\n\t\t<div class=\"col medium-12 large-12 small-12\">\n\t\t\t<p><label>Subject<\/label><span class=\"wpcf7-form-control-wrap\" data-name=\"your-subject\"><input size=\"40\" class=\"wpcf7-form-control wpcf7-text\" aria-invalid=\"false\" placeholder=\"\" value=\"\" type=\"text\" name=\"your-subject\" \/><\/span>\n\t\t\t<\/p>\n\t\t<\/div>\n\t\t<div class=\"col medium-12 large-12 small-12\">\n\t\t\t<p><label>How can we help you? Feel free to get in touch!<\/label><span class=\"wpcf7-form-control-wrap\" data-name=\"your-message\"><textarea cols=\"40\" rows=\"10\" class=\"wpcf7-form-control wpcf7-textarea\" aria-invalid=\"false\" placeholder=\"\" name=\"your-message\"><\/textarea><\/span>\n\t\t\t<\/p>\n\t\t<\/div>\n\t\t<div class=\"col medium-12 large-12 small-12\" style=\" margin-bottom: 15px; \">\n\t\t<span class=\"wpcf7-form-control-wrap recaptcha\" data-name=\"recaptcha\"><span data-sitekey=\"6LcmIi4jAAAAALRyBiTZKuQmujk-4UAed5ONvJpA\" class=\"wpcf7-form-control g-recaptcha wpcf7-recaptcha\"><\/span>\r\n<noscript>\r\n\t<div class=\"grecaptcha-noscript\">\r\n\t\t<iframe src=\"https:\/\/www.google.com\/recaptcha\/api\/fallback?k=6LcmIi4jAAAAALRyBiTZKuQmujk-4UAed5ONvJpA\" frameborder=\"0\" scrolling=\"no\" width=\"310\" height=\"430\">\r\n\t\t<\/iframe>\r\n\t\t<textarea name=\"g-recaptcha-response\" rows=\"3\" cols=\"40\" placeholder=\"reCaptcha Response Here\">\r\n\t\t<\/textarea>\r\n\t<\/div>\r\n<\/noscript>\r\n<\/span>\n\t\t<\/div>\n\t\t<div class=\"col medium-12 large-12 small-12 form-button style-white\">\n\t\t\t<p><span class=\"wrapper-btn-submit\"><input class=\"wpcf7-form-control has-spinner wpcf7-submit button\" type=\"submit\" value=\"Send Us\" \/><\/span>\n\t\t\t<\/p>\n\t\t<\/div>\n\t<\/div>\n<\/div><div class=\"wpcf7-response-output\" aria-hidden=\"true\"><\/div>\n<\/form>\n<\/div>\n\t\t\t\t\t\t<\/div>\n\t\t\t\t<\/div>\n\t\t\t\t\t<\/div>\n\t\t<\/div>\n\t\t\t\t\t\t\t<\/div>\n\t\t<\/section>\n\t\t\t\t\t<\/div>\n\t\t<\/div>\n\t\t\t\t<div class=\"elementor-column elementor-col-50 elementor-top-column elementor-element elementor-element-28f0e9a4\" data-id=\"28f0e9a4\" data-element_type=\"column\" data-settings=\"{&quot;background_background&quot;:&quot;classic&quot;}\">\n\t\t\t<div class=\"elementor-widget-wrap elementor-element-populated\">\n\t\t\t\t\t\t\t\t<div class=\"elementor-element elementor-element-4f386d0a elementor-hidden-desktop elementor-hidden-tablet elementor-widget elementor-widget-image\" data-id=\"4f386d0a\" data-element_type=\"widget\" data-widget_type=\"image.default\">\n\t\t\t\t<div class=\"elementor-widget-container\">\n\t\t\t\t\t\t\t\t\t\t\t\t\t\t\t<img decoding=\"async\" width=\"1000\" height=\"633\" src=\"https:\/\/aetc.com.au\/wp-content\/uploads\/2022\/12\/contact-service-image.jpg\" class=\"attachment-full size-full wp-image-1286\" alt=\"\" srcset=\"https:\/\/aetc.com.au\/wp-content\/uploads\/2022\/12\/contact-service-image.jpg 1000w, https:\/\/aetc.com.au\/wp-content\/uploads\/2022\/12\/contact-service-image-300x190.jpg 300w, https:\/\/aetc.com.au\/wp-content\/uploads\/2022\/12\/contact-service-image-768x486.jpg 768w\" sizes=\"(max-width: 1000px) 100vw, 1000px\" \/>\t\t\t\t\t\t\t\t\t\t\t\t\t\t\t<\/div>\n\t\t\t\t<\/div>\n\t\t\t\t\t<\/div>\n\t\t<\/div>\n\t\t\t\t\t\t\t<\/div>\n\t\t<\/section>\n\t\t\t\t\t\t<\/div>\n\t\t\t\t<\/div>\n\t\t\t\t<\/div>\n\t\t\t\t<\/div>\n\t\t\t\t\t<\/div>\n\t\t<\/div>\n\t\t\t\t\t\t\t<\/div>\n\t\t<\/section>\n\t\t\t\t\t\t\t<\/div>\n\t\t","protected":false},"excerpt":{"rendered":"<p>\u0110\u1ea7u T\u01b0 Home D\u1ecbch V\u1ee5 \u0110\u1ea7u T\u01b0 \u0110\u1ea7u T\u01b0 \u00dac l\u00e0 m\u1ed9t qu\u1ed1c gia \u1ed5n \u0111\u1ecbnh v\u00e0 c\u00f3 r\u1ee7i ro \u0111\u1ea7u t\u01b0 th\u1ea5p do n\u1ec1n kinh t\u1ebf v\u1eefng m\u1ea1nh, c\u00e1c ng\u00e0nh c\u00f4ng nghi\u1ec7p n\u0103ng \u0111\u1ed9ng v\u00e0 m\u1ed1i quan h\u1ec7 ch\u1eb7t ch\u1ebb v\u1edbi th\u1ebf gi\u1edbi. \u0110\u1ec3 b\u1ea3o v\u1ec7 l\u1ee3i \u00edch c\u1ee7a \u00dac trong khi b\u1ea1n \u0111\u1ea7u [&hellip;]<\/p>\n","protected":false},"author":1,"featured_media":0,"parent":0,"menu_order":26,"comment_status":"closed","ping_status":"closed","template":"elementor_header_footer","meta":{"footnotes":""},"class_list":["post-1440","page","type-page","status-publish","hentry"],"acf":[],"_links":{"self":[{"href":"https:\/\/aetc.com.au\/vi\/wp-json\/wp\/v2\/pages\/1440","targetHints":{"allow":["GET"]}}],"collection":[{"href":"https:\/\/aetc.com.au\/vi\/wp-json\/wp\/v2\/pages"}],"about":[{"href":"https:\/\/aetc.com.au\/vi\/wp-json\/wp\/v2\/types\/page"}],"author":[{"embeddable":true,"href":"https:\/\/aetc.com.au\/vi\/wp-json\/wp\/v2\/users\/1"}],"replies":[{"embeddable":true,"href":"https:\/\/aetc.com.au\/vi\/wp-json\/wp\/v2\/comments?post=1440"}],"version-history":[{"count":18,"href":"https:\/\/aetc.com.au\/vi\/wp-json\/wp\/v2\/pages\/1440\/revisions"}],"predecessor-version":[{"id":1741,"href":"https:\/\/aetc.com.au\/vi\/wp-json\/wp\/v2\/pages\/1440\/revisions\/1741"}],"wp:attachment":[{"href":"https:\/\/aetc.com.au\/vi\/wp-json\/wp\/v2\/media?parent=1440"}],"curies":[{"name":"wp","href":"https:\/\/api.w.org\/{rel}","templated":true}]}}