{"id":1437,"date":"2022-12-07T14:39:31","date_gmt":"2022-12-07T14:39:31","guid":{"rendered":"https:\/\/aetc.com.au\/insurance\/"},"modified":"2023-03-31T07:44:40","modified_gmt":"2023-03-31T07:44:40","slug":"insurance","status":"publish","type":"page","link":"https:\/\/aetc.com.au\/vi\/insurance\/","title":{"rendered":"B\u1ea3o Hi\u1ec3m"},"content":{"rendered":"\t\t<div data-elementor-type=\"wp-page\" data-elementor-id=\"1437\" class=\"elementor elementor-1437 elementor-746\">\n\t\t\t\t\t\t\t\t\t<section class=\"elementor-section elementor-top-section elementor-element elementor-element-7c94104 elementor-section-full_width elementor-section-height-default elementor-section-height-default\" data-id=\"7c94104\" data-element_type=\"section\">\n\t\t\t\t\t\t<div class=\"elementor-container elementor-column-gap-no\">\n\t\t\t\t\t<div class=\"elementor-column elementor-col-100 elementor-top-column elementor-element elementor-element-054ce47\" data-id=\"054ce47\" data-element_type=\"column\">\n\t\t\t<div class=\"elementor-widget-wrap elementor-element-populated\">\n\t\t\t\t\t\t\t\t<div class=\"elementor-element elementor-element-f61de71 elementor-widget elementor-widget-page-breadcrumbs\" data-id=\"f61de71\" data-element_type=\"widget\" data-widget_type=\"page-breadcrumbs.default\">\n\t\t\t\t<div class=\"elementor-widget-container\">\n\t\t\t\t\t\r\n\t\t<div class=\"sitepath clearfix\" style=\"background-image: url(https:\/\/aetc.com.au\/wp-content\/uploads\/2022\/12\/banner-Insurance.jpg)\" >\r\n\t  \t\t<div class=\"container clearfix\" style=\"max-width: 1350px;\">\r\n\t        <div class=\"wrapper-breacome\">\r\n\t          <div class=\"inner-bre\">\r\n\t      \t\t\t<div class=\"sitepath-l\">\r\n\t      \t\t\t\t<h1>\r\n\t      \t\t\t\t\t<span>\r\n\t      \t\t\t\t\t\t\r\n\t      \t\t\t\t\t\t\t\t\t\t      \t\t\t\tB\u1ea3o Hi\u1ec3m\t\t\t\t      \t\t\t\t\r\n      \t\t\t\t\t\t<\/span>\r\n\t      \t\t\t\t<\/h1>\r\n\t      \t\t\t<\/div>\r\n\t      \t\t\t<div class=\"sitepath-r\">\r\n\t      \t\t\t\t\t      \t\t\t\t\t\t\t      \t\t\t\t<ul class=\"breadcrumbs\">\r\n\t\t      \t\t\t\t\t<li><a href=\"https:\/\/aetc.com.au\">Home<\/a><\/li>\r\n\t\t      \t\t\t\t\t<li class=\"current\">D\u1ecbch V\u1ee5<\/li>\r\n\t\t      \t\t\t\t\t<li class=\"current\">B\u1ea3o Hi\u1ec3m<\/li>\r\n\t\t      \t\t\t\t<\/ul>\r\n\t\t      \t\t\t\t\t\t      \t\t\t\t      \t\t\t<\/div>\r\n\t          <\/div>\r\n\t        <\/div>\r\n\t  \t\t<\/div>\r\n\t\t<\/div>\r\n\t\t\t\t<\/div>\n\t\t\t\t<\/div>\n\t\t\t\t\t<\/div>\n\t\t<\/div>\n\t\t\t\t\t\t\t<\/div>\n\t\t<\/section>\n\t\t\t\t<section class=\"elementor-section elementor-top-section elementor-element elementor-element-4c50ec0 elementor-section-content-middle elementor-section-boxed elementor-section-height-default elementor-section-height-default\" data-id=\"4c50ec0\" data-element_type=\"section\">\n\t\t\t\t\t\t<div class=\"elementor-container elementor-column-gap-no\">\n\t\t\t\t\t<div class=\"elementor-column elementor-col-100 elementor-top-column elementor-element elementor-element-1a7687e\" data-id=\"1a7687e\" data-element_type=\"column\">\n\t\t\t<div class=\"elementor-widget-wrap elementor-element-populated\">\n\t\t\t\t\t\t\t\t<section class=\"elementor-section elementor-inner-section elementor-element elementor-element-e2ea1db elementor-section-content-middle elementor-section-boxed elementor-section-height-default elementor-section-height-default\" data-id=\"e2ea1db\" data-element_type=\"section\">\n\t\t\t\t\t\t<div class=\"elementor-container elementor-column-gap-extended\">\n\t\t\t\t\t<div class=\"elementor-column elementor-col-50 elementor-inner-column elementor-element elementor-element-800069c\" data-id=\"800069c\" data-element_type=\"column\">\n\t\t\t<div class=\"elementor-widget-wrap elementor-element-populated\">\n\t\t\t\t\t\t\t\t<div class=\"elementor-element elementor-element-c28f1cb elementor-widget elementor-widget-image\" data-id=\"c28f1cb\" data-element_type=\"widget\" data-widget_type=\"image.default\">\n\t\t\t\t<div class=\"elementor-widget-container\">\n\t\t\t\t\t\t\t\t\t\t\t\t\t\t\t<img decoding=\"async\" width=\"652\" height=\"561\" src=\"https:\/\/aetc.com.au\/wp-content\/uploads\/2022\/12\/Insurance-image-1.jpg\" class=\"attachment-full size-full wp-image-1292\" alt=\"\" srcset=\"https:\/\/aetc.com.au\/wp-content\/uploads\/2022\/12\/Insurance-image-1.jpg 652w, https:\/\/aetc.com.au\/wp-content\/uploads\/2022\/12\/Insurance-image-1-300x258.jpg 300w\" sizes=\"(max-width: 652px) 100vw, 652px\" \/>\t\t\t\t\t\t\t\t\t\t\t\t\t\t\t<\/div>\n\t\t\t\t<\/div>\n\t\t\t\t\t<\/div>\n\t\t<\/div>\n\t\t\t\t<div class=\"elementor-column elementor-col-50 elementor-inner-column elementor-element elementor-element-ea3531d\" data-id=\"ea3531d\" data-element_type=\"column\">\n\t\t\t<div class=\"elementor-widget-wrap elementor-element-populated\">\n\t\t\t\t\t\t\t\t<div class=\"elementor-element elementor-element-2a42eee mb0 elementor-widget__width-initial elementor-widget elementor-widget-heading\" data-id=\"2a42eee\" data-element_type=\"widget\" data-widget_type=\"heading.default\">\n\t\t\t\t<div class=\"elementor-widget-container\">\n\t\t\t<h2 class=\"elementor-heading-title elementor-size-default\">B\u1ea3o hi\u1ec3m s\u1ee9c kh\u1ecfe sinh vi\u00ean v\u00e0 du kh\u00e1ch n\u01b0\u1edbc ngo\u00e0i<\/h2>\t\t<\/div>\n\t\t\t\t<\/div>\n\t\t\t\t<div class=\"elementor-element elementor-element-b3202d2 text-check style1 mb0 text-link elementor-widget elementor-widget-text-editor\" data-id=\"b3202d2\" data-element_type=\"widget\" data-widget_type=\"text-editor.default\">\n\t\t\t\t<div class=\"elementor-widget-container\">\n\t\t\t\t\t\t\t<p>Du h\u1ecdc sinh v\u00e0 du kh\u00e1ch \u0111\u01b0\u1ee3c y\u00eau c\u1ea7u ph\u1ea3i c\u00f3 b\u1ea3o hi\u1ec3m y t\u1ebf v\u00e0 b\u1ec7nh vi\u1ec7n trong khi h\u1ecdc ho\u1eb7c du l\u1ecbch t\u1ea1i \u00dac. Ch\u00fang t\u00f4i l\u00e0 \u0111\u1ea1i di\u1ec7n ch\u00ednh th\u1ee9c cho BUPA v\u00e0 Medibank .<\/p><p>T\u00f9y theo v\u00e0o ch\u00ednh s\u00e1ch b\u1ea1n ch\u1ecdn, Bupa v\u00e0 Medibank s\u1ebd thanh to\u00e1n cho b\u1ec7nh vi\u1ec7n, chi ph\u00ed y t\u1ebf, nh\u00e0 thu\u1ed1c t\u00e2y ho\u1eb7c d\u1ecbch v\u1ee5 xe c\u1ee9u th\u01b0\u01a1ng kh\u1ea9n c\u1ea5p.<\/p><p>Li\u00ean h\u1ec7 v\u1edbi ch\u00fang t\u00f4i \u0111\u1ec3 \u0111\u01b0\u1ee3c b\u00e1o gi\u00e1 gi\u1ea3m gi\u00e1 \u0111\u1eb7c bi\u1ec7t<\/p>\t\t\t\t\t\t<\/div>\n\t\t\t\t<\/div>\n\t\t\t\t<div class=\"elementor-element elementor-element-5e7b76c elementor-widget__width-auto elementor-widget elementor-widget-button\" data-id=\"5e7b76c\" data-element_type=\"widget\" data-widget_type=\"button.default\">\n\t\t\t\t<div class=\"elementor-widget-container\">\n\t\t\t\t\t<div class=\"elementor-button-wrapper\">\n\t\t\t<a href=\"#\" class=\"elementor-button-link elementor-button elementor-size-md\" role=\"button\">\n\t\t\t\t\t\t<span class=\"elementor-button-content-wrapper\">\n\t\t\t\t\t\t<span class=\"elementor-button-text\">Bupa<\/span>\n\t\t<\/span>\n\t\t\t\t\t<\/a>\n\t\t<\/div>\n\t\t\t\t<\/div>\n\t\t\t\t<\/div>\n\t\t\t\t<div class=\"elementor-element elementor-element-90e05e5 elementor-widget__width-auto elementor-widget elementor-widget-button\" data-id=\"90e05e5\" data-element_type=\"widget\" data-widget_type=\"button.default\">\n\t\t\t\t<div class=\"elementor-widget-container\">\n\t\t\t\t\t<div class=\"elementor-button-wrapper\">\n\t\t\t<a href=\"#\" class=\"elementor-button-link elementor-button elementor-size-md\" role=\"button\">\n\t\t\t\t\t\t<span class=\"elementor-button-content-wrapper\">\n\t\t\t\t\t\t<span class=\"elementor-button-text\">Medibank<\/span>\n\t\t<\/span>\n\t\t\t\t\t<\/a>\n\t\t<\/div>\n\t\t\t\t<\/div>\n\t\t\t\t<\/div>\n\t\t\t\t\t<\/div>\n\t\t<\/div>\n\t\t\t\t\t\t\t<\/div>\n\t\t<\/section>\n\t\t\t\t<section class=\"elementor-section elementor-inner-section elementor-element elementor-element-49bd848 elementor-section-content-middle elementor-reverse-mobile elementor-section-boxed elementor-section-height-default elementor-section-height-default\" data-id=\"49bd848\" data-element_type=\"section\">\n\t\t\t\t\t\t<div class=\"elementor-container elementor-column-gap-extended\">\n\t\t\t\t\t<div class=\"elementor-column elementor-col-50 elementor-inner-column elementor-element elementor-element-5e88fa5\" data-id=\"5e88fa5\" data-element_type=\"column\">\n\t\t\t<div class=\"elementor-widget-wrap elementor-element-populated\">\n\t\t\t\t\t\t\t\t<div class=\"elementor-element elementor-element-ad8cfbf mb0 elementor-widget__width-initial elementor-widget elementor-widget-heading\" data-id=\"ad8cfbf\" data-element_type=\"widget\" data-widget_type=\"heading.default\">\n\t\t\t\t<div class=\"elementor-widget-container\">\n\t\t\t<h2 class=\"elementor-heading-title elementor-size-default\">B\u1ea3o hi\u1ec3m du l\u1ecbch<\/h2>\t\t<\/div>\n\t\t\t\t<\/div>\n\t\t\t\t<div class=\"elementor-element elementor-element-b5b7b28 text-check style1 mb0 text-h5 elementor-widget elementor-widget-text-editor\" data-id=\"b5b7b28\" data-element_type=\"widget\" data-widget_type=\"text-editor.default\">\n\t\t\t\t<div class=\"elementor-widget-container\">\n\t\t\t\t\t\t\t<p>H\u00e3y \u0111\u1ec3 ch\u00fang t\u00f4i mang \u0111\u1ebfn cho b\u1ea1n s\u1ef1 an t\u00e2m khi l\u00ean k\u1ebf ho\u1ea1ch cho c\u00e1c k\u1ef3 ngh\u1ec9 \u1edf n\u01b0\u1edbc ngo\u00e0i ho\u1eb7c c\u00e1c chuy\u1ebfn c\u00f4ng t\u00e1c b\u1eb1ng c\u00e1ch s\u1eafp x\u1ebfp b\u1ea3o hi\u1ec3m du l\u1ecbch c\u1ee7a b\u1ea1n th\u00f4ng qua AETC. Ch\u00fang t\u00f4i l\u00e0 \u0111\u1ea1i di\u1ec7n \u0111\u01b0\u1ee3c c\u00f4ng nh\u1eadn cho AussieTravelCover, m\u1ed9t trong nh\u1eefng nh\u00e0 cung c\u1ea5p b\u1ea3o hi\u1ec3m du l\u1ecbch l\u1edbn nh\u1ea5t \u1edf \u00dac. Ch\u00fang t\u00f4i chuy\u00ean v\u1ec1 b\u1ea3o hi\u1ec3m du l\u1ecbch tr\u00ean to\u00e0n th\u1ebf gi\u1edbi cho c\u01b0 d\u00e2n \u00dac \u0111i du l\u1ecbch qu\u1ed1c t\u1ebf ho\u1eb7c trong n\u01b0\u1edbc. Ch\u00fang t\u00f4i c\u0169ng cung c\u1ea5p b\u1ea3o hi\u1ec3m du l\u1ecbch cho nh\u1eefng ng\u01b0\u1eddi kh\u00f4ng c\u01b0 tr\u00fa c\u1ee7a \u00dac \u0111i du l\u1ecbch \u0111\u1ebfn v\u00e0 trong n\u01b0\u1edbc \u00dac.<\/p><p>Li\u00ean h\u1ec7 v\u1edbi ch\u00fang t\u00f4i \u0111\u1ec3 \u0111\u01b0\u1ee3c b\u00e1o gi\u00e1 gi\u1ea3m gi\u00e1 \u0111\u1eb7c bi\u1ec7t<\/p>\t\t\t\t\t\t<\/div>\n\t\t\t\t<\/div>\n\t\t\t\t<div class=\"elementor-element elementor-element-c56ecdb elementor-widget__width-auto elementor-widget elementor-widget-button\" data-id=\"c56ecdb\" data-element_type=\"widget\" data-widget_type=\"button.default\">\n\t\t\t\t<div class=\"elementor-widget-container\">\n\t\t\t\t\t<div class=\"elementor-button-wrapper\">\n\t\t\t<a href=\"#\" class=\"elementor-button-link elementor-button elementor-size-md\" role=\"button\">\n\t\t\t\t\t\t<span class=\"elementor-button-content-wrapper\">\n\t\t\t\t\t\t<span class=\"elementor-button-text\">AussieTravelCover<\/span>\n\t\t<\/span>\n\t\t\t\t\t<\/a>\n\t\t<\/div>\n\t\t\t\t<\/div>\n\t\t\t\t<\/div>\n\t\t\t\t\t<\/div>\n\t\t<\/div>\n\t\t\t\t<div class=\"elementor-column elementor-col-50 elementor-inner-column elementor-element elementor-element-5e066c1\" data-id=\"5e066c1\" data-element_type=\"column\">\n\t\t\t<div class=\"elementor-widget-wrap elementor-element-populated\">\n\t\t\t\t\t\t\t\t<div class=\"elementor-element elementor-element-0bdf4c3 elementor-widget elementor-widget-image\" data-id=\"0bdf4c3\" data-element_type=\"widget\" data-widget_type=\"image.default\">\n\t\t\t\t<div class=\"elementor-widget-container\">\n\t\t\t\t\t\t\t\t\t\t\t\t\t\t\t<img decoding=\"async\" width=\"652\" height=\"561\" src=\"https:\/\/aetc.com.au\/wp-content\/uploads\/2022\/12\/Insurance-image-2.jpg\" class=\"attachment-full size-full wp-image-1293\" alt=\"\" srcset=\"https:\/\/aetc.com.au\/wp-content\/uploads\/2022\/12\/Insurance-image-2.jpg 652w, https:\/\/aetc.com.au\/wp-content\/uploads\/2022\/12\/Insurance-image-2-300x258.jpg 300w\" sizes=\"(max-width: 652px) 100vw, 652px\" \/>\t\t\t\t\t\t\t\t\t\t\t\t\t\t\t<\/div>\n\t\t\t\t<\/div>\n\t\t\t\t\t<\/div>\n\t\t<\/div>\n\t\t\t\t\t\t\t<\/div>\n\t\t<\/section>\n\t\t\t\t\t<\/div>\n\t\t<\/div>\n\t\t\t\t\t\t\t<\/div>\n\t\t<\/section>\n\t\t\t\t<section class=\"elementor-section elementor-top-section elementor-element elementor-element-690b28c elementor-section-full_width elementor-section-height-default elementor-section-height-default\" data-id=\"690b28c\" data-element_type=\"section\">\n\t\t\t\t\t\t<div class=\"elementor-container elementor-column-gap-no\">\n\t\t\t\t\t<div class=\"elementor-column elementor-col-100 elementor-top-column elementor-element elementor-element-a0aebc1\" data-id=\"a0aebc1\" data-element_type=\"column\">\n\t\t\t<div class=\"elementor-widget-wrap elementor-element-populated\">\n\t\t\t\t\t\t\t\t<div class=\"elementor-element elementor-element-80ae494 elementor-widget elementor-widget-template\" data-id=\"80ae494\" data-element_type=\"widget\" data-widget_type=\"template.default\">\n\t\t\t\t<div class=\"elementor-widget-container\">\n\t\t\t\t\t<div class=\"elementor-template\">\n\t\t\t\t\t<div data-elementor-type=\"section\" data-elementor-id=\"1798\" class=\"elementor elementor-1798 elementor-662\">\n\t\t\t\t\t\t\t\t<section class=\"elementor-section elementor-top-section elementor-element elementor-element-1bdb8947 elementor-section-full_width elementor-section-height-default elementor-section-height-default\" data-id=\"1bdb8947\" data-element_type=\"section\" data-settings=\"{&quot;background_background&quot;:&quot;classic&quot;}\">\n\t\t\t\t\t\t<div class=\"elementor-container elementor-column-gap-no\">\n\t\t\t\t\t<div class=\"elementor-column elementor-col-50 elementor-top-column elementor-element elementor-element-5765b293\" data-id=\"5765b293\" data-element_type=\"column\">\n\t\t\t<div class=\"elementor-widget-wrap elementor-element-populated\">\n\t\t\t\t\t\t\t\t<section class=\"elementor-section elementor-inner-section elementor-element elementor-element-26e38998 inner-right elementor-section-boxed elementor-section-height-default elementor-section-height-default\" data-id=\"26e38998\" data-element_type=\"section\">\n\t\t\t\t\t\t<div class=\"elementor-container elementor-column-gap-extended\">\n\t\t\t\t\t<div class=\"elementor-column elementor-col-100 elementor-inner-column elementor-element elementor-element-765b8dd1\" data-id=\"765b8dd1\" data-element_type=\"column\">\n\t\t\t<div class=\"elementor-widget-wrap elementor-element-populated\">\n\t\t\t\t\t\t\t\t<div class=\"elementor-element elementor-element-7a3ed55 elementor-widget elementor-widget-heading\" data-id=\"7a3ed55\" data-element_type=\"widget\" data-widget_type=\"heading.default\">\n\t\t\t\t<div class=\"elementor-widget-container\">\n\t\t\t<h2 class=\"elementor-heading-title elementor-size-default\">get in touch with us<\/h2>\t\t<\/div>\n\t\t\t\t<\/div>\n\t\t\t\t<div class=\"elementor-element elementor-element-6ade06bb white-contact-form elementor-widget elementor-widget-text-editor\" data-id=\"6ade06bb\" data-element_type=\"widget\" data-widget_type=\"text-editor.default\">\n\t\t\t\t<div class=\"elementor-widget-container\">\n\t\t\t\t\t\t\t\n<div class=\"wpcf7 no-js\" id=\"wpcf7-f655-o1\" lang=\"en-US\" dir=\"ltr\">\n<div class=\"screen-reader-response\"><p role=\"status\" aria-live=\"polite\" aria-atomic=\"true\"><\/p> <ul><\/ul><\/div>\n<form action=\"\/vi\/wp-json\/wp\/v2\/pages\/1437#wpcf7-f655-o1\" method=\"post\" class=\"wpcf7-form init\" aria-label=\"Contact form\" novalidate=\"novalidate\" data-status=\"init\">\n<div style=\"display: none;\">\n<input type=\"hidden\" name=\"_wpcf7\" value=\"655\" \/>\n<input type=\"hidden\" name=\"_wpcf7_version\" value=\"5.7.5.1\" \/>\n<input type=\"hidden\" name=\"_wpcf7_locale\" value=\"en_US\" \/>\n<input type=\"hidden\" name=\"_wpcf7_unit_tag\" value=\"wpcf7-f655-o1\" \/>\n<input type=\"hidden\" name=\"_wpcf7_container_post\" value=\"0\" \/>\n<input type=\"hidden\" name=\"_wpcf7_posted_data_hash\" value=\"\" \/>\n<input type=\"hidden\" name=\"_wpcf7_recaptcha_response\" value=\"\" \/>\n<\/div>\n<div class=\"container-10\">\n\t<div class=\"row row-contact row-small row-contact-page\">\n\t\t<div class=\"col medium-6 large-6 small-12\">\n\t\t\t<p><label>Email\n\t\t\t\t\t<font style=\"color:#BF0102\">*\n\t\t\t\t\t<\/font><\/label><span class=\"wpcf7-form-control-wrap\" data-name=\"your-email\"><input size=\"40\" class=\"wpcf7-form-control wpcf7-text wpcf7-email wpcf7-validates-as-required wpcf7-validates-as-email\" aria-required=\"true\" aria-invalid=\"false\" placeholder=\"\" value=\"\" type=\"email\" name=\"your-email\" \/><\/span>\n\t\t\t<\/p>\n\t\t<\/div>\n\t\t<div class=\"col medium-6 large-6 small-12\">\n\t\t\t<p><label>Phone\n\t\t\t\t\t<font style=\"color:#BF0102\">*\n\t\t\t\t\t<\/font><\/label><span class=\"wpcf7-form-control-wrap\" data-name=\"your-phone\"><input size=\"40\" class=\"wpcf7-form-control wpcf7-text wpcf7-tel wpcf7-validates-as-required wpcf7-validates-as-tel\" aria-required=\"true\" aria-invalid=\"false\" placeholder=\"\" value=\"\" type=\"tel\" name=\"your-phone\" \/><\/span>\n\t\t\t<\/p>\n\t\t<\/div>\n\t\t<div class=\"col medium-12 large-12 small-12\">\n\t\t\t<p><label>Subject<\/label><span class=\"wpcf7-form-control-wrap\" data-name=\"your-subject\"><input size=\"40\" class=\"wpcf7-form-control wpcf7-text\" aria-invalid=\"false\" placeholder=\"\" value=\"\" type=\"text\" name=\"your-subject\" \/><\/span>\n\t\t\t<\/p>\n\t\t<\/div>\n\t\t<div class=\"col medium-12 large-12 small-12\">\n\t\t\t<p><label>How can we help you? Feel free to get in touch!<\/label><span class=\"wpcf7-form-control-wrap\" data-name=\"your-message\"><textarea cols=\"40\" rows=\"10\" class=\"wpcf7-form-control wpcf7-textarea\" aria-invalid=\"false\" placeholder=\"\" name=\"your-message\"><\/textarea><\/span>\n\t\t\t<\/p>\n\t\t<\/div>\n\t\t<div class=\"col medium-12 large-12 small-12\" style=\" margin-bottom: 15px; \">\n\t\t<span class=\"wpcf7-form-control-wrap recaptcha\" data-name=\"recaptcha\"><span data-sitekey=\"6LcmIi4jAAAAALRyBiTZKuQmujk-4UAed5ONvJpA\" class=\"wpcf7-form-control g-recaptcha wpcf7-recaptcha\"><\/span>\r\n<noscript>\r\n\t<div class=\"grecaptcha-noscript\">\r\n\t\t<iframe src=\"https:\/\/www.google.com\/recaptcha\/api\/fallback?k=6LcmIi4jAAAAALRyBiTZKuQmujk-4UAed5ONvJpA\" frameborder=\"0\" scrolling=\"no\" width=\"310\" height=\"430\">\r\n\t\t<\/iframe>\r\n\t\t<textarea name=\"g-recaptcha-response\" rows=\"3\" cols=\"40\" placeholder=\"reCaptcha Response Here\">\r\n\t\t<\/textarea>\r\n\t<\/div>\r\n<\/noscript>\r\n<\/span>\n\t\t<\/div>\n\t\t<div class=\"col medium-12 large-12 small-12 form-button style-white\">\n\t\t\t<p><span class=\"wrapper-btn-submit\"><input class=\"wpcf7-form-control has-spinner wpcf7-submit button\" type=\"submit\" value=\"Send Us\" \/><\/span>\n\t\t\t<\/p>\n\t\t<\/div>\n\t<\/div>\n<\/div><div class=\"wpcf7-response-output\" aria-hidden=\"true\"><\/div>\n<\/form>\n<\/div>\n\t\t\t\t\t\t<\/div>\n\t\t\t\t<\/div>\n\t\t\t\t\t<\/div>\n\t\t<\/div>\n\t\t\t\t\t\t\t<\/div>\n\t\t<\/section>\n\t\t\t\t\t<\/div>\n\t\t<\/div>\n\t\t\t\t<div class=\"elementor-column elementor-col-50 elementor-top-column elementor-element elementor-element-28f0e9a4\" data-id=\"28f0e9a4\" data-element_type=\"column\" data-settings=\"{&quot;background_background&quot;:&quot;classic&quot;}\">\n\t\t\t<div class=\"elementor-widget-wrap elementor-element-populated\">\n\t\t\t\t\t\t\t\t<div class=\"elementor-element elementor-element-4f386d0a elementor-hidden-desktop elementor-hidden-tablet elementor-widget elementor-widget-image\" data-id=\"4f386d0a\" data-element_type=\"widget\" data-widget_type=\"image.default\">\n\t\t\t\t<div class=\"elementor-widget-container\">\n\t\t\t\t\t\t\t\t\t\t\t\t\t\t\t<img decoding=\"async\" width=\"1000\" height=\"633\" src=\"https:\/\/aetc.com.au\/wp-content\/uploads\/2022\/12\/contact-service-image.jpg\" class=\"attachment-full size-full wp-image-1286\" alt=\"\" srcset=\"https:\/\/aetc.com.au\/wp-content\/uploads\/2022\/12\/contact-service-image.jpg 1000w, https:\/\/aetc.com.au\/wp-content\/uploads\/2022\/12\/contact-service-image-300x190.jpg 300w, https:\/\/aetc.com.au\/wp-content\/uploads\/2022\/12\/contact-service-image-768x486.jpg 768w\" sizes=\"(max-width: 1000px) 100vw, 1000px\" \/>\t\t\t\t\t\t\t\t\t\t\t\t\t\t\t<\/div>\n\t\t\t\t<\/div>\n\t\t\t\t\t<\/div>\n\t\t<\/div>\n\t\t\t\t\t\t\t<\/div>\n\t\t<\/section>\n\t\t\t\t\t\t<\/div>\n\t\t\t\t<\/div>\n\t\t\t\t<\/div>\n\t\t\t\t<\/div>\n\t\t\t\t\t<\/div>\n\t\t<\/div>\n\t\t\t\t\t\t\t<\/div>\n\t\t<\/section>\n\t\t\t\t\t\t\t<\/div>\n\t\t","protected":false},"excerpt":{"rendered":"<p>B\u1ea3o Hi\u1ec3m Home D\u1ecbch V\u1ee5 B\u1ea3o Hi\u1ec3m B\u1ea3o hi\u1ec3m s\u1ee9c kh\u1ecfe sinh vi\u00ean v\u00e0 du kh\u00e1ch n\u01b0\u1edbc ngo\u00e0i Du h\u1ecdc sinh v\u00e0 du kh\u00e1ch \u0111\u01b0\u1ee3c y\u00eau c\u1ea7u ph\u1ea3i c\u00f3 b\u1ea3o hi\u1ec3m y t\u1ebf v\u00e0 b\u1ec7nh vi\u1ec7n trong khi h\u1ecdc ho\u1eb7c du l\u1ecbch t\u1ea1i \u00dac. Ch\u00fang t\u00f4i l\u00e0 \u0111\u1ea1i di\u1ec7n ch\u00ednh th\u1ee9c cho BUPA v\u00e0 Medibank [&hellip;]<\/p>\n","protected":false},"author":1,"featured_media":0,"parent":0,"menu_order":27,"comment_status":"closed","ping_status":"closed","template":"elementor_header_footer","meta":{"footnotes":""},"class_list":["post-1437","page","type-page","status-publish","hentry"],"acf":[],"_links":{"self":[{"href":"https:\/\/aetc.com.au\/vi\/wp-json\/wp\/v2\/pages\/1437","targetHints":{"allow":["GET"]}}],"collection":[{"href":"https:\/\/aetc.com.au\/vi\/wp-json\/wp\/v2\/pages"}],"about":[{"href":"https:\/\/aetc.com.au\/vi\/wp-json\/wp\/v2\/types\/page"}],"author":[{"embeddable":true,"href":"https:\/\/aetc.com.au\/vi\/wp-json\/wp\/v2\/users\/1"}],"replies":[{"embeddable":true,"href":"https:\/\/aetc.com.au\/vi\/wp-json\/wp\/v2\/comments?post=1437"}],"version-history":[{"count":17,"href":"https:\/\/aetc.com.au\/vi\/wp-json\/wp\/v2\/pages\/1437\/revisions"}],"predecessor-version":[{"id":2335,"href":"https:\/\/aetc.com.au\/vi\/wp-json\/wp\/v2\/pages\/1437\/revisions\/2335"}],"wp:attachment":[{"href":"https:\/\/aetc.com.au\/vi\/wp-json\/wp\/v2\/media?parent=1437"}],"curies":[{"name":"wp","href":"https:\/\/api.w.org\/{rel}","templated":true}]}}