{"id":1431,"date":"2022-12-07T14:15:19","date_gmt":"2022-12-07T14:15:19","guid":{"rendered":"https:\/\/aetc.com.au\/education\/"},"modified":"2022-12-22T03:40:52","modified_gmt":"2022-12-22T03:40:52","slug":"education","status":"publish","type":"page","link":"https:\/\/aetc.com.au\/vi\/education\/","title":{"rendered":"Gi\u00e1o D\u1ee5c"},"content":{"rendered":"\t\t<div data-elementor-type=\"wp-page\" data-elementor-id=\"1431\" class=\"elementor elementor-1431 elementor-674\">\n\t\t\t\t\t\t\t\t\t<section class=\"elementor-section elementor-top-section elementor-element elementor-element-7c94104 elementor-section-full_width elementor-section-height-default elementor-section-height-default\" data-id=\"7c94104\" data-element_type=\"section\">\n\t\t\t\t\t\t<div class=\"elementor-container elementor-column-gap-no\">\n\t\t\t\t\t<div class=\"elementor-column elementor-col-100 elementor-top-column elementor-element elementor-element-054ce47\" data-id=\"054ce47\" data-element_type=\"column\">\n\t\t\t<div class=\"elementor-widget-wrap elementor-element-populated\">\n\t\t\t\t\t\t\t\t<div class=\"elementor-element elementor-element-f61de71 elementor-widget elementor-widget-page-breadcrumbs\" data-id=\"f61de71\" data-element_type=\"widget\" data-widget_type=\"page-breadcrumbs.default\">\n\t\t\t\t<div class=\"elementor-widget-container\">\n\t\t\t\t\t\r\n\t\t<div class=\"sitepath clearfix\" style=\"background-image: url(https:\/\/aetc.com.au\/wp-content\/uploads\/2022\/12\/banner-Education.jpg)\" >\r\n\t  \t\t<div class=\"container clearfix\" style=\"max-width: 1350px;\">\r\n\t        <div class=\"wrapper-breacome\">\r\n\t          <div class=\"inner-bre\">\r\n\t      \t\t\t<div class=\"sitepath-l\">\r\n\t      \t\t\t\t<h1>\r\n\t      \t\t\t\t\t<span>\r\n\t      \t\t\t\t\t\t\r\n\t      \t\t\t\t\t\t\t\t\t\t      \t\t\t\tGi\u00e1o D\u1ee5c\t\t\t\t      \t\t\t\t\r\n      \t\t\t\t\t\t<\/span>\r\n\t      \t\t\t\t<\/h1>\r\n\t      \t\t\t<\/div>\r\n\t      \t\t\t<div class=\"sitepath-r\">\r\n\t      \t\t\t\t\t      \t\t\t\t\t\t\t      \t\t\t\t<ul class=\"breadcrumbs\">\r\n\t\t      \t\t\t\t\t<li><a href=\"https:\/\/aetc.com.au\">Home<\/a><\/li>\r\n\t\t      \t\t\t\t\t<li class=\"current\">D\u1ecbch V\u1ee5<\/li>\r\n\t\t      \t\t\t\t\t<li class=\"current\">Gi\u00e1o D\u1ee5c<\/li>\r\n\t\t      \t\t\t\t<\/ul>\r\n\t\t      \t\t\t\t\t\t      \t\t\t\t      \t\t\t<\/div>\r\n\t          <\/div>\r\n\t        <\/div>\r\n\t  \t\t<\/div>\r\n\t\t<\/div>\r\n\t\t\t\t<\/div>\n\t\t\t\t<\/div>\n\t\t\t\t\t<\/div>\n\t\t<\/div>\n\t\t\t\t\t\t\t<\/div>\n\t\t<\/section>\n\t\t\t\t<section class=\"elementor-section elementor-top-section elementor-element elementor-element-4c50ec0 elementor-section-content-middle elementor-section-boxed elementor-section-height-default elementor-section-height-default\" data-id=\"4c50ec0\" data-element_type=\"section\">\n\t\t\t\t\t\t<div class=\"elementor-container elementor-column-gap-no\">\n\t\t\t\t\t<div class=\"elementor-column elementor-col-100 elementor-top-column elementor-element elementor-element-1a7687e\" data-id=\"1a7687e\" data-element_type=\"column\">\n\t\t\t<div class=\"elementor-widget-wrap elementor-element-populated\">\n\t\t\t\t\t\t\t\t<section class=\"elementor-section elementor-inner-section elementor-element elementor-element-def6833 elementor-section-boxed elementor-section-height-default elementor-section-height-default\" data-id=\"def6833\" data-element_type=\"section\">\n\t\t\t\t\t\t<div class=\"elementor-container elementor-column-gap-extended\">\n\t\t\t\t\t<div class=\"elementor-column elementor-col-100 elementor-inner-column elementor-element elementor-element-4d25296\" data-id=\"4d25296\" data-element_type=\"column\">\n\t\t\t<div class=\"elementor-widget-wrap elementor-element-populated\">\n\t\t\t\t\t\t\t\t<div class=\"elementor-element elementor-element-2a42eee elementor-widget elementor-widget-heading\" data-id=\"2a42eee\" data-element_type=\"widget\" data-widget_type=\"heading.default\">\n\t\t\t\t<div class=\"elementor-widget-container\">\n\t\t\t<h2 class=\"elementor-heading-title elementor-size-default\">Gi\u00e1o D\u1ee5c<\/h2>\t\t<\/div>\n\t\t\t\t<\/div>\n\t\t\t\t<div class=\"elementor-element elementor-element-b2a4858 mb0 text-link elementor-widget elementor-widget-text-editor\" data-id=\"b2a4858\" data-element_type=\"widget\" data-widget_type=\"text-editor.default\">\n\t\t\t\t<div class=\"elementor-widget-container\">\n\t\t\t\t\t\t\t<p>AETC l\u00e0 m\u1ed9t \u0111\u1ea1i l\u00fd gi\u00e1o d\u1ee5c cho nhi\u1ec1u tr\u01b0\u1eddng \u0111\u1ea1i h\u1ecdc v\u00e0 vi\u1ec7n nghi\u00ean c\u1ee9u c\u1ee7a \u00dac. Ch\u00fang t\u00f4i c\u00f3 th\u1ec3 h\u1ed7 tr\u1ee3 v\u1edbi vi\u1ec7c s\u1eafp x\u1ebfp kh\u00f3a h\u1ecdc, thay \u0111\u1ed5i c\u00e1c kh\u00f3a h\u1ecdc ho\u1eb7c tr\u01b0\u1eddng \u0111\u1ea1i h\u1ecdc. \u00dac cung c\u1ea5p c\u00e1c l\u1ef1a ch\u1ecdn h\u1ecdc t\u1eadp \u0111a d\u1ea1ng cho du h\u1ecdc sinh, t\u1eeb ti\u1ec3u h\u1ecdc, trung h\u1ecdc, d\u1ea1y ngh\u1ec1 v\u00e0 gi\u00e1o d\u1ee5c \u0111\u1ea1i h\u1ecdc.<\/p>\t\t\t\t\t\t<\/div>\n\t\t\t\t<\/div>\n\t\t\t\t\t<\/div>\n\t\t<\/div>\n\t\t\t\t\t\t\t<\/div>\n\t\t<\/section>\n\t\t\t\t<section class=\"elementor-section elementor-inner-section elementor-element elementor-element-e2ea1db elementor-section-boxed elementor-section-height-default elementor-section-height-default\" data-id=\"e2ea1db\" data-element_type=\"section\">\n\t\t\t\t\t\t<div class=\"elementor-container elementor-column-gap-extended\">\n\t\t\t\t\t<div class=\"elementor-column elementor-col-50 elementor-inner-column elementor-element elementor-element-800069c\" data-id=\"800069c\" data-element_type=\"column\">\n\t\t\t<div class=\"elementor-widget-wrap elementor-element-populated\">\n\t\t\t\t\t\t\t\t<div class=\"elementor-element elementor-element-c28f1cb elementor-widget elementor-widget-image\" data-id=\"c28f1cb\" data-element_type=\"widget\" data-widget_type=\"image.default\">\n\t\t\t\t<div class=\"elementor-widget-container\">\n\t\t\t\t\t\t\t\t\t\t\t\t\t\t\t<img decoding=\"async\" width=\"652\" height=\"584\" src=\"https:\/\/aetc.com.au\/wp-content\/uploads\/2022\/12\/image-Education.jpg\" class=\"attachment-full size-full wp-image-1288\" alt=\"\" srcset=\"https:\/\/aetc.com.au\/wp-content\/uploads\/2022\/12\/image-Education.jpg 652w, https:\/\/aetc.com.au\/wp-content\/uploads\/2022\/12\/image-Education-300x269.jpg 300w\" sizes=\"(max-width: 652px) 100vw, 652px\" \/>\t\t\t\t\t\t\t\t\t\t\t\t\t\t\t<\/div>\n\t\t\t\t<\/div>\n\t\t\t\t\t<\/div>\n\t\t<\/div>\n\t\t\t\t<div class=\"elementor-column elementor-col-50 elementor-inner-column elementor-element elementor-element-ea3531d\" data-id=\"ea3531d\" data-element_type=\"column\">\n\t\t\t<div class=\"elementor-widget-wrap elementor-element-populated\">\n\t\t\t\t\t\t\t\t<div class=\"elementor-element elementor-element-b3202d2 text-check mb0 elementor-widget elementor-widget-text-editor\" data-id=\"b3202d2\" data-element_type=\"widget\" data-widget_type=\"text-editor.default\">\n\t\t\t\t<div class=\"elementor-widget-container\">\n\t\t\t\t\t\t\t<ul><li>Ti\u1ec3u h\u1ecdc &#8211; b\u1eaft \u0111\u1ea7u t\u1eeb d\u1ef1 b\u1ecb \u0111\u1ebfn l\u1edbp 6<\/li><li>Trung h\u1ecdc c\u01a1 s\u1edf &#8211; b\u1eaft \u0111\u1ea7u t\u1eeb l\u1edbp 7 \u0111\u1ebfn l\u1edbp 12<\/li><li>Gi\u00e1o d\u1ee5c v\u00e0 \u0110\u00e0o t\u1ea1o ngh\u1ec1 (VET) &#8211; d\u00e0nh cho nh\u1eefng sinh vi\u00ean mu\u1ed1n h\u1ecdc t\u1eadp v\u00e0 c\u00f3 \u0111\u01b0\u1ee3c kinh nghi\u1ec7m th\u1ef1c t\u1ebf trong m\u1ed9t ngh\u1ec1 nghi\u1ec7p m\u00e0 h\u1ecd quan t\u00e2m. Kh\u00f3a h\u1ecdc k\u1ebft h\u1ee3p l\u00fd thuy\u1ebft v\u00e0 \u0111\u00e0o t\u1ea1o t\u1ea1i ch\u1ed7 \u0111\u1ec3 gi\u00fap sinh vi\u00ean s\u1eb5n s\u00e0ng l\u00e0m vi\u1ec7c trong ng\u00e0nh sau khi t\u1ed1t nghi\u1ec7p.<\/li><li>Sau khi ho\u00e0n t\u1ea5t l\u1edbp 12, sinh vi\u00ean c\u00f3 th\u1ec3 h\u1ecdc m\u1ed9t l\u0129nh v\u1ef1c \u0111\u01b0\u1ee3c l\u1ef1a ch\u1ecdn t\u1ea1i m\u1ed9t tr\u01b0\u1eddng \u0111\u1ea1i h\u1ecdc \u0111\u00e0o t\u1ea1o c\u00e1c kh\u00f3a h\u1ecdc t\u1eeb nh\u00e2n v\u0103n \u0111\u1ebfn k\u1ef9 thu\u1eadt v\u00e0 t\u1eeb lu\u1eadt \u0111\u1ebfn khoa h\u1ecdc s\u1ee9c kh\u1ecfe.<\/li><\/ul><p>Sau khi \u0111\u00e3 t\u1ed1t nghi\u1ec7p b\u1eb1ng c\u1ea5p \u1edf Vi\u1ec7t Nam, sinh vi\u00ean c\u00f3 th\u1ec3 ti\u1ebfp t\u1ee5c theo h\u1ecdc c\u00e1c kh\u00f3a h\u1ecdc sau \u0111\u1ea1i h\u1ecdc v\u1ec1 th\u1ea1c s\u0129 ho\u1eb7c ti\u1ebfn s\u0129 t\u1ea1i \u00dac. <\/p><p>Sinh vi\u00ean \u0111\u01b0\u1ee3c y\u00eau c\u1ea7u ph\u1ea3i c\u00f3 visa du h\u1ecdc. Ngo\u00e0i ra, sinh vi\u00ean ph\u1ea3i h\u1ecdc v\u1edbi m\u1ed9t t\u1ed5 ch\u1ee9c v\u00e0 m\u1ed9t kh\u00f3a h\u1ecdc \u0111\u01b0\u1ee3c \u0111\u0103ng k\u00fd tr\u00ean S\u1ed5 \u0111\u0103ng k\u00fd kh\u1ed1i th\u1ecbnh v\u01b0\u1ee3ng chung c\u1ee7a c\u00e1c t\u1ed5 ch\u1ee9c v\u00e0 kh\u00f3a h\u1ecdc cho sinh vi\u00ean n\u01b0\u1edbc ngo\u00e0i (CRICOS) \u0111\u1ec3 ti\u1ebfp t\u1ee5c c\u00f3 visa sinh vi\u00ean h\u1ee3p l\u1ec7.<\/p>\t\t\t\t\t\t<\/div>\n\t\t\t\t<\/div>\n\t\t\t\t<div class=\"elementor-element elementor-element-f145ee9 elementor-widget elementor-widget-button\" data-id=\"f145ee9\" data-element_type=\"widget\" data-widget_type=\"button.default\">\n\t\t\t\t<div class=\"elementor-widget-container\">\n\t\t\t\t\t<div class=\"elementor-button-wrapper\">\n\t\t\t<a href=\"https:\/\/aetc.com.au\/vi\/visa-assessment\/\" class=\"elementor-button-link elementor-button elementor-size-md\" role=\"button\">\n\t\t\t\t\t\t<span class=\"elementor-button-content-wrapper\">\n\t\t\t\t\t\t<span class=\"elementor-button-text\">Visa \u0111\u00e1nh gi\u00e1 tr\u1ef1c tuy\u1ebfn<\/span>\n\t\t<\/span>\n\t\t\t\t\t<\/a>\n\t\t<\/div>\n\t\t\t\t<\/div>\n\t\t\t\t<\/div>\n\t\t\t\t\t<\/div>\n\t\t<\/div>\n\t\t\t\t\t\t\t<\/div>\n\t\t<\/section>\n\t\t\t\t\t<\/div>\n\t\t<\/div>\n\t\t\t\t\t\t\t<\/div>\n\t\t<\/section>\n\t\t\t\t<section class=\"elementor-section elementor-top-section elementor-element elementor-element-690b28c elementor-section-full_width elementor-section-height-default elementor-section-height-default\" data-id=\"690b28c\" data-element_type=\"section\">\n\t\t\t\t\t\t<div class=\"elementor-container elementor-column-gap-no\">\n\t\t\t\t\t<div class=\"elementor-column elementor-col-100 elementor-top-column elementor-element elementor-element-a0aebc1\" data-id=\"a0aebc1\" data-element_type=\"column\">\n\t\t\t<div class=\"elementor-widget-wrap elementor-element-populated\">\n\t\t\t\t\t\t\t\t<div class=\"elementor-element elementor-element-80ae494 elementor-widget elementor-widget-template\" data-id=\"80ae494\" data-element_type=\"widget\" data-widget_type=\"template.default\">\n\t\t\t\t<div class=\"elementor-widget-container\">\n\t\t\t\t\t<div class=\"elementor-template\">\n\t\t\t\t\t<div data-elementor-type=\"section\" data-elementor-id=\"1798\" class=\"elementor elementor-1798 elementor-662\">\n\t\t\t\t\t\t\t\t<section class=\"elementor-section elementor-top-section elementor-element elementor-element-1bdb8947 elementor-section-full_width elementor-section-height-default elementor-section-height-default\" data-id=\"1bdb8947\" data-element_type=\"section\" data-settings=\"{&quot;background_background&quot;:&quot;classic&quot;}\">\n\t\t\t\t\t\t<div class=\"elementor-container elementor-column-gap-no\">\n\t\t\t\t\t<div class=\"elementor-column elementor-col-50 elementor-top-column elementor-element elementor-element-5765b293\" data-id=\"5765b293\" data-element_type=\"column\">\n\t\t\t<div class=\"elementor-widget-wrap elementor-element-populated\">\n\t\t\t\t\t\t\t\t<section class=\"elementor-section elementor-inner-section elementor-element elementor-element-26e38998 inner-right elementor-section-boxed elementor-section-height-default elementor-section-height-default\" data-id=\"26e38998\" data-element_type=\"section\">\n\t\t\t\t\t\t<div class=\"elementor-container elementor-column-gap-extended\">\n\t\t\t\t\t<div class=\"elementor-column elementor-col-100 elementor-inner-column elementor-element elementor-element-765b8dd1\" data-id=\"765b8dd1\" data-element_type=\"column\">\n\t\t\t<div class=\"elementor-widget-wrap elementor-element-populated\">\n\t\t\t\t\t\t\t\t<div class=\"elementor-element elementor-element-7a3ed55 elementor-widget elementor-widget-heading\" data-id=\"7a3ed55\" data-element_type=\"widget\" data-widget_type=\"heading.default\">\n\t\t\t\t<div class=\"elementor-widget-container\">\n\t\t\t<h2 class=\"elementor-heading-title elementor-size-default\">get in touch with us<\/h2>\t\t<\/div>\n\t\t\t\t<\/div>\n\t\t\t\t<div class=\"elementor-element elementor-element-6ade06bb white-contact-form elementor-widget elementor-widget-text-editor\" data-id=\"6ade06bb\" data-element_type=\"widget\" data-widget_type=\"text-editor.default\">\n\t\t\t\t<div class=\"elementor-widget-container\">\n\t\t\t\t\t\t\t\n<div class=\"wpcf7 no-js\" id=\"wpcf7-f655-o1\" lang=\"en-US\" dir=\"ltr\">\n<div class=\"screen-reader-response\"><p role=\"status\" aria-live=\"polite\" aria-atomic=\"true\"><\/p> <ul><\/ul><\/div>\n<form action=\"\/vi\/wp-json\/wp\/v2\/pages\/1431#wpcf7-f655-o1\" method=\"post\" class=\"wpcf7-form init\" aria-label=\"Contact form\" novalidate=\"novalidate\" data-status=\"init\">\n<div style=\"display: none;\">\n<input type=\"hidden\" name=\"_wpcf7\" value=\"655\" \/>\n<input type=\"hidden\" name=\"_wpcf7_version\" value=\"5.7.5.1\" \/>\n<input type=\"hidden\" name=\"_wpcf7_locale\" value=\"en_US\" \/>\n<input type=\"hidden\" name=\"_wpcf7_unit_tag\" value=\"wpcf7-f655-o1\" \/>\n<input type=\"hidden\" name=\"_wpcf7_container_post\" value=\"0\" \/>\n<input type=\"hidden\" name=\"_wpcf7_posted_data_hash\" value=\"\" \/>\n<input type=\"hidden\" name=\"_wpcf7_recaptcha_response\" value=\"\" \/>\n<\/div>\n<div class=\"container-10\">\n\t<div class=\"row row-contact row-small row-contact-page\">\n\t\t<div class=\"col medium-6 large-6 small-12\">\n\t\t\t<p><label>Email\n\t\t\t\t\t<font style=\"color:#BF0102\">*\n\t\t\t\t\t<\/font><\/label><span class=\"wpcf7-form-control-wrap\" data-name=\"your-email\"><input size=\"40\" class=\"wpcf7-form-control wpcf7-text wpcf7-email wpcf7-validates-as-required wpcf7-validates-as-email\" aria-required=\"true\" aria-invalid=\"false\" placeholder=\"\" value=\"\" type=\"email\" name=\"your-email\" \/><\/span>\n\t\t\t<\/p>\n\t\t<\/div>\n\t\t<div class=\"col medium-6 large-6 small-12\">\n\t\t\t<p><label>Phone\n\t\t\t\t\t<font style=\"color:#BF0102\">*\n\t\t\t\t\t<\/font><\/label><span class=\"wpcf7-form-control-wrap\" data-name=\"your-phone\"><input size=\"40\" class=\"wpcf7-form-control wpcf7-text wpcf7-tel wpcf7-validates-as-required wpcf7-validates-as-tel\" aria-required=\"true\" aria-invalid=\"false\" placeholder=\"\" value=\"\" type=\"tel\" name=\"your-phone\" \/><\/span>\n\t\t\t<\/p>\n\t\t<\/div>\n\t\t<div class=\"col medium-12 large-12 small-12\">\n\t\t\t<p><label>Subject<\/label><span class=\"wpcf7-form-control-wrap\" data-name=\"your-subject\"><input size=\"40\" class=\"wpcf7-form-control wpcf7-text\" aria-invalid=\"false\" placeholder=\"\" value=\"\" type=\"text\" name=\"your-subject\" \/><\/span>\n\t\t\t<\/p>\n\t\t<\/div>\n\t\t<div class=\"col medium-12 large-12 small-12\">\n\t\t\t<p><label>How can we help you? Feel free to get in touch!<\/label><span class=\"wpcf7-form-control-wrap\" data-name=\"your-message\"><textarea cols=\"40\" rows=\"10\" class=\"wpcf7-form-control wpcf7-textarea\" aria-invalid=\"false\" placeholder=\"\" name=\"your-message\"><\/textarea><\/span>\n\t\t\t<\/p>\n\t\t<\/div>\n\t\t<div class=\"col medium-12 large-12 small-12\" style=\" margin-bottom: 15px; \">\n\t\t<span class=\"wpcf7-form-control-wrap recaptcha\" data-name=\"recaptcha\"><span data-sitekey=\"6LcmIi4jAAAAALRyBiTZKuQmujk-4UAed5ONvJpA\" class=\"wpcf7-form-control g-recaptcha wpcf7-recaptcha\"><\/span>\r\n<noscript>\r\n\t<div class=\"grecaptcha-noscript\">\r\n\t\t<iframe src=\"https:\/\/www.google.com\/recaptcha\/api\/fallback?k=6LcmIi4jAAAAALRyBiTZKuQmujk-4UAed5ONvJpA\" frameborder=\"0\" scrolling=\"no\" width=\"310\" height=\"430\">\r\n\t\t<\/iframe>\r\n\t\t<textarea name=\"g-recaptcha-response\" rows=\"3\" cols=\"40\" placeholder=\"reCaptcha Response Here\">\r\n\t\t<\/textarea>\r\n\t<\/div>\r\n<\/noscript>\r\n<\/span>\n\t\t<\/div>\n\t\t<div class=\"col medium-12 large-12 small-12 form-button style-white\">\n\t\t\t<p><span class=\"wrapper-btn-submit\"><input class=\"wpcf7-form-control has-spinner wpcf7-submit button\" type=\"submit\" value=\"Send Us\" \/><\/span>\n\t\t\t<\/p>\n\t\t<\/div>\n\t<\/div>\n<\/div><div class=\"wpcf7-response-output\" aria-hidden=\"true\"><\/div>\n<\/form>\n<\/div>\n\t\t\t\t\t\t<\/div>\n\t\t\t\t<\/div>\n\t\t\t\t\t<\/div>\n\t\t<\/div>\n\t\t\t\t\t\t\t<\/div>\n\t\t<\/section>\n\t\t\t\t\t<\/div>\n\t\t<\/div>\n\t\t\t\t<div class=\"elementor-column elementor-col-50 elementor-top-column elementor-element elementor-element-28f0e9a4\" data-id=\"28f0e9a4\" data-element_type=\"column\" data-settings=\"{&quot;background_background&quot;:&quot;classic&quot;}\">\n\t\t\t<div class=\"elementor-widget-wrap elementor-element-populated\">\n\t\t\t\t\t\t\t\t<div class=\"elementor-element elementor-element-4f386d0a elementor-hidden-desktop elementor-hidden-tablet elementor-widget elementor-widget-image\" data-id=\"4f386d0a\" data-element_type=\"widget\" data-widget_type=\"image.default\">\n\t\t\t\t<div class=\"elementor-widget-container\">\n\t\t\t\t\t\t\t\t\t\t\t\t\t\t\t<img decoding=\"async\" width=\"1000\" height=\"633\" src=\"https:\/\/aetc.com.au\/wp-content\/uploads\/2022\/12\/contact-service-image.jpg\" class=\"attachment-full size-full wp-image-1286\" alt=\"\" srcset=\"https:\/\/aetc.com.au\/wp-content\/uploads\/2022\/12\/contact-service-image.jpg 1000w, https:\/\/aetc.com.au\/wp-content\/uploads\/2022\/12\/contact-service-image-300x190.jpg 300w, https:\/\/aetc.com.au\/wp-content\/uploads\/2022\/12\/contact-service-image-768x486.jpg 768w\" sizes=\"(max-width: 1000px) 100vw, 1000px\" \/>\t\t\t\t\t\t\t\t\t\t\t\t\t\t\t<\/div>\n\t\t\t\t<\/div>\n\t\t\t\t\t<\/div>\n\t\t<\/div>\n\t\t\t\t\t\t\t<\/div>\n\t\t<\/section>\n\t\t\t\t\t\t<\/div>\n\t\t\t\t<\/div>\n\t\t\t\t<\/div>\n\t\t\t\t<\/div>\n\t\t\t\t\t<\/div>\n\t\t<\/div>\n\t\t\t\t\t\t\t<\/div>\n\t\t<\/section>\n\t\t\t\t\t\t\t<\/div>\n\t\t","protected":false},"excerpt":{"rendered":"<p>Gi\u00e1o D\u1ee5c Home D\u1ecbch V\u1ee5 Gi\u00e1o D\u1ee5c Gi\u00e1o D\u1ee5c AETC l\u00e0 m\u1ed9t \u0111\u1ea1i l\u00fd gi\u00e1o d\u1ee5c cho nhi\u1ec1u tr\u01b0\u1eddng \u0111\u1ea1i h\u1ecdc v\u00e0 vi\u1ec7n nghi\u00ean c\u1ee9u c\u1ee7a \u00dac. Ch\u00fang t\u00f4i c\u00f3 th\u1ec3 h\u1ed7 tr\u1ee3 v\u1edbi vi\u1ec7c s\u1eafp x\u1ebfp kh\u00f3a h\u1ecdc, thay \u0111\u1ed5i c\u00e1c kh\u00f3a h\u1ecdc ho\u1eb7c tr\u01b0\u1eddng \u0111\u1ea1i h\u1ecdc. \u00dac cung c\u1ea5p c\u00e1c l\u1ef1a ch\u1ecdn h\u1ecdc [&hellip;]<\/p>\n","protected":false},"author":1,"featured_media":0,"parent":0,"menu_order":24,"comment_status":"closed","ping_status":"closed","template":"elementor_header_footer","meta":{"footnotes":""},"class_list":["post-1431","page","type-page","status-publish","hentry"],"acf":[],"_links":{"self":[{"href":"https:\/\/aetc.com.au\/vi\/wp-json\/wp\/v2\/pages\/1431","targetHints":{"allow":["GET"]}}],"collection":[{"href":"https:\/\/aetc.com.au\/vi\/wp-json\/wp\/v2\/pages"}],"about":[{"href":"https:\/\/aetc.com.au\/vi\/wp-json\/wp\/v2\/types\/page"}],"author":[{"embeddable":true,"href":"https:\/\/aetc.com.au\/vi\/wp-json\/wp\/v2\/users\/1"}],"replies":[{"embeddable":true,"href":"https:\/\/aetc.com.au\/vi\/wp-json\/wp\/v2\/comments?post=1431"}],"version-history":[{"count":11,"href":"https:\/\/aetc.com.au\/vi\/wp-json\/wp\/v2\/pages\/1431\/revisions"}],"predecessor-version":[{"id":1712,"href":"https:\/\/aetc.com.au\/vi\/wp-json\/wp\/v2\/pages\/1431\/revisions\/1712"}],"wp:attachment":[{"href":"https:\/\/aetc.com.au\/vi\/wp-json\/wp\/v2\/media?parent=1431"}],"curies":[{"name":"wp","href":"https:\/\/api.w.org\/{rel}","templated":true}]}}