{"id":1422,"date":"2022-12-07T12:21:36","date_gmt":"2022-12-07T12:21:36","guid":{"rendered":"https:\/\/aetc.com.au\/about-us\/"},"modified":"2022-12-22T03:59:13","modified_gmt":"2022-12-22T03:59:13","slug":"about-us","status":"publish","type":"page","link":"https:\/\/aetc.com.au\/vi\/about-us\/","title":{"rendered":"V\u1ec1 AETC"},"content":{"rendered":"\t\t<div data-elementor-type=\"wp-page\" data-elementor-id=\"1422\" class=\"elementor elementor-1422 elementor-634\">\n\t\t\t\t\t\t\t\t\t<section class=\"elementor-section elementor-top-section elementor-element elementor-element-7c94104 elementor-section-full_width elementor-section-height-default elementor-section-height-default\" data-id=\"7c94104\" data-element_type=\"section\">\n\t\t\t\t\t\t<div class=\"elementor-container elementor-column-gap-no\">\n\t\t\t\t\t<div class=\"elementor-column elementor-col-100 elementor-top-column elementor-element elementor-element-054ce47\" data-id=\"054ce47\" data-element_type=\"column\">\n\t\t\t<div class=\"elementor-widget-wrap elementor-element-populated\">\n\t\t\t\t\t\t\t\t<div class=\"elementor-element elementor-element-f61de71 elementor-widget elementor-widget-page-breadcrumbs\" data-id=\"f61de71\" data-element_type=\"widget\" data-widget_type=\"page-breadcrumbs.default\">\n\t\t\t\t<div class=\"elementor-widget-container\">\n\t\t\t\t\t\r\n\t\t<div class=\"sitepath clearfix\" style=\"background-image: url(https:\/\/aetc.com.au\/wp-content\/uploads\/2022\/12\/banner-About-Us.jpg)\" >\r\n\t  \t\t<div class=\"container clearfix\" style=\"max-width: 1350px;\">\r\n\t        <div class=\"wrapper-breacome\">\r\n\t          <div class=\"inner-bre\">\r\n\t      \t\t\t<div class=\"sitepath-l\">\r\n\t      \t\t\t\t<h1>\r\n\t      \t\t\t\t\t<span>\r\n\t      \t\t\t\t\t\t\r\n\t      \t\t\t\t\t\t\t\t\t\t      \t\t\t\tV\u1ec1 AETC\t\t\t\t      \t\t\t\t\r\n      \t\t\t\t\t\t<\/span>\r\n\t      \t\t\t\t<\/h1>\r\n\t      \t\t\t<\/div>\r\n\t      \t\t\t<div class=\"sitepath-r\">\r\n\t      \t\t\t\t\t\t      \t\t\t\t<ul class=\"breadcrumbs\"><li><a href=\"https:\/\/aetc.com.au\/vi\/\">Home<\/a><\/li><li class=\"current\">Page<\/li><\/ul>\t\t      \t\t\t\t\r\n\t\t      \t\t\t\t      \t\t\t<\/div>\r\n\t          <\/div>\r\n\t        <\/div>\r\n\t  \t\t<\/div>\r\n\t\t<\/div>\r\n\t\t\t\t<\/div>\n\t\t\t\t<\/div>\n\t\t\t\t\t<\/div>\n\t\t<\/div>\n\t\t\t\t\t\t\t<\/div>\n\t\t<\/section>\n\t\t\t\t<section class=\"elementor-section elementor-top-section elementor-element elementor-element-4c50ec0 elementor-section-content-top elementor-section-boxed elementor-section-height-default elementor-section-height-default\" data-id=\"4c50ec0\" data-element_type=\"section\">\n\t\t\t\t\t\t<div class=\"elementor-container elementor-column-gap-extended\">\n\t\t\t\t\t<div class=\"elementor-column elementor-col-50 elementor-top-column elementor-element elementor-element-1a7687e\" data-id=\"1a7687e\" data-element_type=\"column\">\n\t\t\t<div class=\"elementor-widget-wrap elementor-element-populated\">\n\t\t\t\t\t\t\t\t<div class=\"elementor-element elementor-element-2a42eee elementor-widget elementor-widget-heading\" data-id=\"2a42eee\" data-element_type=\"widget\" data-widget_type=\"heading.default\">\n\t\t\t\t<div class=\"elementor-widget-container\">\n\t\t\t<h2 class=\"elementor-heading-title elementor-size-default\">AETC Consulting Group<\/h2>\t\t<\/div>\n\t\t\t\t<\/div>\n\t\t\t\t<div class=\"elementor-element elementor-element-b2a4858 mb0 elementor-widget elementor-widget-text-editor\" data-id=\"b2a4858\" data-element_type=\"widget\" data-widget_type=\"text-editor.default\">\n\t\t\t\t<div class=\"elementor-widget-container\">\n\t\t\t\t\t\t\t<p>AETC Consulting Group Pty Ltd (tr\u01b0\u1edbc \u0111\u00e2y l\u00e0 ETC) \u0111\u01b0\u1ee3c th\u00e0nh l\u1eadp v\u00e0o n\u0103m 2004. Ch\u00fang t\u00f4i chuy\u00ean v\u1ec1 Kinh doanh &amp; \u0110\u1ea7u t\u01b0, di\u1ec7n Tay Ngh\u1ec1, Gia \u0111\u00ecnh, Du l\u1ecbch v\u00e0 visa du h\u1ecdc. Ch\u00fang t\u00f4i c\u0169ng l\u00e0 \u0111\u1ea1i di\u1ec7n cho nhi\u1ec1u tr\u01b0\u1eddng \u0111\u1ea1i h\u1ecdc, vi\u1ec7n nghi\u00ean c\u1ee9u c\u1ee7a \u00dac. Ch\u00fang t\u00f4i cung c\u1ea5p b\u1ea3o hi\u1ec3m du l\u1ecbch v\u00e0 b\u1ea3o hi\u1ec3m y t\u1ebf d\u00e0nh cho du h\u1ecdc sinh.<\/p><p>Ch\u00fang t\u00f4i chuy\u00ean v\u1ec1 visa v\u00e0 nh\u1eadp c\u01b0 cho c\u00e1c kh\u00e1ch h\u00e0ng trong v\u00e0 ngo\u00e0i n\u01b0\u1edbc, c\u1ea3 t\u01b0 nh\u00e2n v\u00e0 doanh nghi\u1ec7p. Ch\u00fang t\u00f4i bao g\u1ed3m m\u1ed9t \u0111\u1ed9i ng\u0169 c\u00e1c chuy\u00ean gia v\u00e0 lu\u1eadt s\u01b0 di tr\u00fa c\u00f3 gi\u00e0u kinh nghi\u1ec7m \u0111\u1ec3 \u0111\u00e1nh gi\u00e1 \u0111\u1ea7y \u0111\u1ee7 c\u00e1c chi ti\u1ebft l\u1ef1a ch\u1ecdn visa c\u1ee7a b\u1ea1n v\u00e0 h\u01b0\u1edbng d\u1eabn b\u1ea1n trong to\u00e0n b\u1ed9 qu\u00e1 tr\u00ecnh xin visa.<\/p><p>Lu\u1eadt nh\u1eadp c\u01b0 \u00dac r\u1ea5t ph\u1ee9c t\u1ea1p. Ch\u00fang t\u00f4i li\u00ean t\u1ee5c tu nghi\u1ec7p \u0111\u1ec3 duy tr\u00ec ti\u00eau chu\u1ea9n cao v\u1ec1 ch\u00ednh s\u00e1ch nh\u1eadp c\u01b0 \u00dac v\u00e0 chuy\u00ean m\u00f4n ph\u00e1p lu\u1eadt. Ph\u01b0\u01a1ng ch\u00e2m c\u1ee7a ch\u00fang t\u00f4i l\u00e0 cung c\u1ea5p d\u1ecbch v\u1ee5 t\u1ed1t nh\u1ea5t v\u1edbi th\u00e0nh c\u00f4ng cao v\u00e0 ti\u1ebft ki\u1ec7m chi ph\u00ed.<\/p>\t\t\t\t\t\t<\/div>\n\t\t\t\t<\/div>\n\t\t\t\t\t<\/div>\n\t\t<\/div>\n\t\t\t\t<div class=\"elementor-column elementor-col-50 elementor-top-column elementor-element elementor-element-4ac325a\" data-id=\"4ac325a\" data-element_type=\"column\">\n\t\t\t<div class=\"elementor-widget-wrap elementor-element-populated\">\n\t\t\t\t\t\t\t\t<div class=\"elementor-element elementor-element-c28f1cb elementor-widget elementor-widget-image\" data-id=\"c28f1cb\" data-element_type=\"widget\" data-widget_type=\"image.default\">\n\t\t\t\t<div class=\"elementor-widget-container\">\n\t\t\t\t\t\t\t\t\t\t\t\t\t\t\t<img decoding=\"async\" width=\"652\" height=\"618\" src=\"https:\/\/aetc.com.au\/wp-content\/uploads\/2022\/12\/image-About-Us.jpg\" class=\"attachment-full size-full wp-image-1283\" alt=\"\" srcset=\"https:\/\/aetc.com.au\/wp-content\/uploads\/2022\/12\/image-About-Us.jpg 652w, https:\/\/aetc.com.au\/wp-content\/uploads\/2022\/12\/image-About-Us-300x284.jpg 300w\" sizes=\"(max-width: 652px) 100vw, 652px\" \/>\t\t\t\t\t\t\t\t\t\t\t\t\t\t\t<\/div>\n\t\t\t\t<\/div>\n\t\t\t\t\t<\/div>\n\t\t<\/div>\n\t\t\t\t\t\t\t<\/div>\n\t\t<\/section>\n\t\t\t\t\t\t\t<\/div>\n\t\t","protected":false},"excerpt":{"rendered":"<p>V\u1ec0 AETC Home Page AETC Consulting Group AETC Consulting Group Pty Ltd (tr\u01b0\u1edbc \u0111\u00e2y l\u00e0 ETC) \u0111\u01b0\u1ee3c th\u00e0nh l\u1eadp v\u00e0o n\u0103m 2004. Ch\u00fang t\u00f4i chuy\u00ean v\u1ec1 Kinh doanh &amp; \u0110\u1ea7u t\u01b0, di\u1ec7n Tay Ngh\u1ec1, Gia \u0111\u00ecnh, Du l\u1ecbch v\u00e0 visa du h\u1ecdc. Ch\u00fang t\u00f4i c\u0169ng l\u00e0 \u0111\u1ea1i di\u1ec7n cho nhi\u1ec1u tr\u01b0\u1eddng \u0111\u1ea1i h\u1ecdc, vi\u1ec7n nghi\u00ean [&hellip;]<\/p>\n","protected":false},"author":1,"featured_media":0,"parent":0,"menu_order":5,"comment_status":"closed","ping_status":"closed","template":"elementor_header_footer","meta":{"footnotes":""},"class_list":["post-1422","page","type-page","status-publish","hentry"],"acf":[],"_links":{"self":[{"href":"https:\/\/aetc.com.au\/vi\/wp-json\/wp\/v2\/pages\/1422","targetHints":{"allow":["GET"]}}],"collection":[{"href":"https:\/\/aetc.com.au\/vi\/wp-json\/wp\/v2\/pages"}],"about":[{"href":"https:\/\/aetc.com.au\/vi\/wp-json\/wp\/v2\/types\/page"}],"author":[{"embeddable":true,"href":"https:\/\/aetc.com.au\/vi\/wp-json\/wp\/v2\/users\/1"}],"replies":[{"embeddable":true,"href":"https:\/\/aetc.com.au\/vi\/wp-json\/wp\/v2\/comments?post=1422"}],"version-history":[{"count":7,"href":"https:\/\/aetc.com.au\/vi\/wp-json\/wp\/v2\/pages\/1422\/revisions"}],"predecessor-version":[{"id":1776,"href":"https:\/\/aetc.com.au\/vi\/wp-json\/wp\/v2\/pages\/1422\/revisions\/1776"}],"wp:attachment":[{"href":"https:\/\/aetc.com.au\/vi\/wp-json\/wp\/v2\/media?parent=1422"}],"curies":[{"name":"wp","href":"https:\/\/api.w.org\/{rel}","templated":true}]}}